{"id":994,"date":"2020-06-21T13:22:09","date_gmt":"2020-06-21T13:22:09","guid":{"rendered":"http:\/\/irmasdoroteias.pt\/?page_id=994"},"modified":"2020-06-21T16:37:57","modified_gmt":"2020-06-21T16:37:57","slug":"juventude-missionaria-doroteia","status":"publish","type":"page","link":"https:\/\/irmasdoroteias.pt\/?page_id=994","title":{"rendered":"JUVENTUDE MISSION\u00c1RIA DOROTEIA"},"content":{"rendered":"\n<h2 class=\"wp-block-heading\"><strong>MISS\u00c3O AD GENTES<\/strong><\/h2>\n\n\n\n<h5 class=\"wp-block-heading\">Objetivos:<\/h5>\n\n\n\n<ul><li>Confrontar-se com o mundo tal como est\u00e1 e o projeto de Deus<\/li><li>Suscitar desejos de compromisso com a miss\u00e3o de Jesus num contexto de diversidade cultural<\/li><li>Ser disc\u00edpulos de Jesus ao jeito de Santa Paula Frassinetti numa realidade de maior pobreza<\/li><\/ul>\n\n\n\n<h5 class=\"wp-block-heading\">Como integrar a Juventude Mission\u00e1ria Doroteia?<\/h5>\n\n\n\n<ul><li>Ser leigo crist\u00e3o com desejo de crescer na f\u00e9<\/li><li>Ter entre 20 e 35 anos de idade<\/li><li>Sa\u00fade f\u00edsica, mental e maturidade humana adequada \u00e0 idade<\/li><li>Capacidade de vida comunit\u00e1ria na sobriedade e na gratuidade<\/li><li>Disponibilidade para frequentar a forma\u00e7\u00e3o durante um ano<\/li><\/ul>\n\n\n\n<div class=\"ghostkit-video\" data-video-type=\"yt_vm_video\" data-video=\"https:\/\/www.youtube.com\/watch?v=nQhWWWFdWls&amp;t=8s\" data-video-aspect-ratio=\"16:9\" data-video-volume=\"100\" data-click-action=\"plain\"><div class=\"ghostkit-video-play-icon\"><svg class=\"ghostkit-svg-icon\" width=\"24\" height=\"24\" viewBox=\"0 0 24 24\" fill=\"none\" xmlns=\"http:\/\/www.w3.org\/2000\/svg\"><path d=\"M5 4.83167C5 4.0405 5.87525 3.56266 6.54076 3.99049L17.6915 11.1588C18.3038 11.5525 18.3038 12.4475 17.6915 12.8412L6.54076 20.0095C5.87525 20.4373 5 19.9595 5 19.1683V4.83167Z\" fill=\"currentColor\" stroke=\"currentColor\" stroke-width=\"1.5\" stroke-linecap=\"round\" stroke-linejoin=\"round\"\/><\/svg><\/div><div class=\"ghostkit-video-loading-icon\"><span class=\"ghostkit-svg-icon ghostkit-icon-spinner\"><\/span><\/div><\/div>\n\n\n\n<h5 class=\"wp-block-heading\"><strong>Para mais informa\u00e7\u00f5es:<\/strong><\/h5>\n\n\n\n<ul><li>Equipa de Pastoral Juvenil Vocacional<\/li><li>Alameda das Linhas Torres, n.2_1750-146 Lisboa<\/li><li>Email: juventudedoroteia@irmasdoroteias.pt<\/li><\/ul>\n","protected":false},"excerpt":{"rendered":"<p>MISS\u00c3O AD GENTES Objetivos: Confrontar-se com o mundo tal como est\u00e1 e o projeto de Deus Suscitar desejos de compromisso com a miss\u00e3o de Jesus num contexto de diversidade cultural Ser disc\u00edpulos de Jesus ao jeito de Santa Paula Frassinetti numa realidade de maior pobreza Como integrar a Juventude Mission\u00e1ria Doroteia? Ser leigo crist\u00e3o com [&hellip;]<\/p>\n","protected":false},"author":1,"featured_media":1000,"parent":778,"menu_order":0,"comment_status":"closed","ping_status":"closed","template":"","meta":{"_uag_custom_page_level_css":"","ghostkit_customizer_options":"","ghostkit_custom_css":"","ghostkit_custom_js_head":"","ghostkit_custom_js_foot":"","ghostkit_typography":""},"uagb_featured_image_src":{"full":["https:\/\/irmasdoroteias.pt\/wp-content\/uploads\/2020\/06\/Logo_JMD.jpg",384,256,false],"thumbnail":["https:\/\/irmasdoroteias.pt\/wp-content\/uploads\/2020\/06\/Logo_JMD.jpg",150,100,false],"medium":["https:\/\/irmasdoroteias.pt\/wp-content\/uploads\/2020\/06\/Logo_JMD-300x200.jpg",300,200,true],"medium_large":["https:\/\/irmasdoroteias.pt\/wp-content\/uploads\/2020\/06\/Logo_JMD.jpg",384,256,false],"large":["https:\/\/irmasdoroteias.pt\/wp-content\/uploads\/2020\/06\/Logo_JMD.jpg",384,256,false],"1536x1536":["https:\/\/irmasdoroteias.pt\/wp-content\/uploads\/2020\/06\/Logo_JMD.jpg",384,256,false],"2048x2048":["https:\/\/irmasdoroteias.pt\/wp-content\/uploads\/2020\/06\/Logo_JMD.jpg",384,256,false]},"uagb_author_info":{"display_name":"Irm\u00e3s Doroteias","author_link":"https:\/\/irmasdoroteias.pt\/?author=1"},"uagb_comment_info":0,"uagb_excerpt":"MISS\u00c3O AD GENTES Objetivos: Confrontar-se com o mundo tal como est\u00e1 e o projeto de Deus Suscitar desejos de compromisso com a miss\u00e3o de Jesus num contexto de diversidade cultural Ser disc\u00edpulos de Jesus ao jeito de Santa Paula Frassinetti numa realidade de maior pobreza Como integrar a Juventude Mission\u00e1ria Doroteia? Ser leigo crist\u00e3o com&hellip;","rttpg_featured_image_url":{"full":["https:\/\/irmasdoroteias.pt\/wp-content\/uploads\/2020\/06\/Logo_JMD.jpg",384,256,false],"landscape":["https:\/\/irmasdoroteias.pt\/wp-content\/uploads\/2020\/06\/Logo_JMD.jpg",384,256,false],"portraits":["https:\/\/irmasdoroteias.pt\/wp-content\/uploads\/2020\/06\/Logo_JMD.jpg",384,256,false],"thumbnail":["https:\/\/irmasdoroteias.pt\/wp-content\/uploads\/2020\/06\/Logo_JMD.jpg",150,100,false],"medium":["https:\/\/irmasdoroteias.pt\/wp-content\/uploads\/2020\/06\/Logo_JMD-300x200.jpg",300,200,true],"medium_large":["https:\/\/irmasdoroteias.pt\/wp-content\/uploads\/2020\/06\/Logo_JMD.jpg",384,256,false],"large":["https:\/\/irmasdoroteias.pt\/wp-content\/uploads\/2020\/06\/Logo_JMD.jpg",384,256,false],"1536x1536":["https:\/\/irmasdoroteias.pt\/wp-content\/uploads\/2020\/06\/Logo_JMD.jpg",384,256,false],"2048x2048":["https:\/\/irmasdoroteias.pt\/wp-content\/uploads\/2020\/06\/Logo_JMD.jpg",384,256,false]},"rttpg_author":{"display_name":"Irm\u00e3s Doroteias","author_link":"https:\/\/irmasdoroteias.pt\/?author=1"},"rttpg_comment":0,"rttpg_category":null,"rttpg_excerpt":"MISS\u00c3O AD GENTES Objetivos: Confrontar-se com o mundo tal como est\u00e1 e o projeto de Deus Suscitar desejos de compromisso com a miss\u00e3o de Jesus num contexto de diversidade cultural Ser disc\u00edpulos de Jesus ao jeito de Santa Paula Frassinetti numa realidade de maior pobreza Como integrar a Juventude Mission\u00e1ria Doroteia? Ser leigo crist\u00e3o com&hellip;","post_mailing_queue_ids":[],"_links":{"self":[{"href":"https:\/\/irmasdoroteias.pt\/index.php?rest_route=\/wp\/v2\/pages\/994"}],"collection":[{"href":"https:\/\/irmasdoroteias.pt\/index.php?rest_route=\/wp\/v2\/pages"}],"about":[{"href":"https:\/\/irmasdoroteias.pt\/index.php?rest_route=\/wp\/v2\/types\/page"}],"author":[{"embeddable":true,"href":"https:\/\/irmasdoroteias.pt\/index.php?rest_route=\/wp\/v2\/users\/1"}],"replies":[{"embeddable":true,"href":"https:\/\/irmasdoroteias.pt\/index.php?rest_route=%2Fwp%2Fv2%2Fcomments&post=994"}],"version-history":[{"count":0,"href":"https:\/\/irmasdoroteias.pt\/index.php?rest_route=\/wp\/v2\/pages\/994\/revisions"}],"up":[{"embeddable":true,"href":"https:\/\/irmasdoroteias.pt\/index.php?rest_route=\/wp\/v2\/pages\/778"}],"wp:featuredmedia":[{"embeddable":true,"href":"https:\/\/irmasdoroteias.pt\/index.php?rest_route=\/wp\/v2\/media\/1000"}],"wp:attachment":[{"href":"https:\/\/irmasdoroteias.pt\/index.php?rest_route=%2Fwp%2Fv2%2Fmedia&parent=994"}],"curies":[{"name":"wp","href":"https:\/\/api.w.org\/{rel}","templated":true}]}}