{"id":971,"date":"2020-06-21T12:24:48","date_gmt":"2020-06-21T12:24:48","guid":{"rendered":"http:\/\/irmasdoroteias.pt\/?page_id=971"},"modified":"2020-06-21T12:39:24","modified_gmt":"2020-06-21T12:39:24","slug":"casa-de-espiritualidade-paula-frassinetti-sardao","status":"publish","type":"page","link":"https:\/\/irmasdoroteias.pt\/?page_id=971","title":{"rendered":"CASA DE ESPIRITUALIDADE PAULA FRASSINETTI &#8211; SARD\u00c3O"},"content":{"rendered":"\n<div class=\"ghostkit-grid ghostkit-grid-gap-md\"><div class=\"ghostkit-grid-inner\">\n<div class=\"ghostkit-col ghostkit-col-md-12 ghostkit-col-6\"><div class=\"ghostkit-col-content\">\n<h4 class=\"wp-block-heading\">A CASA<\/h4>\n\n\n\n<p>A Casa de Espiritualidade Paula Frassinetti &#8211; Sard\u00e3o (CES), situada na Quinta do Col\u00e9gio do Sard\u00e3o, no Concelho de Oliveira do Douro, disp\u00f5e dum amplo espa\u00e7o que oferece um singular encontro entre a natureza, agricultura e espiritualidade crist\u00e3s.<\/p>\n\n\n\n<p>A CES \u00e9 um espa\u00e7o aberto a todas as pessoas que desejem parar, num ambiente de sil\u00eancio e contempla\u00e7\u00e3o.<\/p>\n\n\n\n<p>Acolhe grupos que queiram fazer Retiros em fins de semana, ou Exerc\u00edcios Espirituais de Sto In\u00e1cio de 3, 4 ou 8 dias. Tamb\u00e9m \u00e9 excelente para grupos ou pessoas que queiram passar um dia em Ora\u00e7\u00e3o, ou reflex\u00e3o.<\/p>\n\n\n\n<p>Tanto \u00e9 procurada por grupos de Catequese- Par\u00f3quias- como por Escolas, grupos de CXV, de Casais,\u2026 para dinamizar um dia de Reflex\u00e3o. Grupos de Yoga tamb\u00e9m encontram aqui o espa\u00e7o ideal para fazer retiro.<\/p>\n\n\n\n<p>Oferece Exerc\u00edcios Espirituais e Acompanhamento Espiritual a quem o desejar.<\/p>\n\n\n\n<h5 class=\"wp-block-heading\">Informa\u00e7\u00f5es<\/h5>\n\n\n\n<ul><li>Rua Col\u00e9gio do Sard\u00e3o, n\u00ba 365&nbsp;\u2013 4430-361 Vila Nova de Gaia<\/li><li>Telefone \u2013 227826650 \/ 227820566<\/li><li>Email \u2013 casaretiros.sardao@gmail.com<\/li><\/ul>\n\n\n\n<div class=\"wp-block-group\"><div class=\"wp-block-group__inner-container is-layout-flow\">\n<div class=\"wp-block-columns is-layout-flex wp-container-3\">\n<div class=\"wp-block-column is-layout-flow\">\n<p class=\"has-text-align-right\">Siga-nos em:<\/p>\n<\/div>\n\n\n\n<div class=\"wp-block-column is-layout-flow\">\n<figure class=\"wp-block-image size-medium is-resized\"><a href=\"https:\/\/www.facebook.com\/Casa-Espiritualidade-Paula-Frassinetti-130263161065583\/\" target=\"_blank\" rel=\"noopener noreferrer\"><img decoding=\"async\" loading=\"lazy\" src=\"http:\/\/irmasdoroteias.pt\/wp-content\/uploads\/2020\/06\/facebook-300x113.jpg\" alt=\"\" class=\"wp-image-689\" width=\"150\" height=\"57\"\/><\/a><\/figure>\n<\/div>\n<\/div>\n<\/div><\/div>\n\n\n\n<p><\/p>\n<\/div><\/div>\n\n\n\n<div class=\"ghostkit-col ghostkit-col-md-12 ghostkit-col-6\"><div class=\"ghostkit-col-content\">\n<div class=\"wp-block-columns is-layout-flex wp-container-7\">\n<div class=\"wp-block-column is-layout-flow\">\n<figure class=\"wp-block-image size-large\"><img decoding=\"async\" loading=\"lazy\" width=\"2048\" height=\"1536\" src=\"http:\/\/irmasdoroteias.pt\/wp-content\/uploads\/2020\/06\/22859709_130462877712278_5413546806642372218_o.jpg\" alt=\"\" class=\"wp-image-977\"\/><\/figure>\n\n\n\n<figure class=\"wp-block-image size-large\"><img decoding=\"async\" loading=\"lazy\" width=\"1224\" height=\"1848\" src=\"http:\/\/irmasdoroteias.pt\/wp-content\/uploads\/2020\/06\/27907684_189043521854213_2704215940164551895_o.jpg\" alt=\"\" class=\"wp-image-981\"\/><\/figure>\n\n\n\n<figure class=\"wp-block-image size-large\"><img decoding=\"async\" loading=\"lazy\" width=\"1824\" height=\"1368\" src=\"http:\/\/irmasdoroteias.pt\/wp-content\/uploads\/2020\/06\/37779592_285865208838710_4198855492807688192_o.jpg\" alt=\"\" class=\"wp-image-982\"\/><\/figure>\n\n\n\n<figure class=\"wp-block-image size-large\"><img decoding=\"async\" loading=\"lazy\" width=\"960\" height=\"1280\" src=\"http:\/\/irmasdoroteias.pt\/wp-content\/uploads\/2020\/06\/76710899_580590706032824_6498791526125010944_o.jpg\" alt=\"\" class=\"wp-image-986\"\/><\/figure>\n\n\n\n<figure class=\"wp-block-image size-large\"><img decoding=\"async\" loading=\"lazy\" width=\"1500\" height=\"2000\" src=\"http:\/\/irmasdoroteias.pt\/wp-content\/uploads\/2020\/06\/94127911_692274161531144_4837392163354443776_o.jpg\" alt=\"\" class=\"wp-image-987\"\/><\/figure>\n\n\n\n<figure class=\"wp-block-image size-large\"><img decoding=\"async\" loading=\"lazy\" width=\"1500\" height=\"2000\" src=\"http:\/\/irmasdoroteias.pt\/wp-content\/uploads\/2020\/06\/94259055_692274494864444_6287147301693554688_o.jpg\" alt=\"\" class=\"wp-image-989\"\/><\/figure>\n<\/div>\n\n\n\n<div class=\"wp-block-column is-layout-flow\">\n<figure class=\"wp-block-image size-large\"><img decoding=\"async\" loading=\"lazy\" width=\"2048\" height=\"1536\" src=\"http:\/\/irmasdoroteias.pt\/wp-content\/uploads\/2020\/06\/22792255_130461777712388_309324847651088957_o.jpg\" alt=\"\" class=\"wp-image-975\"\/><\/figure>\n\n\n\n<figure class=\"wp-block-image size-large\"><img decoding=\"async\" loading=\"lazy\" width=\"1536\" height=\"2048\" src=\"http:\/\/irmasdoroteias.pt\/wp-content\/uploads\/2020\/06\/22829130_130481727710393_1159076541496356582_o.jpg\" alt=\"\" class=\"wp-image-978\"\/><\/figure>\n\n\n\n<figure class=\"wp-block-image size-large\"><img decoding=\"async\" loading=\"lazy\" width=\"896\" height=\"960\" src=\"http:\/\/irmasdoroteias.pt\/wp-content\/uploads\/2020\/06\/67145768_491739951584567_2809200600640651264_n.jpg\" alt=\"\" class=\"wp-image-984\"\/><\/figure>\n\n\n\n<figure class=\"wp-block-image size-large\"><img decoding=\"async\" loading=\"lazy\" width=\"720\" height=\"960\" src=\"http:\/\/irmasdoroteias.pt\/wp-content\/uploads\/2020\/06\/67389583_491739981584564_2540577579123867648_n.jpg\" alt=\"\" class=\"wp-image-985\"\/><\/figure>\n\n\n\n<figure class=\"wp-block-image size-large\"><img decoding=\"async\" loading=\"lazy\" width=\"1500\" height=\"2000\" src=\"http:\/\/irmasdoroteias.pt\/wp-content\/uploads\/2020\/06\/94711569_692274368197790_4340516197268193280_o.jpg\" alt=\"\" class=\"wp-image-988\"\/><\/figure>\n\n\n\n<figure class=\"wp-block-image size-large\"><img decoding=\"async\" loading=\"lazy\" width=\"2048\" height=\"1536\" src=\"http:\/\/irmasdoroteias.pt\/wp-content\/uploads\/2020\/06\/22769960_130491901042709_4127546866096659819_o.jpg\" alt=\"\" class=\"wp-image-980\"\/><\/figure>\n\n\n\n<figure class=\"wp-block-image size-large\"><img decoding=\"async\" loading=\"lazy\" width=\"1824\" height=\"1368\" src=\"http:\/\/irmasdoroteias.pt\/wp-content\/uploads\/2020\/06\/33526184_238073666951198_2399466780801105920_o.jpg\" alt=\"\" class=\"wp-image-990\"\/><\/figure>\n<\/div>\n<\/div>\n<\/div><\/div>\n<\/div><\/div>\n","protected":false},"excerpt":{"rendered":"","protected":false},"author":1,"featured_media":945,"parent":791,"menu_order":0,"comment_status":"closed","ping_status":"closed","template":"","meta":{"_uag_custom_page_level_css":"","ghostkit_customizer_options":"","ghostkit_custom_css":"","ghostkit_custom_js_head":"","ghostkit_custom_js_foot":"","ghostkit_typography":""},"uagb_featured_image_src":{"full":["https:\/\/irmasdoroteias.pt\/wp-content\/uploads\/2020\/06\/CES.jpg",384,256,false],"thumbnail":["https:\/\/irmasdoroteias.pt\/wp-content\/uploads\/2020\/06\/CES.jpg",150,100,false],"medium":["https:\/\/irmasdoroteias.pt\/wp-content\/uploads\/2020\/06\/CES-300x200.jpg",300,200,true],"medium_large":["https:\/\/irmasdoroteias.pt\/wp-content\/uploads\/2020\/06\/CES.jpg",384,256,false],"large":["https:\/\/irmasdoroteias.pt\/wp-content\/uploads\/2020\/06\/CES.jpg",384,256,false],"1536x1536":["https:\/\/irmasdoroteias.pt\/wp-content\/uploads\/2020\/06\/CES.jpg",384,256,false],"2048x2048":["https:\/\/irmasdoroteias.pt\/wp-content\/uploads\/2020\/06\/CES.jpg",384,256,false]},"uagb_author_info":{"display_name":"Irm\u00e3s Doroteias","author_link":"https:\/\/irmasdoroteias.pt\/?author=1"},"uagb_comment_info":0,"uagb_excerpt":null,"rttpg_featured_image_url":{"full":["https:\/\/irmasdoroteias.pt\/wp-content\/uploads\/2020\/06\/CES.jpg",384,256,false],"landscape":["https:\/\/irmasdoroteias.pt\/wp-content\/uploads\/2020\/06\/CES.jpg",384,256,false],"portraits":["https:\/\/irmasdoroteias.pt\/wp-content\/uploads\/2020\/06\/CES.jpg",384,256,false],"thumbnail":["https:\/\/irmasdoroteias.pt\/wp-content\/uploads\/2020\/06\/CES.jpg",150,100,false],"medium":["https:\/\/irmasdoroteias.pt\/wp-content\/uploads\/2020\/06\/CES-300x200.jpg",300,200,true],"medium_large":["https:\/\/irmasdoroteias.pt\/wp-content\/uploads\/2020\/06\/CES.jpg",384,256,false],"large":["https:\/\/irmasdoroteias.pt\/wp-content\/uploads\/2020\/06\/CES.jpg",384,256,false],"1536x1536":["https:\/\/irmasdoroteias.pt\/wp-content\/uploads\/2020\/06\/CES.jpg",384,256,false],"2048x2048":["https:\/\/irmasdoroteias.pt\/wp-content\/uploads\/2020\/06\/CES.jpg",384,256,false]},"rttpg_author":{"display_name":"Irm\u00e3s Doroteias","author_link":"https:\/\/irmasdoroteias.pt\/?author=1"},"rttpg_comment":0,"rttpg_category":null,"rttpg_excerpt":null,"post_mailing_queue_ids":[],"_links":{"self":[{"href":"https:\/\/irmasdoroteias.pt\/index.php?rest_route=\/wp\/v2\/pages\/971"}],"collection":[{"href":"https:\/\/irmasdoroteias.pt\/index.php?rest_route=\/wp\/v2\/pages"}],"about":[{"href":"https:\/\/irmasdoroteias.pt\/index.php?rest_route=\/wp\/v2\/types\/page"}],"author":[{"embeddable":true,"href":"https:\/\/irmasdoroteias.pt\/index.php?rest_route=\/wp\/v2\/users\/1"}],"replies":[{"embeddable":true,"href":"https:\/\/irmasdoroteias.pt\/index.php?rest_route=%2Fwp%2Fv2%2Fcomments&post=971"}],"version-history":[{"count":0,"href":"https:\/\/irmasdoroteias.pt\/index.php?rest_route=\/wp\/v2\/pages\/971\/revisions"}],"up":[{"embeddable":true,"href":"https:\/\/irmasdoroteias.pt\/index.php?rest_route=\/wp\/v2\/pages\/791"}],"wp:featuredmedia":[{"embeddable":true,"href":"https:\/\/irmasdoroteias.pt\/index.php?rest_route=\/wp\/v2\/media\/945"}],"wp:attachment":[{"href":"https:\/\/irmasdoroteias.pt\/index.php?rest_route=%2Fwp%2Fv2%2Fmedia&parent=971"}],"curies":[{"name":"wp","href":"https:\/\/api.w.org\/{rel}","templated":true}]}}