{"id":949,"date":"2020-06-21T12:14:39","date_gmt":"2020-06-21T12:14:39","guid":{"rendered":"http:\/\/irmasdoroteias.pt\/?page_id=949"},"modified":"2020-09-05T15:44:41","modified_gmt":"2020-09-05T15:44:41","slug":"casa-de-espiritualidade-do-linho","status":"publish","type":"page","link":"https:\/\/irmasdoroteias.pt\/?page_id=949","title":{"rendered":"CASA DE ESPIRITUALIDADE DO LINH\u00d3"},"content":{"rendered":"\n<h4 class=\"wp-block-heading\">A CASA<\/h4>\n\n\n\n<div class=\"ghostkit-grid ghostkit-grid-gap-md\"><div class=\"ghostkit-grid-inner\">\n<div class=\"ghostkit-col ghostkit-col-md-12 ghostkit-col-6\"><div class=\"ghostkit-col-content\">\n<p>A Casa de Espiritualidade do Linh\u00f3 (CEL), situada na Quinta da Fonte &#8211; Linh\u00f3, no Concelho de Sintra, disp\u00f5e dum amplo espa\u00e7o que oferece um singular encontro entre a natureza, agricultura e espiritualidade crist\u00e3s. Da quinta da Casa de Espitualidade do Linh\u00f3 tem-se uma vista deslumbrante sobre a paisagem natural da Serra de Sintra.<\/p>\n\n\n\n<p>A CEL disp\u00f5e de um espa\u00e7o e ambiente \u00fanicos capaz de satisfazer as mais diversas e exigentes atividades culturais e de forma\u00e7\u00e3o humana e espiritual.<\/p>\n\n\n\n<p>No interior s\u00e3o 4 as capelas, verdadeiros rec\u00f4nditos da intimidade com Deus. Na capela do Cora\u00e7\u00e3o de Jesus celebra-se a Eucaristia di\u00e1ria, inserida na unidade pastoral de Sintra.<\/p>\n\n\n\n<p>Na casa central, dispomos de <span class=\"has-inline-color has-very-dark-gray-color\"><strong>39<\/strong> <\/span>quartos (4 duplos)  e 2 sal\u00f5es com capacidade para 35 ou 80 pessoas.<\/p>\n\n\n\n<p>Na Casa de S. Jos\u00e9, dispomos de condi\u00e7\u00f5es para grupos at\u00e9 40 pessoas em regime de acantonamento, com 2 salas, cozinha, refeit\u00f3rio e 4 WC com 8 Duches.<\/p>\n\n\n\n<p>No exterior dispomos de 2 Espa\u00e7os Polivalentes: o Sal\u00e3o Mariana Danero para 100 pessoas, com 4 WC e 2 Duches e o Sal\u00e3o Teresa Albino para 120 pessoas, com o necess\u00e1rio para acolher grupos em regime de acantonamento.<\/p>\n\n\n\n<p>Na quinta oferecemos espa\u00e7os para  acampamento em terreno aberto.<\/p>\n\n\n\n<h5 class=\"wp-block-heading\"><strong>Informa\u00e7\u00f5es:<\/strong><\/h5>\n\n\n\n<ul><li>Avenida de Cascais, 398 \u2013 Quinta da Fonte \u2013 Linh\u00f3<\/li><li>Telefone -219 232 421<\/li><li>Email \u2013 linhodoroteias@gmail.com<\/li><\/ul>\n<\/div><\/div>\n\n\n\n<div class=\"ghostkit-col ghostkit-col-md-12 ghostkit-col-6\"><div class=\"ghostkit-col-content\">\n<figure class=\"wp-block-gallery columns-3 is-cropped wp-block-gallery-1 is-layout-flex\"><ul class=\"blocks-gallery-grid\"><li class=\"blocks-gallery-item\"><figure><img decoding=\"async\" loading=\"lazy\" width=\"2560\" height=\"1920\" src=\"http:\/\/irmasdoroteias.pt\/wp-content\/uploads\/2020\/06\/20200229_154254-scaled.jpg\" alt=\"\" data-id=\"958\" data-link=\"http:\/\/irmasdoroteias.pt\/?attachment_id=958\" class=\"wp-image-958\"\/><\/figure><\/li><li class=\"blocks-gallery-item\"><figure><img decoding=\"async\" loading=\"lazy\" width=\"1920\" height=\"2560\" src=\"http:\/\/irmasdoroteias.pt\/wp-content\/uploads\/2020\/06\/20200229_154305-scaled.jpg\" alt=\"\" data-id=\"959\" data-link=\"http:\/\/irmasdoroteias.pt\/?attachment_id=959\" class=\"wp-image-959\"\/><\/figure><\/li><li class=\"blocks-gallery-item\"><figure><img decoding=\"async\" loading=\"lazy\" width=\"2560\" height=\"1920\" src=\"http:\/\/irmasdoroteias.pt\/wp-content\/uploads\/2020\/06\/20200229_143513-scaled.jpg\" alt=\"\" data-id=\"954\" data-link=\"http:\/\/irmasdoroteias.pt\/?attachment_id=954\" class=\"wp-image-954\"\/><\/figure><\/li><li class=\"blocks-gallery-item\"><figure><img decoding=\"async\" loading=\"lazy\" width=\"2560\" height=\"1920\" src=\"http:\/\/irmasdoroteias.pt\/wp-content\/uploads\/2020\/06\/20200229_143248-scaled.jpg\" alt=\"\" data-id=\"953\" data-link=\"http:\/\/irmasdoroteias.pt\/?attachment_id=953\" class=\"wp-image-953\"\/><\/figure><\/li><li class=\"blocks-gallery-item\"><figure><img decoding=\"async\" loading=\"lazy\" width=\"1920\" height=\"2560\" src=\"http:\/\/irmasdoroteias.pt\/wp-content\/uploads\/2020\/06\/20200229_154336-scaled.jpg\" alt=\"\" data-id=\"960\" data-link=\"http:\/\/irmasdoroteias.pt\/?attachment_id=960\" class=\"wp-image-960\"\/><\/figure><\/li><li class=\"blocks-gallery-item\"><figure><img decoding=\"async\" loading=\"lazy\" width=\"1920\" height=\"2560\" src=\"http:\/\/irmasdoroteias.pt\/wp-content\/uploads\/2020\/06\/20200229_095617-scaled.jpg\" alt=\"\" data-id=\"951\" data-link=\"http:\/\/irmasdoroteias.pt\/?attachment_id=951\" class=\"wp-image-951\"\/><\/figure><\/li><li class=\"blocks-gallery-item\"><figure><img decoding=\"async\" loading=\"lazy\" width=\"1920\" height=\"2560\" src=\"http:\/\/irmasdoroteias.pt\/wp-content\/uploads\/2020\/06\/20200229_154352-scaled.jpg\" alt=\"\" data-id=\"961\" data-link=\"http:\/\/irmasdoroteias.pt\/?attachment_id=961\" class=\"wp-image-961\"\/><\/figure><\/li><li class=\"blocks-gallery-item\"><figure><img decoding=\"async\" loading=\"lazy\" width=\"2560\" height=\"1920\" src=\"http:\/\/irmasdoroteias.pt\/wp-content\/uploads\/2020\/06\/20200229_154505-scaled.jpg\" alt=\"\" data-id=\"962\" data-link=\"http:\/\/irmasdoroteias.pt\/?attachment_id=962\" class=\"wp-image-962\"\/><\/figure><\/li><li class=\"blocks-gallery-item\"><figure><img decoding=\"async\" loading=\"lazy\" width=\"2560\" height=\"1920\" src=\"http:\/\/irmasdoroteias.pt\/wp-content\/uploads\/2020\/06\/20200229_154710-scaled.jpg\" alt=\"\" data-id=\"963\" data-link=\"http:\/\/irmasdoroteias.pt\/?attachment_id=963\" class=\"wp-image-963\"\/><\/figure><\/li><li class=\"blocks-gallery-item\"><figure><img decoding=\"async\" loading=\"lazy\" width=\"2560\" height=\"1920\" src=\"http:\/\/irmasdoroteias.pt\/wp-content\/uploads\/2020\/06\/20200229_154855-scaled.jpg\" alt=\"\" data-id=\"964\" data-link=\"http:\/\/irmasdoroteias.pt\/?attachment_id=964\" class=\"wp-image-964\"\/><\/figure><\/li><li class=\"blocks-gallery-item\"><figure><img decoding=\"async\" loading=\"lazy\" width=\"2560\" height=\"1920\" src=\"http:\/\/irmasdoroteias.pt\/wp-content\/uploads\/2020\/06\/20200229_154922-scaled.jpg\" alt=\"\" data-id=\"965\" data-link=\"http:\/\/irmasdoroteias.pt\/?attachment_id=965\" class=\"wp-image-965\"\/><\/figure><\/li><li class=\"blocks-gallery-item\"><figure><img decoding=\"async\" loading=\"lazy\" width=\"2560\" height=\"1920\" src=\"http:\/\/irmasdoroteias.pt\/wp-content\/uploads\/2020\/09\/20200726_203438-scaled.jpg\" alt=\"\" data-id=\"1832\" data-full-url=\"http:\/\/irmasdoroteias.pt\/wp-content\/uploads\/2020\/09\/20200726_203438-scaled.jpg\" data-link=\"http:\/\/irmasdoroteias.pt\/?attachment_id=1832\" class=\"wp-image-1832\"\/><\/figure><\/li><li class=\"blocks-gallery-item\"><figure><img decoding=\"async\" loading=\"lazy\" width=\"2560\" height=\"1920\" src=\"http:\/\/irmasdoroteias.pt\/wp-content\/uploads\/2020\/06\/20200229_155153-scaled.jpg\" alt=\"\" data-id=\"966\" data-link=\"http:\/\/irmasdoroteias.pt\/?attachment_id=966\" class=\"wp-image-966\"\/><\/figure><\/li><li class=\"blocks-gallery-item\"><figure><img decoding=\"async\" loading=\"lazy\" width=\"2560\" height=\"1920\" src=\"http:\/\/irmasdoroteias.pt\/wp-content\/uploads\/2020\/06\/20200229_143228-scaled.jpg\" alt=\"\" data-id=\"952\" data-link=\"http:\/\/irmasdoroteias.pt\/?attachment_id=952\" class=\"wp-image-952\"\/><\/figure><\/li><li class=\"blocks-gallery-item\"><figure><img decoding=\"async\" loading=\"lazy\" width=\"2560\" height=\"1920\" src=\"http:\/\/irmasdoroteias.pt\/wp-content\/uploads\/2020\/06\/20200229_155430-scaled.jpg\" alt=\"\" data-id=\"967\" data-link=\"http:\/\/irmasdoroteias.pt\/?attachment_id=967\" class=\"wp-image-967\"\/><\/figure><\/li><li class=\"blocks-gallery-item\"><figure><img decoding=\"async\" loading=\"lazy\" width=\"1920\" height=\"2560\" src=\"http:\/\/irmasdoroteias.pt\/wp-content\/uploads\/2020\/06\/20200229_155555-scaled.jpg\" alt=\"\" data-id=\"968\" data-link=\"http:\/\/irmasdoroteias.pt\/?attachment_id=968\" class=\"wp-image-968\"\/><\/figure><\/li><li class=\"blocks-gallery-item\"><figure><img decoding=\"async\" loading=\"lazy\" width=\"2560\" height=\"1920\" src=\"http:\/\/irmasdoroteias.pt\/wp-content\/uploads\/2020\/09\/20200726_203707-scaled.jpg\" alt=\"\" data-id=\"1833\" data-full-url=\"http:\/\/irmasdoroteias.pt\/wp-content\/uploads\/2020\/09\/20200726_203707-scaled.jpg\" data-link=\"http:\/\/irmasdoroteias.pt\/?attachment_id=1833\" class=\"wp-image-1833\"\/><\/figure><\/li><li class=\"blocks-gallery-item\"><figure><img decoding=\"async\" loading=\"lazy\" width=\"1920\" height=\"2560\" src=\"http:\/\/irmasdoroteias.pt\/wp-content\/uploads\/2020\/09\/20200726_170205-scaled.jpg\" alt=\"\" data-id=\"1827\" data-full-url=\"http:\/\/irmasdoroteias.pt\/wp-content\/uploads\/2020\/09\/20200726_170205-scaled.jpg\" data-link=\"http:\/\/irmasdoroteias.pt\/?attachment_id=1827\" class=\"wp-image-1827\"\/><\/figure><\/li><li class=\"blocks-gallery-item\"><figure><img decoding=\"async\" loading=\"lazy\" width=\"2560\" height=\"1920\" src=\"http:\/\/irmasdoroteias.pt\/wp-content\/uploads\/2020\/09\/20200726_170140-scaled.jpg\" alt=\"\" data-id=\"1825\" data-full-url=\"http:\/\/irmasdoroteias.pt\/wp-content\/uploads\/2020\/09\/20200726_170140-scaled.jpg\" data-link=\"http:\/\/irmasdoroteias.pt\/?attachment_id=1825\" class=\"wp-image-1825\"\/><\/figure><\/li><li class=\"blocks-gallery-item\"><figure><img decoding=\"async\" loading=\"lazy\" width=\"2560\" height=\"1920\" src=\"http:\/\/irmasdoroteias.pt\/wp-content\/uploads\/2020\/09\/20200726_170309-scaled.jpg\" alt=\"\" data-id=\"1828\" data-full-url=\"http:\/\/irmasdoroteias.pt\/wp-content\/uploads\/2020\/09\/20200726_170309-scaled.jpg\" data-link=\"http:\/\/irmasdoroteias.pt\/?attachment_id=1828\" class=\"wp-image-1828\"\/><\/figure><\/li><li class=\"blocks-gallery-item\"><figure><img decoding=\"async\" loading=\"lazy\" width=\"1920\" height=\"2560\" src=\"http:\/\/irmasdoroteias.pt\/wp-content\/uploads\/2020\/09\/20200726_170052-scaled.jpg\" alt=\"\" data-id=\"1824\" data-full-url=\"http:\/\/irmasdoroteias.pt\/wp-content\/uploads\/2020\/09\/20200726_170052-scaled.jpg\" data-link=\"http:\/\/irmasdoroteias.pt\/?attachment_id=1824\" class=\"wp-image-1824\"\/><\/figure><\/li><li class=\"blocks-gallery-item\"><figure><img decoding=\"async\" loading=\"lazy\" width=\"2560\" height=\"1920\" src=\"http:\/\/irmasdoroteias.pt\/wp-content\/uploads\/2020\/06\/20200229_153525-scaled.jpg\" alt=\"\" data-id=\"955\" data-link=\"http:\/\/irmasdoroteias.pt\/?attachment_id=955\" class=\"wp-image-955\"\/><\/figure><\/li><li class=\"blocks-gallery-item\"><figure><img decoding=\"async\" loading=\"lazy\" width=\"1920\" height=\"2560\" src=\"http:\/\/irmasdoroteias.pt\/wp-content\/uploads\/2020\/09\/20200726_165905-scaled.jpg\" alt=\"\" data-id=\"1822\" data-full-url=\"http:\/\/irmasdoroteias.pt\/wp-content\/uploads\/2020\/09\/20200726_165905-scaled.jpg\" data-link=\"http:\/\/irmasdoroteias.pt\/?attachment_id=1822\" class=\"wp-image-1822\"\/><\/figure><\/li><li class=\"blocks-gallery-item\"><figure><img decoding=\"async\" loading=\"lazy\" width=\"2560\" height=\"1920\" src=\"http:\/\/irmasdoroteias.pt\/wp-content\/uploads\/2020\/09\/20200726_170006-scaled.jpg\" alt=\"\" data-id=\"1823\" data-full-url=\"http:\/\/irmasdoroteias.pt\/wp-content\/uploads\/2020\/09\/20200726_170006-scaled.jpg\" data-link=\"http:\/\/irmasdoroteias.pt\/?attachment_id=1823\" class=\"wp-image-1823\"\/><\/figure><\/li><li class=\"blocks-gallery-item\"><figure><img decoding=\"async\" loading=\"lazy\" width=\"1920\" height=\"2560\" src=\"http:\/\/irmasdoroteias.pt\/wp-content\/uploads\/2020\/06\/20200229_153531-scaled.jpg\" alt=\"\" data-id=\"956\" data-link=\"http:\/\/irmasdoroteias.pt\/?attachment_id=956\" class=\"wp-image-956\"\/><\/figure><\/li><li class=\"blocks-gallery-item\"><figure><img decoding=\"async\" loading=\"lazy\" width=\"1920\" height=\"2560\" src=\"http:\/\/irmasdoroteias.pt\/wp-content\/uploads\/2020\/09\/20200726_165650-scaled.jpg\" alt=\"\" data-id=\"1817\" data-full-url=\"http:\/\/irmasdoroteias.pt\/wp-content\/uploads\/2020\/09\/20200726_165650-scaled.jpg\" data-link=\"http:\/\/irmasdoroteias.pt\/?attachment_id=1817\" class=\"wp-image-1817\"\/><\/figure><\/li><li class=\"blocks-gallery-item\"><figure><img decoding=\"async\" loading=\"lazy\" width=\"1920\" height=\"2560\" src=\"http:\/\/irmasdoroteias.pt\/wp-content\/uploads\/2020\/09\/20200726_165623-scaled.jpg\" alt=\"\" data-id=\"1816\" data-full-url=\"http:\/\/irmasdoroteias.pt\/wp-content\/uploads\/2020\/09\/20200726_165623-scaled.jpg\" data-link=\"http:\/\/irmasdoroteias.pt\/?attachment_id=1816\" class=\"wp-image-1816\"\/><\/figure><\/li><li class=\"blocks-gallery-item\"><figure><img decoding=\"async\" loading=\"lazy\" width=\"1920\" height=\"2560\" src=\"http:\/\/irmasdoroteias.pt\/wp-content\/uploads\/2020\/09\/20200726_165724-scaled.jpg\" alt=\"\" data-id=\"1819\" data-full-url=\"http:\/\/irmasdoroteias.pt\/wp-content\/uploads\/2020\/09\/20200726_165724-scaled.jpg\" data-link=\"http:\/\/irmasdoroteias.pt\/?attachment_id=1819\" class=\"wp-image-1819\"\/><\/figure><\/li><li class=\"blocks-gallery-item\"><figure><img decoding=\"async\" loading=\"lazy\" width=\"2560\" height=\"1920\" src=\"http:\/\/irmasdoroteias.pt\/wp-content\/uploads\/2020\/09\/20200726_165819-scaled.jpg\" alt=\"\" data-id=\"1820\" data-full-url=\"http:\/\/irmasdoroteias.pt\/wp-content\/uploads\/2020\/09\/20200726_165819-scaled.jpg\" data-link=\"http:\/\/irmasdoroteias.pt\/?attachment_id=1820\" class=\"wp-image-1820\"\/><\/figure><\/li><li class=\"blocks-gallery-item\"><figure><img decoding=\"async\" loading=\"lazy\" width=\"2560\" height=\"1920\" src=\"http:\/\/irmasdoroteias.pt\/wp-content\/uploads\/2020\/09\/20200726_165829-scaled.jpg\" alt=\"\" data-id=\"1821\" data-full-url=\"http:\/\/irmasdoroteias.pt\/wp-content\/uploads\/2020\/09\/20200726_165829-scaled.jpg\" data-link=\"http:\/\/irmasdoroteias.pt\/?attachment_id=1821\" class=\"wp-image-1821\"\/><\/figure><\/li><li class=\"blocks-gallery-item\"><figure><img decoding=\"async\" loading=\"lazy\" width=\"1920\" height=\"2560\" src=\"http:\/\/irmasdoroteias.pt\/wp-content\/uploads\/2020\/09\/20200726_170426-scaled.jpg\" alt=\"\" data-id=\"1830\" data-full-url=\"http:\/\/irmasdoroteias.pt\/wp-content\/uploads\/2020\/09\/20200726_170426-scaled.jpg\" data-link=\"http:\/\/irmasdoroteias.pt\/?attachment_id=1830\" class=\"wp-image-1830\"\/><\/figure><\/li><li class=\"blocks-gallery-item\"><figure><img decoding=\"async\" loading=\"lazy\" width=\"1920\" height=\"2560\" src=\"http:\/\/irmasdoroteias.pt\/wp-content\/uploads\/2020\/09\/20200726_170440-scaled.jpg\" alt=\"\" data-id=\"1831\" data-full-url=\"http:\/\/irmasdoroteias.pt\/wp-content\/uploads\/2020\/09\/20200726_170440-scaled.jpg\" data-link=\"http:\/\/irmasdoroteias.pt\/?attachment_id=1831\" class=\"wp-image-1831\"\/><\/figure><\/li><\/ul><\/figure>\n<\/div><\/div>\n<\/div><\/div>\n\n\n\n<p><\/p>\n","protected":false},"excerpt":{"rendered":"<p>A CASA<\/p>\n","protected":false},"author":1,"featured_media":944,"parent":791,"menu_order":0,"comment_status":"closed","ping_status":"closed","template":"","meta":{"_uag_custom_page_level_css":"","ghostkit_customizer_options":"","ghostkit_custom_css":"","ghostkit_custom_js_head":"","ghostkit_custom_js_foot":"","ghostkit_typography":""},"uagb_featured_image_src":{"full":["https:\/\/irmasdoroteias.pt\/wp-content\/uploads\/2020\/06\/CEL.jpg",384,256,false],"thumbnail":["https:\/\/irmasdoroteias.pt\/wp-content\/uploads\/2020\/06\/CEL.jpg",150,100,false],"medium":["https:\/\/irmasdoroteias.pt\/wp-content\/uploads\/2020\/06\/CEL-300x200.jpg",300,200,true],"medium_large":["https:\/\/irmasdoroteias.pt\/wp-content\/uploads\/2020\/06\/CEL.jpg",384,256,false],"large":["https:\/\/irmasdoroteias.pt\/wp-content\/uploads\/2020\/06\/CEL.jpg",384,256,false],"1536x1536":["https:\/\/irmasdoroteias.pt\/wp-content\/uploads\/2020\/06\/CEL.jpg",384,256,false],"2048x2048":["https:\/\/irmasdoroteias.pt\/wp-content\/uploads\/2020\/06\/CEL.jpg",384,256,false]},"uagb_author_info":{"display_name":"Irm\u00e3s Doroteias","author_link":"https:\/\/irmasdoroteias.pt\/?author=1"},"uagb_comment_info":0,"uagb_excerpt":"A CASA","rttpg_featured_image_url":{"full":["https:\/\/irmasdoroteias.pt\/wp-content\/uploads\/2020\/06\/CEL.jpg",384,256,false],"landscape":["https:\/\/irmasdoroteias.pt\/wp-content\/uploads\/2020\/06\/CEL.jpg",384,256,false],"portraits":["https:\/\/irmasdoroteias.pt\/wp-content\/uploads\/2020\/06\/CEL.jpg",384,256,false],"thumbnail":["https:\/\/irmasdoroteias.pt\/wp-content\/uploads\/2020\/06\/CEL.jpg",150,100,false],"medium":["https:\/\/irmasdoroteias.pt\/wp-content\/uploads\/2020\/06\/CEL-300x200.jpg",300,200,true],"medium_large":["https:\/\/irmasdoroteias.pt\/wp-content\/uploads\/2020\/06\/CEL.jpg",384,256,false],"large":["https:\/\/irmasdoroteias.pt\/wp-content\/uploads\/2020\/06\/CEL.jpg",384,256,false],"1536x1536":["https:\/\/irmasdoroteias.pt\/wp-content\/uploads\/2020\/06\/CEL.jpg",384,256,false],"2048x2048":["https:\/\/irmasdoroteias.pt\/wp-content\/uploads\/2020\/06\/CEL.jpg",384,256,false]},"rttpg_author":{"display_name":"Irm\u00e3s Doroteias","author_link":"https:\/\/irmasdoroteias.pt\/?author=1"},"rttpg_comment":0,"rttpg_category":null,"rttpg_excerpt":"A CASA","post_mailing_queue_ids":[],"_links":{"self":[{"href":"https:\/\/irmasdoroteias.pt\/index.php?rest_route=\/wp\/v2\/pages\/949"}],"collection":[{"href":"https:\/\/irmasdoroteias.pt\/index.php?rest_route=\/wp\/v2\/pages"}],"about":[{"href":"https:\/\/irmasdoroteias.pt\/index.php?rest_route=\/wp\/v2\/types\/page"}],"author":[{"embeddable":true,"href":"https:\/\/irmasdoroteias.pt\/index.php?rest_route=\/wp\/v2\/users\/1"}],"replies":[{"embeddable":true,"href":"https:\/\/irmasdoroteias.pt\/index.php?rest_route=%2Fwp%2Fv2%2Fcomments&post=949"}],"version-history":[{"count":0,"href":"https:\/\/irmasdoroteias.pt\/index.php?rest_route=\/wp\/v2\/pages\/949\/revisions"}],"up":[{"embeddable":true,"href":"https:\/\/irmasdoroteias.pt\/index.php?rest_route=\/wp\/v2\/pages\/791"}],"wp:featuredmedia":[{"embeddable":true,"href":"https:\/\/irmasdoroteias.pt\/index.php?rest_route=\/wp\/v2\/media\/944"}],"wp:attachment":[{"href":"https:\/\/irmasdoroteias.pt\/index.php?rest_route=%2Fwp%2Fv2%2Fmedia&parent=949"}],"curies":[{"name":"wp","href":"https:\/\/api.w.org\/{rel}","templated":true}]}}