{"id":809,"date":"2020-06-12T13:03:43","date_gmt":"2020-06-12T13:03:43","guid":{"rendered":"http:\/\/irmasdoroteias.pt\/?page_id=809"},"modified":"2022-11-29T23:21:14","modified_gmt":"2022-11-29T23:21:14","slug":"onde-estamos","status":"publish","type":"page","link":"https:\/\/irmasdoroteias.pt\/?page_id=809","title":{"rendered":"ONDE ESTAMOS"},"content":{"rendered":"\n<h3 class=\"wp-block-heading\"><strong>Casa Provincial<\/strong><\/h3>\n\n\n\n<ul><li>Alameda das Linhas de Torres, n\u00ba2 \u2013 1750-146 Lisboa<\/li><li>Telefone \u2013 \u00a0217 590 947 (custo de chamada para a rede fixa nacional)<\/li><li>Email \u2013 secretaria.ssd@irmasdoroteias.pt<\/li><li><a rel=\"noreferrer noopener\" href=\"https:\/\/goo.gl\/maps\/XwwSQefpq3FTSq8S9\" target=\"_blank\">Mapa<\/a><\/li><\/ul>\n\n\n\n<p><strong>Coimbra \u2013 Resid\u00eancia de Irm\u00e3s<\/strong>&nbsp;(Comunidade de Ora\u00e7\u00e3o)<\/p>\n\n\n\n<ul><li>Av. Dr. Dias da Silva, n.\u00ba126 \u2013 3000-135 Coimbra<\/li><li>Telefone \u2013 239 723 919 (custo de chamada para a rede fixa nacional)<\/li><li><a rel=\"noreferrer noopener\" href=\"https:\/\/goo.gl\/maps\/uUCApq7XEBXWFvcX7\" target=\"_blank\">Mapa<\/a><\/li><\/ul>\n\n\n\n<p><strong>Covilh\u00e3 \u2013 Comunidade N\u00aa Sr\u00aa da Concei\u00e7\u00e3o&nbsp;<\/strong>(Centro Educativo- IPSS)<\/p>\n\n\n\n<ul><li>Rua Marqu\u00eas d\u2019Avila e Bolama, n.\u00ba140 \u2013 6200-053 Covilh\u00e3<\/li><li>Telefone \u2013 275 322 486 (custo de chamada para a rede fixa nacional)<\/li><li>Email \u2013 geral@doroteiascovilha.net<\/li><li><a rel=\"noreferrer noopener\" href=\"https:\/\/goo.gl\/maps\/imfUdA6uDFan2Jn87\" target=\"_blank\">Mapa<\/a><\/li><\/ul>\n\n\n\n<p><strong>\u00c9vora \u2013 Irm\u00e3s Doroteias&nbsp;<\/strong>(Comunidade de Inser\u00e7\u00e3o Pastoral Social)<\/p>\n\n\n\n<ul><li>Rua da Gra\u00e7a, 29 \u2013 7000-653 \u2013 \u00c9vora<\/li><li>Telefone \u2013 266 743 324 (custo de chamada para a rede fixa nacional)<\/li><li><a rel=\"noreferrer noopener\" href=\"https:\/\/goo.gl\/maps\/YmA8F1L4SzQzUPEM6\" target=\"_blank\">Mapa<\/a><\/li><\/ul>\n\n\n\n<p><strong>F\u00e1tima&nbsp;<\/strong>\u2013&nbsp;<strong>Casa Acolhimento Sta Doroteia<\/strong><\/p>\n\n\n\n<ul><li>Rua da Sagrada Fam\u00edlia, n\u00ba17 \u2013 Cova da Iria \u2013 2495-419 F\u00e1tima<\/li><li>Telefone \u2013 249 531 115 (custo de chamada para a rede fixa nacional)<\/li><li>Email \u2013 doroteias.fatima@sapo.pt<\/li><li><a rel=\"noreferrer noopener\" href=\"https:\/\/goo.gl\/maps\/ekxRExPHW6CfsnHZA\" target=\"_blank\">Mapa<\/a><\/li><\/ul>\n\n\n\n<p><strong>Linh\u00f3 \u2013 Comunidade N\u00aa Sr\u00aa da Concei\u00e7\u00e3o&nbsp;<\/strong>(Comunidade de Ora\u00e7\u00e3o)&nbsp;\/&nbsp;<strong>Casa de Espiritualidade<\/strong><\/p>\n\n\n\n<ul><li>Av. de Cascais, n.\u00ba398 \u2013 Quinta da Fonte \u2013 Linh\u00f3 \u2013 2710-330\u00a0Sintra<\/li><li>Telefone \u2013 219 232 421\/77 (custo de chamada para a rede fixa nacional)<\/li><li>Email: linhodoroteias@gmail.com<\/li><li><a rel=\"noreferrer noopener\" href=\"https:\/\/goo.gl\/maps\/nfzn6oVaKsmr3fnt5\" target=\"_blank\">Mapa<\/a><\/li><\/ul>\n\n\n\n<p><strong>Lisboa \u2013 Comunidade do Col\u00e9gio de Santa Doroteia&nbsp;<\/strong>(Centro Educativo)<\/p>\n\n\n\n<ul><li>Av. Marechal Craveiro Lopes, n\u00ba1 \u2013 1749-012 Lisboa<\/li><li>Telefone \u2013 217 593 142 \/ 217 570 311 (custo de chamada para a rede fixa nacional)<\/li><li>Email: comunidade.escolar@csdoroteia.edu.pt<\/li><li><a rel=\"noreferrer noopener\" href=\"https:\/\/goo.gl\/maps\/iXsuqv2phgu5ejvo6\" target=\"_blank\">Mapa<\/a><\/li><\/ul>\n\n\n\n<p><strong>Lisboa \u2013 Casa Paula Frassinetti&nbsp;<\/strong>(Comunidade de Ora\u00e7\u00e3o)<\/p>\n\n\n\n<ul><li>Al. das Linhas de Torres, n.\u00ba2 \u2013 1750-146 Lisboa<\/li><li>Telefone \u2013 217 541 130\/31 (custo de chamada para a rede fixa nacional)<\/li><li>Email \u2013 casapaulafrassinetti@sapo.pt<\/li><li><a rel=\"noreferrer noopener\" href=\"https:\/\/goo.gl\/maps\/8ZSdeWEobcwZmHiQ8\" target=\"_blank\">Mapa<\/a><\/li><\/ul>\n\n\n\n<p><strong>Lisboa \u2013 Comunidade do Externato do Parque&nbsp;<\/strong>(Centro Educativo)<\/p>\n\n\n\n<ul><li>Rua Artilharia Um, n\u00ba97 \u2013 1070-012 Lisboa<\/li><li>Telefone \u2013 213 806 430 (custo de chamada para a rede fixa nacional)<\/li><li><a rel=\"noreferrer noopener\" href=\"https:\/\/goo.gl\/maps\/kQw2Z58zcQdx3Jpv5\" target=\"_blank\">Mapa<\/a><\/li><\/ul>\n\n\n\n<p><strong>Loul\u00e9&nbsp;<\/strong>(Comunidade de Inser\u00e7\u00e3o Pastoral Social)<\/p>\n\n\n\n<ul><li>Rua Martim Moniz, Lote8, 2\u00aaEsq.\u00a0\u2013 8100-606 Loul\u00e9<\/li><li>Telefone \u2013 289 416 144 (custo de chamada para a rede fixa nacional) <\/li><li><a rel=\"noreferrer noopener\" href=\"https:\/\/goo.gl\/maps\/yKWrhgZw4sXueqqU9\" target=\"_blank\">Mapa<\/a><\/li><\/ul>\n\n\n\n<p><strong>Porto \u2013 Associa\u00e7\u00e3o ao Servi\u00e7o da Vida &#8211; SEIVA<\/strong> (IPSS)<\/p>\n\n\n\n<ul><li>Rua de Vilar, n\u00ba 130 \u2013 4050-625 Porto<\/li><li>Telefone \u2013 224 937 818 (custo de chamada para a rede fixa nacional) \/ 911 009 699 (custo de chamada para a rede m\u00f3vel nacional)<\/li><li><a rel=\"noreferrer noopener\" href=\"https:\/\/www.google.com\/maps\/place\/SEIVA+-+Associa%C3%A7%C3%A3o+ao+Servi%C3%A7o+da+Vida\/@41.1505053,-8.6300493,17z\/data=!3m1!4b1!4m5!3m4!1s0xd2465d8e93fa021:0xab90f69b0bffe431!8m2!3d41.1505053!4d-8.6278606\" target=\"_blank\">Mapa<\/a><\/li><\/ul>\n\n\n\n<p><strong>Porto \u2013 ESE de Paula Frassinetti<\/strong> (Centros Educativo)<\/p>\n\n\n\n<ul><li>Rua da Alegria, n\u00ba939 \u2013 4000-048 Porto<\/li><li>Rua Gil Vicente, n\u00ba138 \u2013 4000-255 Porto<\/li><li>Telefone \u2013 225 573 429 \/ 225 573 420 (custo de chamada para a rede fixa nacional) <\/li><li><a rel=\"noreferrer noopener\" href=\"https:\/\/g.page\/ESEPF?share\" target=\"_blank\">Mapa<\/a><\/li><\/ul>\n\n\n\n<p><strong>Porto \u2013 Comunidade do Col\u00e9gio N\u00aa Sr\u00aa da Paz&nbsp;<\/strong>(Centro Educativo)<\/p>\n\n\n\n<ul><li>Rua Latino Coelho, n.\u00ba465 \u2013 4000-316 Porto<\/li><li>Telefone \u2013 225 073 360 (custo de chamada para a rede fixa nacional) <\/li><li><a rel=\"noreferrer noopener\" href=\"https:\/\/goo.gl\/maps\/Gc3KsKKdRYCeP7mm7\" target=\"_blank\">Mapa<\/a><\/li><\/ul>\n\n\n\n<p><strong>Recard\u00e3es<\/strong> (Comunidade de Inser\u00e7\u00e3o Pastoral Social)<\/p>\n\n\n\n<ul><li>Irm\u00e3s Doroteias Centro Social e Paroquial de Recard\u00e3es \u2013 P\u00f3voa da Igreja \u2013 3750-721 Recard\u00e3es<\/li><li>Telefone \u2013 234 600 767 (custo de chamada para a rede fixa nacional) <\/li><li>Email \u2013 com.recardaes@gmail.com<\/li><li><a rel=\"noreferrer noopener\" href=\"https:\/\/goo.gl\/maps\/et3AWLNFgf3mHQfYA\" target=\"_blank\">Mapa<\/a><\/li><\/ul>\n\n\n\n<p><strong>Sard\u00e3o&nbsp;\u2013 Comunidade do Col\u00e9gio do Sard\u00e3o&nbsp;<\/strong>(Comunidade de Ora\u00e7\u00e3o) \/ (Centro Educativo)<\/p>\n\n\n\n<ul><li>Rua Col\u00e9gio do Sard\u00e3o, n.\u00ba 481 \u2013 Oliveira do Douro \u2013 4430-361 Gaia<\/li><li>Telefone \u2013 227 820 792 (custo de chamada para a rede fixa nacional) <\/li><li><a rel=\"noreferrer noopener\" href=\"https:\/\/goo.gl\/maps\/6zmoT9Pw3s7cS3YL8\" target=\"_blank\">Mapa<\/a><\/li><\/ul>\n\n\n\n<p><strong>Sard\u00e3o<\/strong>&nbsp;\u2013&nbsp;<strong>Casa de Espiritualidade Paula Frassinetti<\/strong><\/p>\n\n\n\n<ul><li>Rua Col\u00e9gio do Sard\u00e3o, n.\u00ba\u00a0365 \u2013 Oliveira do Douro \u2013 4430-361 Gaia<\/li><li>Telefone \u2013 227 826 650 (custo de chamada para a rede fixa nacional) <\/li><li>Email \u2013 casaretiros.sardao@gmail.com<\/li><li><a rel=\"noreferrer noopener\" href=\"https:\/\/goo.gl\/maps\/HTQBve1ayejMMV2KA\" target=\"_blank\">Mapa<\/a><\/li><\/ul>\n\n\n\n<p><strong>Vila do Conde \u2013 Comunidade Instituto S. Jos\u00e9&nbsp;&nbsp;<\/strong>(Comunidade de Ora\u00e7\u00e3o)\/(Centro Educativo-IPSS)<\/p>\n\n\n\n<ul><li>Rua Com. Ant\u00f3nio Fernandes da Costa, n.\u00ba143 \u2013 4480-740 Vila do Conde<\/li><li>Telefone \u2013 252\u00a0644 085 (custo de chamada para a rede fixa nacional) <\/li><li><a rel=\"noreferrer noopener\" href=\"https:\/\/goo.gl\/maps\/Pgrbgg4rFpr1eAwC8\" target=\"_blank\">Mapa<\/a><\/li><\/ul>\n\n\n\n<p><strong>Viseu \u2013 Comunidade Col\u00e9gio Imaculada Concei\u00e7\u00e3o&nbsp;<\/strong>(Comunidade de Ora\u00e7\u00e3o)\/ (Centro Educativo)<\/p>\n\n\n\n<ul><li>Rua N\u00aa Sr\u00aa de F\u00e1tima, n.\u00ba88 \u2013 3510-094 Viseu<\/li><li>Telefone \u2013 232 480 320 (custo de chamada para a rede fixa nacional) <\/li><li><a rel=\"noreferrer noopener\" href=\"https:\/\/goo.gl\/maps\/7wC8oJQkaU19XFVv9\" target=\"_blank\">Mapa<\/a><\/li><\/ul>\n\n\n\n<p><\/p>\n","protected":false},"excerpt":{"rendered":"<p>Casa Provincial Alameda das Linhas de Torres, n\u00ba2 \u2013 1750-146 Lisboa Telefone \u2013 \u00a0217 590 947 (custo de chamada para a rede fixa nacional) Email \u2013 secretaria.ssd@irmasdoroteias.pt Mapa Coimbra \u2013 Resid\u00eancia de Irm\u00e3s&nbsp;(Comunidade de Ora\u00e7\u00e3o) Av. Dr. Dias da Silva, n.\u00ba126 \u2013 3000-135 Coimbra Telefone \u2013 239 723 919 (custo de chamada para a rede [&hellip;]<\/p>\n","protected":false},"author":1,"featured_media":1434,"parent":204,"menu_order":0,"comment_status":"closed","ping_status":"closed","template":"","meta":{"_uag_custom_page_level_css":"","ghostkit_customizer_options":"","ghostkit_custom_css":"","ghostkit_custom_js_head":"","ghostkit_custom_js_foot":"","ghostkit_typography":""},"uagb_featured_image_src":{"full":["https:\/\/irmasdoroteias.pt\/wp-content\/uploads\/2020\/07\/m_ondeestamos_mapa.jpg",1200,800,false],"thumbnail":["https:\/\/irmasdoroteias.pt\/wp-content\/uploads\/2020\/07\/m_ondeestamos_mapa.jpg",150,100,false],"medium":["https:\/\/irmasdoroteias.pt\/wp-content\/uploads\/2020\/07\/m_ondeestamos_mapa-300x200.jpg",300,200,true],"medium_large":["https:\/\/irmasdoroteias.pt\/wp-content\/uploads\/2020\/07\/m_ondeestamos_mapa.jpg",768,512,false],"large":["https:\/\/irmasdoroteias.pt\/wp-content\/uploads\/2020\/07\/m_ondeestamos_mapa.jpg",1024,683,false],"1536x1536":["https:\/\/irmasdoroteias.pt\/wp-content\/uploads\/2020\/07\/m_ondeestamos_mapa.jpg",1200,800,false],"2048x2048":["https:\/\/irmasdoroteias.pt\/wp-content\/uploads\/2020\/07\/m_ondeestamos_mapa.jpg",1200,800,false]},"uagb_author_info":{"display_name":"Irm\u00e3s Doroteias","author_link":"https:\/\/irmasdoroteias.pt\/?author=1"},"uagb_comment_info":0,"uagb_excerpt":"Casa Provincial Alameda das Linhas de Torres, n\u00ba2 \u2013 1750-146 Lisboa Telefone \u2013 \u00a0217 590 947 (custo de chamada para a rede fixa nacional) Email \u2013 secretaria.ssd@irmasdoroteias.pt Mapa Coimbra \u2013 Resid\u00eancia de Irm\u00e3s&nbsp;(Comunidade de Ora\u00e7\u00e3o) Av. Dr. Dias da Silva, n.\u00ba126 \u2013 3000-135 Coimbra Telefone \u2013 239 723 919 (custo de chamada para a rede&hellip;","rttpg_featured_image_url":{"full":["https:\/\/irmasdoroteias.pt\/wp-content\/uploads\/2020\/07\/m_ondeestamos_mapa.jpg",1200,800,false],"landscape":["https:\/\/irmasdoroteias.pt\/wp-content\/uploads\/2020\/07\/m_ondeestamos_mapa.jpg",1200,800,false],"portraits":["https:\/\/irmasdoroteias.pt\/wp-content\/uploads\/2020\/07\/m_ondeestamos_mapa.jpg",1200,800,false],"thumbnail":["https:\/\/irmasdoroteias.pt\/wp-content\/uploads\/2020\/07\/m_ondeestamos_mapa.jpg",150,100,false],"medium":["https:\/\/irmasdoroteias.pt\/wp-content\/uploads\/2020\/07\/m_ondeestamos_mapa-300x200.jpg",300,200,true],"medium_large":["https:\/\/irmasdoroteias.pt\/wp-content\/uploads\/2020\/07\/m_ondeestamos_mapa.jpg",768,512,false],"large":["https:\/\/irmasdoroteias.pt\/wp-content\/uploads\/2020\/07\/m_ondeestamos_mapa.jpg",1024,683,false],"1536x1536":["https:\/\/irmasdoroteias.pt\/wp-content\/uploads\/2020\/07\/m_ondeestamos_mapa.jpg",1200,800,false],"2048x2048":["https:\/\/irmasdoroteias.pt\/wp-content\/uploads\/2020\/07\/m_ondeestamos_mapa.jpg",1200,800,false]},"rttpg_author":{"display_name":"Irm\u00e3s Doroteias","author_link":"https:\/\/irmasdoroteias.pt\/?author=1"},"rttpg_comment":0,"rttpg_category":null,"rttpg_excerpt":"Casa Provincial Alameda das Linhas de Torres, n\u00ba2 \u2013 1750-146 Lisboa Telefone \u2013 \u00a0217 590 947 (custo de chamada para a rede fixa nacional) Email \u2013 secretaria.ssd@irmasdoroteias.pt Mapa Coimbra \u2013 Resid\u00eancia de Irm\u00e3s&nbsp;(Comunidade de Ora\u00e7\u00e3o) Av. Dr. Dias da Silva, n.\u00ba126 \u2013 3000-135 Coimbra Telefone \u2013 239 723 919 (custo de chamada para a rede&hellip;","post_mailing_queue_ids":[],"_links":{"self":[{"href":"https:\/\/irmasdoroteias.pt\/index.php?rest_route=\/wp\/v2\/pages\/809"}],"collection":[{"href":"https:\/\/irmasdoroteias.pt\/index.php?rest_route=\/wp\/v2\/pages"}],"about":[{"href":"https:\/\/irmasdoroteias.pt\/index.php?rest_route=\/wp\/v2\/types\/page"}],"author":[{"embeddable":true,"href":"https:\/\/irmasdoroteias.pt\/index.php?rest_route=\/wp\/v2\/users\/1"}],"replies":[{"embeddable":true,"href":"https:\/\/irmasdoroteias.pt\/index.php?rest_route=%2Fwp%2Fv2%2Fcomments&post=809"}],"version-history":[{"count":0,"href":"https:\/\/irmasdoroteias.pt\/index.php?rest_route=\/wp\/v2\/pages\/809\/revisions"}],"up":[{"embeddable":true,"href":"https:\/\/irmasdoroteias.pt\/index.php?rest_route=\/wp\/v2\/pages\/204"}],"wp:featuredmedia":[{"embeddable":true,"href":"https:\/\/irmasdoroteias.pt\/index.php?rest_route=\/wp\/v2\/media\/1434"}],"wp:attachment":[{"href":"https:\/\/irmasdoroteias.pt\/index.php?rest_route=%2Fwp%2Fv2%2Fmedia&parent=809"}],"curies":[{"name":"wp","href":"https:\/\/api.w.org\/{rel}","templated":true}]}}