{"id":796,"date":"2020-06-12T11:57:05","date_gmt":"2020-06-12T11:57:05","guid":{"rendered":"http:\/\/irmasdoroteias.pt\/?page_id=796"},"modified":"2021-07-25T13:33:13","modified_gmt":"2021-07-25T13:33:13","slug":"juventude-doroteia","status":"publish","type":"page","link":"https:\/\/irmasdoroteias.pt\/?page_id=796","title":{"rendered":"JUVENTUDE DOROTEIA"},"content":{"rendered":"\n<p><strong>Movimento de Jovens<\/strong> ligado \u00e0s Irm\u00e3s Doroteias. O s\u00edmbolo da B\u00fassola nasce da frase de Santa Paula Frassinetti: &#8220;A b\u00fassola das Doroteias \u00e9 a Vontade de Deus&#8221; &#8211; <em>\u00abA B\u00fassola da &#8220;Juventude Doroteia&#8221; \u00e9 a Vontade de Deus\u00bb. <\/em>Os jovens assumem viver com &#8220;os olhos fixos na b\u00fassola&#8221;, comprometendo-se na transforma\u00e7\u00e3o do mundo para que esta Vontade se realize.<\/p>\n\n\n\n<p>Pretende ser, este movimento, um espa\u00e7o de encontro para todos os que desejem transformar o mundo na grande Fam\u00edlia de Deus.<\/p>\n\n\n\n<p>O desafio \u00e9 o de &#8220;no quotidiano&#8221; da vida pessoal, profissional ou de estudo cada jovem seja consequente com o seu batismo.<\/p>\n\n\n\n<div class=\"ghostkit-video\" data-video-type=\"yt_vm_video\" data-video=\"https:\/\/www.youtube.com\/watch?v=Bfv88sMpAVs\" data-video-aspect-ratio=\"21:9\" data-video-volume=\"50\" data-click-action=\"plain\"><div class=\"ghostkit-video-play-icon\"><svg class=\"ghostkit-svg-icon\" width=\"24\" height=\"24\" viewBox=\"0 0 24 24\" fill=\"none\" xmlns=\"http:\/\/www.w3.org\/2000\/svg\"><path d=\"M5 4.83167C5 4.0405 5.87525 3.56266 6.54076 3.99049L17.6915 11.1588C18.3038 11.5525 18.3038 12.4475 17.6915 12.8412L6.54076 20.0095C5.87525 20.4373 5 19.9595 5 19.1683V4.83167Z\" fill=\"currentColor\" stroke=\"currentColor\" stroke-width=\"1.5\" stroke-linecap=\"round\" stroke-linejoin=\"round\"\/><\/svg><\/div><div class=\"ghostkit-video-loading-icon\"><span class=\"ghostkit-svg-icon ghostkit-icon-spinner\"><\/span><\/div><\/div>\n\n\n\n<div class=\"ghostkit-grid ghostkit-grid-gap-md\"><div class=\"ghostkit-grid-inner\">\n<div class=\"ghostkit-col ghostkit-col-md-12 ghostkit-col-6\"><div class=\"ghostkit-col-content\"><div class=\" ghostkit-widgetized-area\">\t\t\t<div class=\"textwidget\"><p><a href=\"http:\/\/irmasdoroteias.pt\/?cat=6\">Aconteceu&#8230;<\/a><\/p>\n<p>Acontecer\u00e1&#8230;<\/p>\n<\/div>\n\t\t<div id='evcal_widget' class='evo_widget'><!-- EventON Calendar --><div id='evcal_calendar_410' class='ajde_evcal_calendar sev cev color esty_2 ajax_loading_cal' ><div id='evcal_head' class='calendar_header ' ><div class='evo_cal_above'><span class='evo-gototoday-btn' style='display:none' data-mo='4' data-yr='2026' data-dy=''>Neste m\u00eas<\/span><\/div><div class='evo_cal_above_content'><\/div><div class='evo_header_title '><p id='evcal_cur' class='evo_month_title'> Abril, 2026<\/p><p class='evo_arrows'><span id='evcal_prev' class='evcal_arrows evcal_btn_prev' ><\/span><span id='evcal_next' class='evcal_arrows evo_arrow_next evcal_btn_next' ><\/span><\/p><\/div><\/div><div id='eventon_loadbar_section'><div id='eventon_loadbar'><\/div><\/div><div class='evo_ajax_load_events'><span><\/span><span><\/span><span><\/span><\/div><!-- Events List --><div id='evcal_list' \r\n\t\t\t\t\tclass='eventon_events_list '>\t\t\t<div class='clear'><\/div>\r\n\t\t\t<\/div>\r\n\t\t\t<div class='clear'><\/div>\r\n\t\t\t\t\t \t<div id='evcal_footer' class='evo_bottom' style='display:none'>\r\n\t\t \t\t<div class='evo_cal_data'  data-sc='{\"accord\":\"no\",\"bottom_nav\":\"no\",\"cal_id\":\"\",\"cal_init_nonajax\":\"no\",\"calendar_type\":\"default\",\"ep_fields\":\"\",\"etc_override\":\"no\",\"evc_open\":\"no\",\"event_count\":0,\"event_location\":\"all\",\"event_order\":\"ASC\",\"event_organizer\":\"all\",\"event_parts\":\"no\",\"event_past_future\":\"all\",\"event_status\":\"all\",\"event_tag\":\"all\",\"event_type\":\"all\",\"event_type_2\":\"all\",\"event_type_3\":\"all\",\"event_type_4\":\"all\",\"event_type_5\":\"all\",\"event_virtual\":\"all\",\"eventtop_date_style\":0,\"eventtop_style\":2,\"exp_jumper\":\"no\",\"exp_so\":\"no\",\"filter_relationship\":\"AND\",\"filter_show_set_only\":\"no\",\"filter_type\":\"default\",\"filters\":\"yes\",\"fixed_month\":\"4\",\"fixed_year\":\"2026\",\"focus_end_date_range\":\"1777593599\",\"focus_start_date_range\":\"1775001600\",\"ft_event_priority\":\"no\",\"hide_arrows\":\"no\",\"hide_cancels\":\"no\",\"hide_empty_months\":\"no\",\"hide_end_time\":\"no\",\"hide_et_dn\":\"no\",\"hide_et_extra\":\"no\",\"hide_et_tags\":\"no\",\"hide_et_tl\":\"no\",\"hide_ft\":\"no\",\"hide_ft_img\":\"no\",\"hide_month_headers\":\"no\",\"hide_mult_occur\":\"no\",\"hide_past\":\"no\",\"hide_past_by\":\"ee\",\"hide_so\":\"no\",\"ics\":\"no\",\"jumper\":\"no\",\"jumper_count\":5,\"jumper_offset\":\"0\",\"lang\":\"L1\",\"layout_changer\":\"no\",\"livenow_bar\":\"yes\",\"mapformat\":\"roadmap\",\"mapiconurl\":\"\",\"maps_load\":\"yes\",\"mapscroll\":\"true\",\"mapzoom\":\"18\",\"members_only\":\"no\",\"ml_priority\":\"no\",\"month_incre\":0,\"number_of_months\":\"1\",\"only_ft\":\"no\",\"pec\":\"\",\"s\":\"\",\"search\":\"\",\"search_all\":\"no\",\"sep_month\":\"no\",\"show_et_ft_img\":\"no\",\"show_limit\":\"no\",\"show_limit_ajax\":\"no\",\"show_limit_paged\":1,\"show_limit_redir\":\"\",\"show_repeats\":\"no\",\"show_upcoming\":0,\"show_year\":\"no\",\"social_share\":\"no\",\"sort_by\":\"sort_date\",\"tile_bg\":0,\"tile_bg_size\":\"full\",\"tile_count\":2,\"tile_height\":0,\"tile_style\":0,\"tiles\":\"no\",\"ux_val\":\"0\",\"view_switcher\":\"no\",\"wpml_l1\":\"\",\"wpml_l2\":\"\",\"wpml_l3\":\"\",\"yl_priority\":\"no\",\"fixed_day\":\"18\",\"_cver\":\"4.3.5\"}' data-od='{\"lang_no_events\":\"Sem eventos\"}'><\/div>\r\n\t\t \t\t<div class='evo_cal_events' data-events=\"\"><\/div>\r\n\t\t \t<\/div>\r\n\t\t\t\t\r\n\t\t\t\r\n\t\t\t\t\t\t<\/div><!-- EventON End -->\r\n\t\t\t<\/div><\/div><\/div><\/div>\n\n\n\n<div class=\"ghostkit-col ghostkit-col-md-12 ghostkit-col-6\"><div class=\"ghostkit-col-content\">\n<h5 class=\"wp-block-heading\">Siga-nos nas redes&#8230;<\/h5>\n\n\n\n<div class=\"ghostkit-grid ghostkit-grid-gap-md\"><div class=\"ghostkit-grid-inner\">\n<div class=\"ghostkit-col ghostkit-col-lg-12 ghostkit-col-4\"><div class=\"ghostkit-col-content\">\n<div class=\"wp-block-image\"><figure class=\"aligncenter size-large is-resized\"><a href=\"https:\/\/www.instagram.com\/juventudedoroteia\/\" target=\"_blank\" rel=\"noopener\"><img decoding=\"async\" loading=\"lazy\" src=\"http:\/\/irmasdoroteias.pt\/wp-content\/uploads\/2020\/07\/insta.png\" alt=\"\" class=\"wp-image-1597\" width=\"79\" height=\"80\"\/><\/a><\/figure><\/div>\n<\/div><\/div>\n\n\n\n<div class=\"ghostkit-col ghostkit-col-lg-12 ghostkit-col-4\"><div class=\"ghostkit-col-content\">\n<div class=\"wp-block-image\"><figure class=\"aligncenter size-large is-resized\"><a href=\"https:\/\/www.facebook.com\/JuventudeDoroteia\/\" target=\"_blank\" rel=\"noopener\"><img decoding=\"async\" loading=\"lazy\" src=\"http:\/\/irmasdoroteias.pt\/wp-content\/uploads\/2020\/08\/Facebook.png\" alt=\"\" class=\"wp-image-1716\" width=\"77\" height=\"77\"\/><\/a><\/figure><\/div>\n<\/div><\/div>\n\n\n\n<div class=\"ghostkit-col ghostkit-col-lg-12 ghostkit-col-4\"><div class=\"ghostkit-col-content\">\n<div class=\"wp-block-image\"><figure class=\"aligncenter size-large is-resized\"><a href=\"https:\/\/www.youtube.com\/channel\/UCUMnGfrWT5cXmGGUSFdS2WQ\" target=\"_blank\" rel=\"noopener\"><img decoding=\"async\" loading=\"lazy\" src=\"http:\/\/irmasdoroteias.pt\/wp-content\/uploads\/2020\/08\/Logo_youtube-e1596666999393.png\" alt=\"\" class=\"wp-image-1718\" width=\"91\" height=\"83\"\/><\/a><\/figure><\/div>\n<\/div><\/div>\n<\/div><\/div>\n<\/div><\/div>\n<\/div><\/div>\n\n\n\n<h5 class=\"wp-block-heading\"><strong>Para mais informa\u00e7\u00f5es:<\/strong><\/h5>\n\n\n\n<div class=\"ghostkit-grid ghostkit-grid-gap-md\"><div class=\"ghostkit-grid-inner\">\n<div class=\"ghostkit-col ghostkit-col-md-12 ghostkit-col-6\"><div class=\"ghostkit-col-content\">\n<ul><li>Equipa de Pastoral Juvenil Vocacional<\/li><li>Alameda das Linhas Torres, n.2_1750-146 Lisboa<\/li><li>Tlm: 918626495 \/ 924331200<\/li><li>Email: juventudedoroteia@irmasdoroteias.pt<\/li><\/ul>\n<\/div><\/div>\n\n\n\n<div class=\"ghostkit-col ghostkit-col-md-12 ghostkit-col-6\"><div class=\"ghostkit-col-content\"><\/div><\/div>\n<\/div><\/div>\n\n\n\n<p><\/p>\n","protected":false},"excerpt":{"rendered":"<p>Movimento de Jovens ligado \u00e0s Irm\u00e3s Doroteias. O s\u00edmbolo da B\u00fassola nasce da frase de Santa Paula Frassinetti: &#8220;A b\u00fassola das Doroteias \u00e9 a Vontade de Deus&#8221; &#8211; \u00abA B\u00fassola da &#8220;Juventude Doroteia&#8221; \u00e9 a Vontade de Deus\u00bb. Os jovens assumem viver com &#8220;os olhos fixos na b\u00fassola&#8221;, comprometendo-se na transforma\u00e7\u00e3o do mundo para que [&hellip;]<\/p>\n","protected":false},"author":1,"featured_media":1466,"parent":778,"menu_order":0,"comment_status":"closed","ping_status":"closed","template":"","meta":{"_uag_custom_page_level_css":"","ghostkit_customizer_options":"","ghostkit_custom_css":"","ghostkit_custom_js_head":"","ghostkit_custom_js_foot":"","ghostkit_typography":""},"uagb_featured_image_src":{"full":["https:\/\/irmasdoroteias.pt\/wp-content\/uploads\/2020\/07\/m__JD.jpg",1200,800,false],"thumbnail":["https:\/\/irmasdoroteias.pt\/wp-content\/uploads\/2020\/07\/m__JD.jpg",150,100,false],"medium":["https:\/\/irmasdoroteias.pt\/wp-content\/uploads\/2020\/07\/m__JD-300x200.jpg",300,200,true],"medium_large":["https:\/\/irmasdoroteias.pt\/wp-content\/uploads\/2020\/07\/m__JD.jpg",768,512,false],"large":["https:\/\/irmasdoroteias.pt\/wp-content\/uploads\/2020\/07\/m__JD.jpg",1024,683,false],"1536x1536":["https:\/\/irmasdoroteias.pt\/wp-content\/uploads\/2020\/07\/m__JD.jpg",1200,800,false],"2048x2048":["https:\/\/irmasdoroteias.pt\/wp-content\/uploads\/2020\/07\/m__JD.jpg",1200,800,false]},"uagb_author_info":{"display_name":"Irm\u00e3s Doroteias","author_link":"https:\/\/irmasdoroteias.pt\/?author=1"},"uagb_comment_info":0,"uagb_excerpt":"Movimento de Jovens ligado \u00e0s Irm\u00e3s Doroteias. O s\u00edmbolo da B\u00fassola nasce da frase de Santa Paula Frassinetti: &#8220;A b\u00fassola das Doroteias \u00e9 a Vontade de Deus&#8221; &#8211; \u00abA B\u00fassola da &#8220;Juventude Doroteia&#8221; \u00e9 a Vontade de Deus\u00bb. Os jovens assumem viver com &#8220;os olhos fixos na b\u00fassola&#8221;, comprometendo-se na transforma\u00e7\u00e3o do mundo para que&hellip;","rttpg_featured_image_url":{"full":["https:\/\/irmasdoroteias.pt\/wp-content\/uploads\/2020\/07\/m__JD.jpg",1200,800,false],"landscape":["https:\/\/irmasdoroteias.pt\/wp-content\/uploads\/2020\/07\/m__JD.jpg",1200,800,false],"portraits":["https:\/\/irmasdoroteias.pt\/wp-content\/uploads\/2020\/07\/m__JD.jpg",1200,800,false],"thumbnail":["https:\/\/irmasdoroteias.pt\/wp-content\/uploads\/2020\/07\/m__JD.jpg",150,100,false],"medium":["https:\/\/irmasdoroteias.pt\/wp-content\/uploads\/2020\/07\/m__JD-300x200.jpg",300,200,true],"medium_large":["https:\/\/irmasdoroteias.pt\/wp-content\/uploads\/2020\/07\/m__JD.jpg",768,512,false],"large":["https:\/\/irmasdoroteias.pt\/wp-content\/uploads\/2020\/07\/m__JD.jpg",1024,683,false],"1536x1536":["https:\/\/irmasdoroteias.pt\/wp-content\/uploads\/2020\/07\/m__JD.jpg",1200,800,false],"2048x2048":["https:\/\/irmasdoroteias.pt\/wp-content\/uploads\/2020\/07\/m__JD.jpg",1200,800,false]},"rttpg_author":{"display_name":"Irm\u00e3s Doroteias","author_link":"https:\/\/irmasdoroteias.pt\/?author=1"},"rttpg_comment":0,"rttpg_category":null,"rttpg_excerpt":"Movimento de Jovens ligado \u00e0s Irm\u00e3s Doroteias. O s\u00edmbolo da B\u00fassola nasce da frase de Santa Paula Frassinetti: &#8220;A b\u00fassola das Doroteias \u00e9 a Vontade de Deus&#8221; &#8211; \u00abA B\u00fassola da &#8220;Juventude Doroteia&#8221; \u00e9 a Vontade de Deus\u00bb. Os jovens assumem viver com &#8220;os olhos fixos na b\u00fassola&#8221;, comprometendo-se na transforma\u00e7\u00e3o do mundo para que&hellip;","post_mailing_queue_ids":[],"_links":{"self":[{"href":"https:\/\/irmasdoroteias.pt\/index.php?rest_route=\/wp\/v2\/pages\/796"}],"collection":[{"href":"https:\/\/irmasdoroteias.pt\/index.php?rest_route=\/wp\/v2\/pages"}],"about":[{"href":"https:\/\/irmasdoroteias.pt\/index.php?rest_route=\/wp\/v2\/types\/page"}],"author":[{"embeddable":true,"href":"https:\/\/irmasdoroteias.pt\/index.php?rest_route=\/wp\/v2\/users\/1"}],"replies":[{"embeddable":true,"href":"https:\/\/irmasdoroteias.pt\/index.php?rest_route=%2Fwp%2Fv2%2Fcomments&post=796"}],"version-history":[{"count":0,"href":"https:\/\/irmasdoroteias.pt\/index.php?rest_route=\/wp\/v2\/pages\/796\/revisions"}],"up":[{"embeddable":true,"href":"https:\/\/irmasdoroteias.pt\/index.php?rest_route=\/wp\/v2\/pages\/778"}],"wp:featuredmedia":[{"embeddable":true,"href":"https:\/\/irmasdoroteias.pt\/index.php?rest_route=\/wp\/v2\/media\/1466"}],"wp:attachment":[{"href":"https:\/\/irmasdoroteias.pt\/index.php?rest_route=%2Fwp%2Fv2%2Fmedia&parent=796"}],"curies":[{"name":"wp","href":"https:\/\/api.w.org\/{rel}","templated":true}]}}