{"id":791,"date":"2020-06-12T11:50:24","date_gmt":"2020-06-12T11:50:24","guid":{"rendered":"http:\/\/irmasdoroteias.pt\/?page_id=791"},"modified":"2021-01-15T11:01:47","modified_gmt":"2021-01-15T11:01:47","slug":"casa-de-espiritualidade","status":"publish","type":"page","link":"https:\/\/irmasdoroteias.pt\/?page_id=791","title":{"rendered":"CASAS DE ESPIRITUALIDADE"},"content":{"rendered":"\n<p>As <strong>Casas de Espiritualidade Paula Frassinetti<\/strong> s\u00e3o propriedade da Congrega\u00e7\u00e3o das Irm\u00e3s de Santa Doroteia. T\u00eam como matriz a Espiritualidade Inaciana, querem ser um <strong>lugar privilegiado de crescimento na f\u00e9<\/strong>. As casas est\u00e3o abertas a todos que queiram viver uma experi\u00eancia profunda de Deus.<\/p>\n\n\n\n<div class=\"wp-block-columns is-layout-flex wp-container-3\">\n<div class=\"wp-block-column is-layout-flow\">\n<div class=\"wp-block-image is-style-rounded\"><figure class=\"aligncenter size-large is-resized\"><img decoding=\"async\" loading=\"lazy\" src=\"http:\/\/irmasdoroteias.pt\/wp-content\/uploads\/2020\/06\/CEL.jpg\" alt=\"\" class=\"wp-image-944\" width=\"384\" height=\"256\"\/><\/figure><\/div>\n\n\n\n<h4 class=\"has-text-align-center wp-block-heading\"><a href=\"http:\/\/irmasdoroteias.pt\/?page_id=949\">Casa de Espiritualidade do Linh\u00f3<\/a><\/h4>\n<\/div>\n\n\n\n<div class=\"wp-block-column is-layout-flow\">\n<div class=\"wp-block-image is-style-rounded\"><figure class=\"aligncenter size-large\"><img decoding=\"async\" loading=\"lazy\" width=\"384\" height=\"256\" src=\"http:\/\/irmasdoroteias.pt\/wp-content\/uploads\/2020\/06\/CES.jpg\" alt=\"\" class=\"wp-image-945\"\/><\/figure><\/div>\n\n\n\n<h4 class=\"has-text-align-center wp-block-heading\"><a href=\"http:\/\/irmasdoroteias.pt\/?page_id=971\">Casa de Espiritualidade Paula Frassinetti Sard\u00e3o<\/a><\/h4>\n<\/div>\n<\/div>\n\n\n\n<p><\/p>\n","protected":false},"excerpt":{"rendered":"<p>As Casas de Espiritualidade Paula Frassinetti s\u00e3o propriedade da Congrega\u00e7\u00e3o das Irm\u00e3s de Santa Doroteia. T\u00eam como matriz a Espiritualidade Inaciana, querem ser um lugar privilegiado de crescimento na f\u00e9. As casas est\u00e3o abertas a todos que queiram viver uma experi\u00eancia profunda de Deus. Casa de Espiritualidade do Linh\u00f3 Casa de Espiritualidade Paula Frassinetti Sard\u00e3o<\/p>\n","protected":false},"author":1,"featured_media":947,"parent":778,"menu_order":0,"comment_status":"closed","ping_status":"closed","template":"","meta":{"_uag_custom_page_level_css":"","ghostkit_customizer_options":"","ghostkit_custom_css":"","ghostkit_custom_js_head":"","ghostkit_custom_js_foot":"","ghostkit_typography":""},"uagb_featured_image_src":{"full":["https:\/\/irmasdoroteias.pt\/wp-content\/uploads\/2020\/06\/CasasEspiritualidade.jpg",1200,799,false],"thumbnail":["https:\/\/irmasdoroteias.pt\/wp-content\/uploads\/2020\/06\/CasasEspiritualidade.jpg",150,100,false],"medium":["https:\/\/irmasdoroteias.pt\/wp-content\/uploads\/2020\/06\/CasasEspiritualidade-300x200.jpg",300,200,true],"medium_large":["https:\/\/irmasdoroteias.pt\/wp-content\/uploads\/2020\/06\/CasasEspiritualidade.jpg",768,511,false],"large":["https:\/\/irmasdoroteias.pt\/wp-content\/uploads\/2020\/06\/CasasEspiritualidade.jpg",1024,682,false],"1536x1536":["https:\/\/irmasdoroteias.pt\/wp-content\/uploads\/2020\/06\/CasasEspiritualidade.jpg",1200,799,false],"2048x2048":["https:\/\/irmasdoroteias.pt\/wp-content\/uploads\/2020\/06\/CasasEspiritualidade.jpg",1200,799,false]},"uagb_author_info":{"display_name":"Irm\u00e3s Doroteias","author_link":"https:\/\/irmasdoroteias.pt\/?author=1"},"uagb_comment_info":0,"uagb_excerpt":"As Casas de Espiritualidade Paula Frassinetti s\u00e3o propriedade da Congrega\u00e7\u00e3o das Irm\u00e3s de Santa Doroteia. T\u00eam como matriz a Espiritualidade Inaciana, querem ser um lugar privilegiado de crescimento na f\u00e9. As casas est\u00e3o abertas a todos que queiram viver uma experi\u00eancia profunda de Deus. Casa de Espiritualidade do Linh\u00f3 Casa de Espiritualidade Paula Frassinetti Sard\u00e3o","rttpg_featured_image_url":{"full":["https:\/\/irmasdoroteias.pt\/wp-content\/uploads\/2020\/06\/CasasEspiritualidade.jpg",1200,799,false],"landscape":["https:\/\/irmasdoroteias.pt\/wp-content\/uploads\/2020\/06\/CasasEspiritualidade.jpg",1200,799,false],"portraits":["https:\/\/irmasdoroteias.pt\/wp-content\/uploads\/2020\/06\/CasasEspiritualidade.jpg",1200,799,false],"thumbnail":["https:\/\/irmasdoroteias.pt\/wp-content\/uploads\/2020\/06\/CasasEspiritualidade.jpg",150,100,false],"medium":["https:\/\/irmasdoroteias.pt\/wp-content\/uploads\/2020\/06\/CasasEspiritualidade-300x200.jpg",300,200,true],"medium_large":["https:\/\/irmasdoroteias.pt\/wp-content\/uploads\/2020\/06\/CasasEspiritualidade.jpg",768,511,false],"large":["https:\/\/irmasdoroteias.pt\/wp-content\/uploads\/2020\/06\/CasasEspiritualidade.jpg",1024,682,false],"1536x1536":["https:\/\/irmasdoroteias.pt\/wp-content\/uploads\/2020\/06\/CasasEspiritualidade.jpg",1200,799,false],"2048x2048":["https:\/\/irmasdoroteias.pt\/wp-content\/uploads\/2020\/06\/CasasEspiritualidade.jpg",1200,799,false]},"rttpg_author":{"display_name":"Irm\u00e3s Doroteias","author_link":"https:\/\/irmasdoroteias.pt\/?author=1"},"rttpg_comment":0,"rttpg_category":null,"rttpg_excerpt":"As Casas de Espiritualidade Paula Frassinetti s\u00e3o propriedade da Congrega\u00e7\u00e3o das Irm\u00e3s de Santa Doroteia. T\u00eam como matriz a Espiritualidade Inaciana, querem ser um lugar privilegiado de crescimento na f\u00e9. As casas est\u00e3o abertas a todos que queiram viver uma experi\u00eancia profunda de Deus. Casa de Espiritualidade do Linh\u00f3 Casa de Espiritualidade Paula Frassinetti Sard\u00e3o","post_mailing_queue_ids":[],"_links":{"self":[{"href":"https:\/\/irmasdoroteias.pt\/index.php?rest_route=\/wp\/v2\/pages\/791"}],"collection":[{"href":"https:\/\/irmasdoroteias.pt\/index.php?rest_route=\/wp\/v2\/pages"}],"about":[{"href":"https:\/\/irmasdoroteias.pt\/index.php?rest_route=\/wp\/v2\/types\/page"}],"author":[{"embeddable":true,"href":"https:\/\/irmasdoroteias.pt\/index.php?rest_route=\/wp\/v2\/users\/1"}],"replies":[{"embeddable":true,"href":"https:\/\/irmasdoroteias.pt\/index.php?rest_route=%2Fwp%2Fv2%2Fcomments&post=791"}],"version-history":[{"count":0,"href":"https:\/\/irmasdoroteias.pt\/index.php?rest_route=\/wp\/v2\/pages\/791\/revisions"}],"up":[{"embeddable":true,"href":"https:\/\/irmasdoroteias.pt\/index.php?rest_route=\/wp\/v2\/pages\/778"}],"wp:featuredmedia":[{"embeddable":true,"href":"https:\/\/irmasdoroteias.pt\/index.php?rest_route=\/wp\/v2\/media\/947"}],"wp:attachment":[{"href":"https:\/\/irmasdoroteias.pt\/index.php?rest_route=%2Fwp%2Fv2%2Fmedia&parent=791"}],"curies":[{"name":"wp","href":"https:\/\/api.w.org\/{rel}","templated":true}]}}