{"id":786,"date":"2020-06-12T11:44:42","date_gmt":"2020-06-12T11:44:42","guid":{"rendered":"http:\/\/irmasdoroteias.pt\/?page_id=786"},"modified":"2021-01-15T11:09:51","modified_gmt":"2021-01-15T11:09:51","slug":"comunidades-de-oracao","status":"publish","type":"page","link":"https:\/\/irmasdoroteias.pt\/?page_id=786","title":{"rendered":"COMUNIDADES DE ORA\u00c7\u00c3O"},"content":{"rendered":"\n<p>Chamamos <strong>Comunidade de Ora\u00e7\u00e3o<\/strong>, <strong> <\/strong>\u00e0s casas onde vivem as Irm\u00e3s de sa\u00fade mais fragilizada mas que impulsionadas pelo zelo apost\u00f3lico que vivem e sentem, dedicam o seu dia \u00e0 ora\u00e7\u00e3o, num enorme desejo de entregar a Deus a humanidade.<\/p>\n\n\n\n<p>Por isso, se desejar que as Irm\u00e3s rezem por alguma inten\u00e7\u00e3o particular, por favor deixe-nos o seu pedido de ora\u00e7\u00e3o:<\/p>\n\n\n\n<div class=\"wpcf7 no-js\" id=\"wpcf7-f1551-o1\" lang=\"pt-PT\" dir=\"ltr\">\n<div class=\"screen-reader-response\"><p role=\"status\" aria-live=\"polite\" aria-atomic=\"true\"><\/p> <ul><\/ul><\/div>\n<form action=\"\/index.php?rest_route=%2Fwp%2Fv2%2Fpages%2F786#wpcf7-f1551-o1\" method=\"post\" class=\"wpcf7-form init\" aria-label=\"Formul\u00e1rio de contacto\" novalidate=\"novalidate\" data-status=\"init\">\n<div style=\"display: none;\">\n<input type=\"hidden\" name=\"_wpcf7\" value=\"1551\" \/>\n<input type=\"hidden\" name=\"_wpcf7_version\" value=\"5.7.6\" \/>\n<input type=\"hidden\" name=\"_wpcf7_locale\" value=\"pt_PT\" \/>\n<input type=\"hidden\" name=\"_wpcf7_unit_tag\" value=\"wpcf7-f1551-o1\" \/>\n<input type=\"hidden\" name=\"_wpcf7_container_post\" value=\"0\" \/>\n<input type=\"hidden\" name=\"_wpcf7_posted_data_hash\" value=\"\" \/>\n<\/div>\n<p><label> O seu nome (obrigat\u00f3rio)<br \/>\n<span class=\"wpcf7-form-control-wrap\" data-name=\"your-name\"><input size=\"40\" class=\"wpcf7-form-control wpcf7-text wpcf7-validates-as-required\" aria-required=\"true\" aria-invalid=\"false\" value=\"\" type=\"text\" name=\"your-name\" \/><\/span> <\/label>\n<\/p>\n<p><label> O seu pedido de ora\u00e7\u00e3o (obrigat\u00f3rio)<br \/>\n<span class=\"wpcf7-form-control-wrap\" data-name=\"your-message\"><textarea cols=\"40\" rows=\"10\" class=\"wpcf7-form-control wpcf7-textarea wpcf7-validates-as-required\" aria-required=\"true\" aria-invalid=\"false\" name=\"your-message\"><\/textarea><\/span> <\/label>\n<\/p>\n<p><input class=\"wpcf7-form-control has-spinner wpcf7-submit\" type=\"submit\" value=\"Enviar\" \/>\n<\/p><input type='hidden' class='wpcf7-pum' value='{\"closepopup\":false,\"closedelay\":0,\"openpopup\":false,\"openpopup_id\":0}' \/><div class=\"wpcf7-response-output\" aria-hidden=\"true\"><\/div>\n<\/form>\n<\/div>\n\n\n\n\n<hr class=\"wp-block-separator\"\/>\n\n\n\n<div class=\"ghostkit-grid ghostkit-grid-gap-md\"><div class=\"ghostkit-grid-inner\">\n<div class=\"ghostkit-col ghostkit-col-lg-12 ghostkit-col-4\"><div class=\"ghostkit-col-content\">\n<div class=\"wp-block-image is-style-rounded\"><figure class=\"aligncenter size-large is-resized\"><img decoding=\"async\" loading=\"lazy\" src=\"http:\/\/irmasdoroteias.pt\/wp-content\/uploads\/2020\/07\/Coimbra.jpg\" alt=\"\" class=\"wp-image-1580\" width=\"245\" height=\"163\"\/><\/figure><\/div>\n\n\n\n<h5 class=\"has-text-align-center wp-block-heading\"><a href=\"https:\/\/goo.gl\/maps\/uUCApq7XEBXWFvcX7\" target=\"_blank\" rel=\"noreferrer noopener\">Coimbra<\/a><\/h5>\n\n\n\n<div class=\"wp-block-image is-style-rounded\"><figure class=\"aligncenter size-large is-resized\"><img decoding=\"async\" loading=\"lazy\" src=\"http:\/\/irmasdoroteias.pt\/wp-content\/uploads\/2020\/07\/Sard\u00e3os.jpg\" alt=\"\" class=\"wp-image-1583\" width=\"245\" height=\"163\"\/><\/figure><\/div>\n\n\n\n<h5 class=\"has-text-align-center wp-block-heading\"><a href=\"https:\/\/goo.gl\/maps\/6zmoT9Pw3s7cS3YL8\" target=\"_blank\" rel=\"noreferrer noopener\">Sard\u00e3o<\/a><\/h5>\n<\/div><\/div>\n\n\n\n<div class=\"ghostkit-col ghostkit-col-lg-12 ghostkit-col-4\"><div class=\"ghostkit-col-content\">\n<div class=\"wp-block-image is-style-rounded\"><figure class=\"aligncenter size-large is-resized\"><img decoding=\"async\" loading=\"lazy\" src=\"http:\/\/irmasdoroteias.pt\/wp-content\/uploads\/2020\/07\/Linh\u00f3.jpg\" alt=\"\" class=\"wp-image-1582\" width=\"245\" height=\"163\"\/><\/figure><\/div>\n\n\n\n<h5 class=\"has-text-align-center wp-block-heading\"><a href=\"https:\/\/goo.gl\/maps\/nfzn6oVaKsmr3fnt5\" target=\"_blank\" rel=\"noreferrer noopener\">Linh\u00f3 &#8211; Sintra<\/a><\/h5>\n\n\n\n<div class=\"wp-block-image is-style-rounded\"><figure class=\"aligncenter size-large is-resized\"><img decoding=\"async\" loading=\"lazy\" src=\"http:\/\/irmasdoroteias.pt\/wp-content\/uploads\/2020\/07\/Vila-do-Conde.jpg\" alt=\"\" class=\"wp-image-1584\" width=\"245\" height=\"163\"\/><\/figure><\/div>\n\n\n\n<h5 class=\"has-text-align-center wp-block-heading\"><a href=\"https:\/\/goo.gl\/maps\/Pgrbgg4rFpr1eAwC8\" target=\"_blank\" rel=\"noreferrer noopener\">Vila do Conde<\/a><\/h5>\n<\/div><\/div>\n\n\n\n<div class=\"ghostkit-col ghostkit-col-lg-12 ghostkit-col-4\"><div class=\"ghostkit-col-content\">\n<div class=\"wp-block-image is-style-rounded\"><figure class=\"aligncenter size-large is-resized\"><img decoding=\"async\" loading=\"lazy\" src=\"http:\/\/irmasdoroteias.pt\/wp-content\/uploads\/2020\/07\/m_casaoracao.jpg\" alt=\"\" class=\"wp-image-1452\" width=\"245\" height=\"163\"\/><\/figure><\/div>\n\n\n\n<h5 class=\"has-text-align-center wp-block-heading\"><a href=\"https:\/\/goo.gl\/maps\/8ZSdeWEobcwZmHiQ8\" target=\"_blank\" rel=\"noreferrer noopener\">Casa Paula &#8211; Lisboa<\/a><\/h5>\n\n\n\n<div class=\"wp-block-image is-style-rounded\"><figure class=\"aligncenter size-large is-resized\"><img decoding=\"async\" loading=\"lazy\" src=\"http:\/\/irmasdoroteias.pt\/wp-content\/uploads\/2020\/07\/Viseu.jpg\" alt=\"\" class=\"wp-image-1585\" width=\"245\" height=\"163\"\/><\/figure><\/div>\n\n\n\n<h5 class=\"has-text-align-center wp-block-heading\"><a href=\"https:\/\/goo.gl\/maps\/7wC8oJQkaU19XFVv9\" target=\"_blank\" rel=\"noreferrer noopener\">Viseu<\/a><\/h5>\n\n\n\n<p><\/p>\n<\/div><\/div>\n<\/div><\/div>\n","protected":false},"excerpt":{"rendered":"<p>Chamamos Comunidade de Ora\u00e7\u00e3o, \u00e0s casas onde vivem as Irm\u00e3s de sa\u00fade mais fragilizada mas que impulsionadas pelo zelo apost\u00f3lico que vivem e sentem, dedicam o seu dia \u00e0 ora\u00e7\u00e3o, num enorme desejo de entregar a Deus a humanidade. Por isso, se desejar que as Irm\u00e3s rezem por alguma inten\u00e7\u00e3o particular, por favor deixe-nos o [&hellip;]<\/p>\n","protected":false},"author":1,"featured_media":1452,"parent":778,"menu_order":0,"comment_status":"closed","ping_status":"closed","template":"","meta":{"_uag_custom_page_level_css":"","ghostkit_customizer_options":"","ghostkit_custom_css":"","ghostkit_custom_js_head":"","ghostkit_custom_js_foot":"","ghostkit_typography":""},"uagb_featured_image_src":{"full":["https:\/\/irmasdoroteias.pt\/wp-content\/uploads\/2020\/07\/m_casaoracao.jpg",1200,800,false],"thumbnail":["https:\/\/irmasdoroteias.pt\/wp-content\/uploads\/2020\/07\/m_casaoracao.jpg",150,100,false],"medium":["https:\/\/irmasdoroteias.pt\/wp-content\/uploads\/2020\/07\/m_casaoracao-300x200.jpg",300,200,true],"medium_large":["https:\/\/irmasdoroteias.pt\/wp-content\/uploads\/2020\/07\/m_casaoracao.jpg",768,512,false],"large":["https:\/\/irmasdoroteias.pt\/wp-content\/uploads\/2020\/07\/m_casaoracao.jpg",1024,683,false],"1536x1536":["https:\/\/irmasdoroteias.pt\/wp-content\/uploads\/2020\/07\/m_casaoracao.jpg",1200,800,false],"2048x2048":["https:\/\/irmasdoroteias.pt\/wp-content\/uploads\/2020\/07\/m_casaoracao.jpg",1200,800,false]},"uagb_author_info":{"display_name":"Irm\u00e3s Doroteias","author_link":"https:\/\/irmasdoroteias.pt\/?author=1"},"uagb_comment_info":0,"uagb_excerpt":"Chamamos Comunidade de Ora\u00e7\u00e3o, \u00e0s casas onde vivem as Irm\u00e3s de sa\u00fade mais fragilizada mas que impulsionadas pelo zelo apost\u00f3lico que vivem e sentem, dedicam o seu dia \u00e0 ora\u00e7\u00e3o, num enorme desejo de entregar a Deus a humanidade. Por isso, se desejar que as Irm\u00e3s rezem por alguma inten\u00e7\u00e3o particular, por favor deixe-nos o&hellip;","rttpg_featured_image_url":{"full":["https:\/\/irmasdoroteias.pt\/wp-content\/uploads\/2020\/07\/m_casaoracao.jpg",1200,800,false],"landscape":["https:\/\/irmasdoroteias.pt\/wp-content\/uploads\/2020\/07\/m_casaoracao.jpg",1200,800,false],"portraits":["https:\/\/irmasdoroteias.pt\/wp-content\/uploads\/2020\/07\/m_casaoracao.jpg",1200,800,false],"thumbnail":["https:\/\/irmasdoroteias.pt\/wp-content\/uploads\/2020\/07\/m_casaoracao.jpg",150,100,false],"medium":["https:\/\/irmasdoroteias.pt\/wp-content\/uploads\/2020\/07\/m_casaoracao-300x200.jpg",300,200,true],"medium_large":["https:\/\/irmasdoroteias.pt\/wp-content\/uploads\/2020\/07\/m_casaoracao.jpg",768,512,false],"large":["https:\/\/irmasdoroteias.pt\/wp-content\/uploads\/2020\/07\/m_casaoracao.jpg",1024,683,false],"1536x1536":["https:\/\/irmasdoroteias.pt\/wp-content\/uploads\/2020\/07\/m_casaoracao.jpg",1200,800,false],"2048x2048":["https:\/\/irmasdoroteias.pt\/wp-content\/uploads\/2020\/07\/m_casaoracao.jpg",1200,800,false]},"rttpg_author":{"display_name":"Irm\u00e3s Doroteias","author_link":"https:\/\/irmasdoroteias.pt\/?author=1"},"rttpg_comment":0,"rttpg_category":null,"rttpg_excerpt":"Chamamos Comunidade de Ora\u00e7\u00e3o, \u00e0s casas onde vivem as Irm\u00e3s de sa\u00fade mais fragilizada mas que impulsionadas pelo zelo apost\u00f3lico que vivem e sentem, dedicam o seu dia \u00e0 ora\u00e7\u00e3o, num enorme desejo de entregar a Deus a humanidade. Por isso, se desejar que as Irm\u00e3s rezem por alguma inten\u00e7\u00e3o particular, por favor deixe-nos o&hellip;","post_mailing_queue_ids":[],"_links":{"self":[{"href":"https:\/\/irmasdoroteias.pt\/index.php?rest_route=\/wp\/v2\/pages\/786"}],"collection":[{"href":"https:\/\/irmasdoroteias.pt\/index.php?rest_route=\/wp\/v2\/pages"}],"about":[{"href":"https:\/\/irmasdoroteias.pt\/index.php?rest_route=\/wp\/v2\/types\/page"}],"author":[{"embeddable":true,"href":"https:\/\/irmasdoroteias.pt\/index.php?rest_route=\/wp\/v2\/users\/1"}],"replies":[{"embeddable":true,"href":"https:\/\/irmasdoroteias.pt\/index.php?rest_route=%2Fwp%2Fv2%2Fcomments&post=786"}],"version-history":[{"count":0,"href":"https:\/\/irmasdoroteias.pt\/index.php?rest_route=\/wp\/v2\/pages\/786\/revisions"}],"up":[{"embeddable":true,"href":"https:\/\/irmasdoroteias.pt\/index.php?rest_route=\/wp\/v2\/pages\/778"}],"wp:featuredmedia":[{"embeddable":true,"href":"https:\/\/irmasdoroteias.pt\/index.php?rest_route=\/wp\/v2\/media\/1452"}],"wp:attachment":[{"href":"https:\/\/irmasdoroteias.pt\/index.php?rest_route=%2Fwp%2Fv2%2Fmedia&parent=786"}],"curies":[{"name":"wp","href":"https:\/\/api.w.org\/{rel}","templated":true}]}}