{"id":784,"date":"2020-06-12T11:41:19","date_gmt":"2020-06-12T11:41:19","guid":{"rendered":"http:\/\/irmasdoroteias.pt\/?page_id=784"},"modified":"2025-07-21T21:38:56","modified_gmt":"2025-07-21T21:38:56","slug":"comunidades-de-insercao-pastoral-social","status":"publish","type":"page","link":"https:\/\/irmasdoroteias.pt\/?page_id=784","title":{"rendered":"COMUNIDADES DE INSER\u00c7\u00c3O PASTORAL SOCIAL"},"content":{"rendered":"\n<p><em>A inser\u00e7\u00e3o na realidade, a aten\u00e7\u00e3o \u00e0s prioridades da Igreja local, a determina\u00e7\u00e3o de ir aonde houver maiores esperan\u00e7as de um maior servi\u00e7o aos homens expressam a aud\u00e1cia da f\u00e9 e a paix\u00e3o pelo Reino que impulsionaram Paula Frassinetti e que t\u00eam de continuar a marcar a nossa vontade comum de dar a vida at\u00e9 ao fim.<\/em> (Cons.28)<\/p>\n\n\n\n<hr class=\"wp-block-separator has-css-opacity\"\/>\n\n\n\n<div class=\"ghostkit-grid ghostkit-grid-gap-md\"><div class=\"ghostkit-grid-inner\">\n<div class=\"ghostkit-col ghostkit-col-sm-12 ghostkit-col-md-5 ghostkit-col-lg-4\"><div class=\"ghostkit-col-content\"><\/div><\/div>\n\n\n\n<div class=\"ghostkit-col ghostkit-col-sm-12 ghostkit-col-md-5 ghostkit-col-lg-4\"><div class=\"ghostkit-col-content\">\n<figure class=\"wp-block-image size-large is-style-rounded\"><img decoding=\"async\" loading=\"lazy\" width=\"1200\" height=\"800\" src=\"http:\/\/irmasdoroteias.pt\/wp-content\/uploads\/2020\/07\/\u00c9vora.jpg\" alt=\"\" class=\"wp-image-1548\"\/><\/figure>\n\n\n\n<h5 class=\"wp-block-heading has-text-align-center\" id=\"evora\"><a href=\"https:\/\/goo.gl\/maps\/YmA8F1L4SzQzUPEM6\" target=\"_blank\" rel=\"noreferrer noopener\">\u00c9vora<\/a><\/h5>\n<\/div><\/div>\n\n\n\n<div class=\"ghostkit-col ghostkit-col-sm-12 ghostkit-col-md-5 ghostkit-col-lg-4\"><div class=\"ghostkit-col-content\">\n<figure class=\"wp-block-image size-large is-style-rounded\"><img decoding=\"async\" loading=\"lazy\" width=\"1200\" height=\"800\" src=\"http:\/\/irmasdoroteias.pt\/wp-content\/uploads\/2020\/07\/Loul\u00e9.jpg\" alt=\"\" class=\"wp-image-1575\"\/><\/figure>\n\n\n\n<h5 class=\"wp-block-heading has-text-align-center\" id=\"loule\"><a href=\"https:\/\/goo.gl\/maps\/yKWrhgZw4sXueqqU9\" target=\"_blank\" rel=\"noreferrer noopener\">Loul\u00e9<\/a><\/h5>\n<\/div><\/div>\n\n\n\n<div class=\"ghostkit-col ghostkit-col-sm-12 ghostkit-col-md-5 ghostkit-col-lg-4\"><div class=\"ghostkit-col-content\">\n<figure class=\"wp-block-image size-large is-style-rounded\"><img decoding=\"async\" loading=\"lazy\" width=\"1200\" height=\"800\" src=\"http:\/\/irmasdoroteias.pt\/wp-content\/uploads\/2020\/07\/Recard\u00e3es.jpg\" alt=\"\" class=\"wp-image-1480\"\/><\/figure>\n\n\n\n<h5 class=\"wp-block-heading has-text-align-center\" id=\"recardaes\"><a href=\"https:\/\/goo.gl\/maps\/et3AWLNFgf3mHQfYA\" target=\"_blank\" rel=\"noreferrer noopener\">Recard\u00e3es<\/a><\/h5>\n<\/div><\/div>\n<\/div><\/div>\n","protected":false},"excerpt":{"rendered":"<p>A inser\u00e7\u00e3o na realidade, a aten\u00e7\u00e3o \u00e0s prioridades da Igreja local, a determina\u00e7\u00e3o de ir aonde houver maiores esperan\u00e7as de um maior servi\u00e7o aos homens expressam a aud\u00e1cia da f\u00e9 e a paix\u00e3o pelo Reino que impulsionaram Paula Frassinetti e que t\u00eam de continuar a marcar a nossa vontade comum de dar a vida at\u00e9 [&hellip;]<\/p>\n","protected":false},"author":1,"featured_media":820,"parent":778,"menu_order":0,"comment_status":"closed","ping_status":"closed","template":"","meta":{"_uag_custom_page_level_css":"","ghostkit_customizer_options":"","ghostkit_custom_css":"","ghostkit_custom_js_head":"","ghostkit_custom_js_foot":"","ghostkit_typography":""},"uagb_featured_image_src":{"full":["https:\/\/irmasdoroteias.pt\/wp-content\/uploads\/2020\/06\/nagesh-badu-nSn5Labyy-M-unsplash.jpg",1200,792,false],"thumbnail":["https:\/\/irmasdoroteias.pt\/wp-content\/uploads\/2020\/06\/nagesh-badu-nSn5Labyy-M-unsplash.jpg",150,99,false],"medium":["https:\/\/irmasdoroteias.pt\/wp-content\/uploads\/2020\/06\/nagesh-badu-nSn5Labyy-M-unsplash-300x198.jpg",300,198,true],"medium_large":["https:\/\/irmasdoroteias.pt\/wp-content\/uploads\/2020\/06\/nagesh-badu-nSn5Labyy-M-unsplash.jpg",768,507,false],"large":["https:\/\/irmasdoroteias.pt\/wp-content\/uploads\/2020\/06\/nagesh-badu-nSn5Labyy-M-unsplash.jpg",1024,676,false],"1536x1536":["https:\/\/irmasdoroteias.pt\/wp-content\/uploads\/2020\/06\/nagesh-badu-nSn5Labyy-M-unsplash.jpg",1200,792,false],"2048x2048":["https:\/\/irmasdoroteias.pt\/wp-content\/uploads\/2020\/06\/nagesh-badu-nSn5Labyy-M-unsplash.jpg",1200,792,false]},"uagb_author_info":{"display_name":"Irm\u00e3s Doroteias","author_link":"https:\/\/irmasdoroteias.pt\/?author=1"},"uagb_comment_info":0,"uagb_excerpt":"A inser\u00e7\u00e3o na realidade, a aten\u00e7\u00e3o \u00e0s prioridades da Igreja local, a determina\u00e7\u00e3o de ir aonde houver maiores esperan\u00e7as de um maior servi\u00e7o aos homens expressam a aud\u00e1cia da f\u00e9 e a paix\u00e3o pelo Reino que impulsionaram Paula Frassinetti e que t\u00eam de continuar a marcar a nossa vontade comum de dar a vida at\u00e9&hellip;","rttpg_featured_image_url":{"full":["https:\/\/irmasdoroteias.pt\/wp-content\/uploads\/2020\/06\/nagesh-badu-nSn5Labyy-M-unsplash.jpg",1200,792,false],"landscape":["https:\/\/irmasdoroteias.pt\/wp-content\/uploads\/2020\/06\/nagesh-badu-nSn5Labyy-M-unsplash.jpg",1200,792,false],"portraits":["https:\/\/irmasdoroteias.pt\/wp-content\/uploads\/2020\/06\/nagesh-badu-nSn5Labyy-M-unsplash.jpg",1200,792,false],"thumbnail":["https:\/\/irmasdoroteias.pt\/wp-content\/uploads\/2020\/06\/nagesh-badu-nSn5Labyy-M-unsplash.jpg",150,99,false],"medium":["https:\/\/irmasdoroteias.pt\/wp-content\/uploads\/2020\/06\/nagesh-badu-nSn5Labyy-M-unsplash-300x198.jpg",300,198,true],"medium_large":["https:\/\/irmasdoroteias.pt\/wp-content\/uploads\/2020\/06\/nagesh-badu-nSn5Labyy-M-unsplash.jpg",768,507,false],"large":["https:\/\/irmasdoroteias.pt\/wp-content\/uploads\/2020\/06\/nagesh-badu-nSn5Labyy-M-unsplash.jpg",1024,676,false],"1536x1536":["https:\/\/irmasdoroteias.pt\/wp-content\/uploads\/2020\/06\/nagesh-badu-nSn5Labyy-M-unsplash.jpg",1200,792,false],"2048x2048":["https:\/\/irmasdoroteias.pt\/wp-content\/uploads\/2020\/06\/nagesh-badu-nSn5Labyy-M-unsplash.jpg",1200,792,false]},"rttpg_author":{"display_name":"Irm\u00e3s Doroteias","author_link":"https:\/\/irmasdoroteias.pt\/?author=1"},"rttpg_comment":0,"rttpg_category":null,"rttpg_excerpt":"A inser\u00e7\u00e3o na realidade, a aten\u00e7\u00e3o \u00e0s prioridades da Igreja local, a determina\u00e7\u00e3o de ir aonde houver maiores esperan\u00e7as de um maior servi\u00e7o aos homens expressam a aud\u00e1cia da f\u00e9 e a paix\u00e3o pelo Reino que impulsionaram Paula Frassinetti e que t\u00eam de continuar a marcar a nossa vontade comum de dar a vida at\u00e9&hellip;","post_mailing_queue_ids":[],"_links":{"self":[{"href":"https:\/\/irmasdoroteias.pt\/index.php?rest_route=\/wp\/v2\/pages\/784"}],"collection":[{"href":"https:\/\/irmasdoroteias.pt\/index.php?rest_route=\/wp\/v2\/pages"}],"about":[{"href":"https:\/\/irmasdoroteias.pt\/index.php?rest_route=\/wp\/v2\/types\/page"}],"author":[{"embeddable":true,"href":"https:\/\/irmasdoroteias.pt\/index.php?rest_route=\/wp\/v2\/users\/1"}],"replies":[{"embeddable":true,"href":"https:\/\/irmasdoroteias.pt\/index.php?rest_route=%2Fwp%2Fv2%2Fcomments&post=784"}],"version-history":[{"count":1,"href":"https:\/\/irmasdoroteias.pt\/index.php?rest_route=\/wp\/v2\/pages\/784\/revisions"}],"predecessor-version":[{"id":4368,"href":"https:\/\/irmasdoroteias.pt\/index.php?rest_route=\/wp\/v2\/pages\/784\/revisions\/4368"}],"up":[{"embeddable":true,"href":"https:\/\/irmasdoroteias.pt\/index.php?rest_route=\/wp\/v2\/pages\/778"}],"wp:featuredmedia":[{"embeddable":true,"href":"https:\/\/irmasdoroteias.pt\/index.php?rest_route=\/wp\/v2\/media\/820"}],"wp:attachment":[{"href":"https:\/\/irmasdoroteias.pt\/index.php?rest_route=%2Fwp%2Fv2%2Fmedia&parent=784"}],"curies":[{"name":"wp","href":"https:\/\/api.w.org\/{rel}","templated":true}]}}