{"id":782,"date":"2020-06-12T11:38:57","date_gmt":"2020-06-12T11:38:57","guid":{"rendered":"http:\/\/irmasdoroteias.pt\/?page_id=782"},"modified":"2021-01-15T11:11:21","modified_gmt":"2021-01-15T11:11:21","slug":"ipss","status":"publish","type":"page","link":"https:\/\/irmasdoroteias.pt\/?page_id=782","title":{"rendered":"INSTITUI\u00c7\u00d5ES E PROJETOS DE SOLIDARIEDADE SOCIAL"},"content":{"rendered":"\n<p><em>Seguir Cristo pobre exige uma radical pobreza de cora\u00e7\u00e3o que nos abre a Deus e aos outros e nos torna capazes de ser permanentemente evangelizadas, em especial pelos mais pobres. A consci\u00eancia da situa\u00e7\u00e3o de pecado que divide os homens obriga-nos ao empenho pela justi\u00e7a numa solidariedade efectiva com a causa dos pobres, segundo as directivas da Igreja e da Congrega\u00e7\u00e3o.\u201d (Const.16,17)<\/em><\/p>\n\n\n\n<p>As <strong>Institui\u00e7\u00f5es e Projetos de Solidariedade Social<\/strong> t\u00eam como finalidade contribuir para a <strong>forma\u00e7\u00e3o integral e progressiva da pessoa em todas as suas dimens\u00f5es<\/strong>:<\/p>\n\n\n\n<ul><li>Educar integralmente todas as crian\u00e7as segundo os princ\u00edpios orientadores do Evangelho e da pedagogia de Santa Paula Frassinetti. \u2013 Cooperar com as fam\u00edlias na educa\u00e7\u00e3o dos filhos;<\/li><li>Contribuir para o desenvolvimento integral do indiv\u00edduo, por meio de a\u00e7\u00f5es de educa\u00e7\u00e3o e forma\u00e7\u00e3o de jovens e adultos;<\/li><li>Promover a solidariedade social na comunidade, nomeadamente desenvolvendo servi\u00e7os de apoio \u00e0 sociedade e \u00e0 fam\u00edlia.<\/li><\/ul>\n\n\n\n<h5 class=\"wp-block-heading\">A nossa Miss\u00e3o<\/h5>\n\n\n\n<p>A educa\u00e7\u00e3o e promo\u00e7\u00e3o integral do indiv\u00edduo com base nos valores do Evangelho.<\/p>\n\n\n\n<h5 class=\"wp-block-heading\">A nossa Vis\u00e3o<\/h5>\n\n\n\n<p>Serem institui\u00e7\u00f5es sociais com respostas integradas, inovadoras, de qualidade reconhecida e que, de forma pr\u00f3-ativa, responda a necessidades da comunidade envolvente e outras, de forma economicamente sustentada.<\/p>\n\n\n\n<h5 class=\"wp-block-heading\">Os nossos Valores<\/h5>\n\n\n\n<p>Como Institui\u00e7\u00f5es Evangelizadoras, defendemos que \u00e9 sobretudo com a vida e na vida que se educa, pela \u201cvia do cora\u00e7\u00e3o e do amor\u201d.<\/p>\n\n\n\n<p>Acreditamos que as <strong>IPSS<\/strong> devem orientar-se pelos valores da fraternidade, responsabilidade, respeito m\u00fatuo e tratamento justo, em simplicidade e esp\u00edrito de fam\u00edlia e colabora\u00e7\u00e3o. Com um compromisso com uma resposta educativa de elevada qualidade direcionada \u00e0 pessoa toda e a todas as pessoas.<\/p>\n\n\n\n<p>Assim, consideramos como <strong>valores-chave<\/strong>:<\/p>\n\n\n\n<ol type=\"1\"><li>a Igualdade<\/li><li>a Disponibilidade<\/li><li>o Respeito<\/li><li>a Solidariedade<\/li><li>a Responsabilidade<\/li><li>a Compet\u00eancia<\/li><li>a Simplicidade<\/li><li>o Esp\u00edrito de Fam\u00edlia<\/li><\/ol>\n\n\n\n<hr class=\"wp-block-separator\"\/>\n\n\n\n<div class=\"ghostkit-grid ghostkit-grid-gap-md\"><div class=\"ghostkit-grid-inner\">\n<div class=\"ghostkit-col ghostkit-col-md-12 ghostkit-col-lg-6 ghostkit-col-3\"><div class=\"ghostkit-col-content\">\n<div class=\"wp-block-image is-style-rounded\"><figure class=\"aligncenter size-large is-resized\"><a href=\"https:\/\/doroteiascovilha.net\/\" target=\"_blank\" rel=\"noopener noreferrer\"><img decoding=\"async\" loading=\"lazy\" src=\"http:\/\/irmasdoroteias.pt\/wp-content\/uploads\/2020\/06\/Logo_FIC.jpg\" alt=\"\" class=\"wp-image-917\" width=\"192\" height=\"128\"\/><\/a><\/figure><\/div>\n\n\n\n<h5 class=\"has-text-align-center wp-block-heading\">Covilh\u00e3<\/h5>\n<\/div><\/div>\n\n\n\n<div class=\"ghostkit-col ghostkit-col-md-12 ghostkit-col-lg-6 ghostkit-col-3\"><div class=\"ghostkit-col-content\">\n<div class=\"wp-block-image is-style-rounded\"><figure class=\"aligncenter size-large is-resized\"><a href=\"http:\/\/institutosjose.pt\/\" target=\"_blank\" rel=\"noopener noreferrer\"><img decoding=\"async\" loading=\"lazy\" src=\"http:\/\/irmasdoroteias.pt\/wp-content\/uploads\/2020\/06\/Logo_ISJ.jpg\" alt=\"\" class=\"wp-image-918\" width=\"192\" height=\"128\"\/><\/a><\/figure><\/div>\n\n\n\n<h5 class=\"has-text-align-center wp-block-heading\">Vila do Conde<\/h5>\n<\/div><\/div>\n\n\n\n<div class=\"ghostkit-col ghostkit-col-md-12 ghostkit-col-lg-6 ghostkit-col-3\"><div class=\"ghostkit-col-content\">\n<div class=\"wp-block-image is-style-rounded\"><figure class=\"aligncenter size-large is-resized\"><a href=\"http:\/\/www.obrasocialpaulovi.pt\/\" target=\"_blank\" rel=\"noopener noreferrer\"><img decoding=\"async\" loading=\"lazy\" src=\"http:\/\/irmasdoroteias.pt\/wp-content\/uploads\/2020\/06\/Logo_OSPVI.jpg\" alt=\"\" class=\"wp-image-919\" width=\"192\" height=\"128\"\/><\/a><\/figure><\/div>\n\n\n\n<h5 class=\"has-text-align-center wp-block-heading\">Lisboa<\/h5>\n<\/div><\/div>\n\n\n\n<div class=\"ghostkit-col ghostkit-col-md-12 ghostkit-col-lg-6 ghostkit-col-3\"><div class=\"ghostkit-col-content\">\n<div class=\"wp-block-image is-style-rounded\"><figure class=\"aligncenter size-large is-resized\"><a href=\"http:\/\/seiva.co.pt\/\"><img decoding=\"async\" loading=\"lazy\" src=\"http:\/\/irmasdoroteias.pt\/wp-content\/uploads\/2020\/06\/Logo_Seiva.jpg\" alt=\"\" class=\"wp-image-920\" width=\"192\" height=\"128\"\/><\/a><\/figure><\/div>\n\n\n\n<h5 class=\"has-text-align-center wp-block-heading\">Porto<\/h5>\n<\/div><\/div>\n<\/div><\/div>\n\n\n\n<p><\/p>\n","protected":false},"excerpt":{"rendered":"<p>Seguir Cristo pobre exige uma radical pobreza de cora\u00e7\u00e3o que nos abre a Deus e aos outros e nos torna capazes de ser permanentemente evangelizadas, em especial pelos mais pobres. A consci\u00eancia da situa\u00e7\u00e3o de pecado que divide os homens obriga-nos ao empenho pela justi\u00e7a numa solidariedade efectiva com a causa dos pobres, segundo as [&hellip;]<\/p>\n","protected":false},"author":1,"featured_media":1731,"parent":778,"menu_order":0,"comment_status":"closed","ping_status":"closed","template":"","meta":{"_uag_custom_page_level_css":"","ghostkit_customizer_options":"","ghostkit_custom_css":"","ghostkit_custom_js_head":"","ghostkit_custom_js_foot":"","ghostkit_typography":""},"uagb_featured_image_src":{"full":["https:\/\/irmasdoroteias.pt\/wp-content\/uploads\/2020\/08\/m_ipss2.jpg",1200,800,false],"thumbnail":["https:\/\/irmasdoroteias.pt\/wp-content\/uploads\/2020\/08\/m_ipss2.jpg",150,100,false],"medium":["https:\/\/irmasdoroteias.pt\/wp-content\/uploads\/2020\/08\/m_ipss2-300x200.jpg",300,200,true],"medium_large":["https:\/\/irmasdoroteias.pt\/wp-content\/uploads\/2020\/08\/m_ipss2.jpg",768,512,false],"large":["https:\/\/irmasdoroteias.pt\/wp-content\/uploads\/2020\/08\/m_ipss2.jpg",1024,683,false],"1536x1536":["https:\/\/irmasdoroteias.pt\/wp-content\/uploads\/2020\/08\/m_ipss2.jpg",1200,800,false],"2048x2048":["https:\/\/irmasdoroteias.pt\/wp-content\/uploads\/2020\/08\/m_ipss2.jpg",1200,800,false]},"uagb_author_info":{"display_name":"Irm\u00e3s Doroteias","author_link":"https:\/\/irmasdoroteias.pt\/?author=1"},"uagb_comment_info":0,"uagb_excerpt":"Seguir Cristo pobre exige uma radical pobreza de cora\u00e7\u00e3o que nos abre a Deus e aos outros e nos torna capazes de ser permanentemente evangelizadas, em especial pelos mais pobres. A consci\u00eancia da situa\u00e7\u00e3o de pecado que divide os homens obriga-nos ao empenho pela justi\u00e7a numa solidariedade efectiva com a causa dos pobres, segundo as&hellip;","rttpg_featured_image_url":{"full":["https:\/\/irmasdoroteias.pt\/wp-content\/uploads\/2020\/08\/m_ipss2.jpg",1200,800,false],"landscape":["https:\/\/irmasdoroteias.pt\/wp-content\/uploads\/2020\/08\/m_ipss2.jpg",1200,800,false],"portraits":["https:\/\/irmasdoroteias.pt\/wp-content\/uploads\/2020\/08\/m_ipss2.jpg",1200,800,false],"thumbnail":["https:\/\/irmasdoroteias.pt\/wp-content\/uploads\/2020\/08\/m_ipss2.jpg",150,100,false],"medium":["https:\/\/irmasdoroteias.pt\/wp-content\/uploads\/2020\/08\/m_ipss2-300x200.jpg",300,200,true],"medium_large":["https:\/\/irmasdoroteias.pt\/wp-content\/uploads\/2020\/08\/m_ipss2.jpg",768,512,false],"large":["https:\/\/irmasdoroteias.pt\/wp-content\/uploads\/2020\/08\/m_ipss2.jpg",1024,683,false],"1536x1536":["https:\/\/irmasdoroteias.pt\/wp-content\/uploads\/2020\/08\/m_ipss2.jpg",1200,800,false],"2048x2048":["https:\/\/irmasdoroteias.pt\/wp-content\/uploads\/2020\/08\/m_ipss2.jpg",1200,800,false]},"rttpg_author":{"display_name":"Irm\u00e3s Doroteias","author_link":"https:\/\/irmasdoroteias.pt\/?author=1"},"rttpg_comment":0,"rttpg_category":null,"rttpg_excerpt":"Seguir Cristo pobre exige uma radical pobreza de cora\u00e7\u00e3o que nos abre a Deus e aos outros e nos torna capazes de ser permanentemente evangelizadas, em especial pelos mais pobres. A consci\u00eancia da situa\u00e7\u00e3o de pecado que divide os homens obriga-nos ao empenho pela justi\u00e7a numa solidariedade efectiva com a causa dos pobres, segundo as&hellip;","post_mailing_queue_ids":[],"_links":{"self":[{"href":"https:\/\/irmasdoroteias.pt\/index.php?rest_route=\/wp\/v2\/pages\/782"}],"collection":[{"href":"https:\/\/irmasdoroteias.pt\/index.php?rest_route=\/wp\/v2\/pages"}],"about":[{"href":"https:\/\/irmasdoroteias.pt\/index.php?rest_route=\/wp\/v2\/types\/page"}],"author":[{"embeddable":true,"href":"https:\/\/irmasdoroteias.pt\/index.php?rest_route=\/wp\/v2\/users\/1"}],"replies":[{"embeddable":true,"href":"https:\/\/irmasdoroteias.pt\/index.php?rest_route=%2Fwp%2Fv2%2Fcomments&post=782"}],"version-history":[{"count":0,"href":"https:\/\/irmasdoroteias.pt\/index.php?rest_route=\/wp\/v2\/pages\/782\/revisions"}],"up":[{"embeddable":true,"href":"https:\/\/irmasdoroteias.pt\/index.php?rest_route=\/wp\/v2\/pages\/778"}],"wp:featuredmedia":[{"embeddable":true,"href":"https:\/\/irmasdoroteias.pt\/index.php?rest_route=\/wp\/v2\/media\/1731"}],"wp:attachment":[{"href":"https:\/\/irmasdoroteias.pt\/index.php?rest_route=%2Fwp%2Fv2%2Fmedia&parent=782"}],"curies":[{"name":"wp","href":"https:\/\/api.w.org\/{rel}","templated":true}]}}