{"id":778,"date":"2020-06-12T11:33:45","date_gmt":"2020-06-12T11:33:45","guid":{"rendered":"http:\/\/irmasdoroteias.pt\/?page_id=778"},"modified":"2020-12-23T16:09:46","modified_gmt":"2020-12-23T16:09:46","slug":"missao","status":"publish","type":"page","link":"https:\/\/irmasdoroteias.pt\/?page_id=778","title":{"rendered":"A NOSSA MISS\u00c3O"},"content":{"rendered":"\n<p>Pela nossa voca\u00e7\u00e3o na Igreja, somos enviadas a <strong>evangelizar atrav\u00e9s da educa\u00e7\u00e3o<\/strong>. Educar, para n\u00f3s, significa <em>levar cada pessoa a descobrir que \u00e9 amada por Deus, a acreditar nesse amor e a crescer at\u00e9 \u00e0 plenitude da maturidade em Cristo<\/em>.<\/p>\n\n\n\n<p>Na nossa ac\u00e7\u00e3o educativa, procuramos promover a justi\u00e7a e a fraternidade universal, como alternativa geradora de comunh\u00e3o e de solidariedade.<\/p>\n\n\n\n<p>Sentimo-nos chamadas a ser presen\u00e7a-palavra-ac\u00e7\u00e3o transformadora num mundo fragmentado e ferido. Mantemos vivo o esp\u00edrito para discernir a ac\u00e7\u00e3o de Deus na Hist\u00f3ria e colaborar com ela.<\/p>\n\n\n\n<hr class=\"wp-block-separator\"\/>\n\n\n\n<div class=\"ghostkit-grid ghostkit-grid-gap-md\"><div class=\"ghostkit-grid-inner\">\n<div class=\"ghostkit-col ghostkit-col-md-12 ghostkit-col-lg-6 ghostkit-col-3\"><div class=\"ghostkit-col-content\">\n<figure class=\"wp-block-image size-large is-style-rounded\"><img decoding=\"async\" loading=\"lazy\" width=\"1200\" height=\"799\" src=\"http:\/\/irmasdoroteias.pt\/wp-content\/uploads\/2020\/06\/CasasEspiritualidade.jpg\" alt=\"\" class=\"wp-image-947\"\/><\/figure>\n\n\n\n<h5 class=\"has-text-align-center wp-block-heading\"><a href=\"http:\/\/irmasdoroteias.pt\/?page_id=791\">Casas de Espiritualidade<\/a><\/h5>\n\n\n\n<figure class=\"wp-block-image size-large is-style-rounded\"><img decoding=\"async\" loading=\"lazy\" width=\"1600\" height=\"1067\" src=\"http:\/\/irmasdoroteias.pt\/wp-content\/uploads\/2020\/07\/m_campus.jpg\" alt=\"\" class=\"wp-image-1477\"\/><\/figure>\n\n\n\n<h5 class=\"has-text-align-center wp-block-heading\"><a href=\"http:\/\/irmasdoroteias.pt\/?page_id=793\">Campusfrassi.net<\/a><\/h5>\n<\/div><\/div>\n\n\n\n<div class=\"ghostkit-col ghostkit-col-md-12 ghostkit-col-lg-6 ghostkit-col-3\"><div class=\"ghostkit-col-content\">\n<figure class=\"wp-block-image size-large is-style-rounded\"><img decoding=\"async\" loading=\"lazy\" width=\"1200\" height=\"800\" src=\"http:\/\/irmasdoroteias.pt\/wp-content\/uploads\/2020\/07\/m_casaacolhimento2.jpg\" alt=\"\" class=\"wp-image-1464\"\/><\/figure>\n\n\n\n<h5 class=\"has-text-align-center wp-block-heading\"><a href=\"http:\/\/irmasdoroteias.pt\/?page_id=789\">Casa de Acolhimento<\/a><\/h5>\n\n\n\n<figure class=\"wp-block-image size-large is-style-rounded\"><img decoding=\"async\" loading=\"lazy\" width=\"1200\" height=\"800\" src=\"http:\/\/irmasdoroteias.pt\/wp-content\/uploads\/2020\/07\/m_centros-educativos3.jpg\" alt=\"\" class=\"wp-image-1447\"\/><\/figure>\n\n\n\n<h5 class=\"has-text-align-center wp-block-heading\"><a href=\"http:\/\/irmasdoroteias.pt\/?page_id=683\">Centros Educativos<\/a><\/h5>\n<\/div><\/div>\n\n\n\n<div class=\"ghostkit-col ghostkit-col-md-12 ghostkit-col-lg-6 ghostkit-col-3\"><div class=\"ghostkit-col-content\">\n<figure class=\"wp-block-image size-large is-style-rounded\"><img decoding=\"async\" loading=\"lazy\" width=\"1200\" height=\"800\" src=\"http:\/\/irmasdoroteias.pt\/wp-content\/uploads\/2020\/07\/m_casaoracao.jpg\" alt=\"\" class=\"wp-image-1452\"\/><\/figure>\n\n\n\n<h5 class=\"has-text-align-center wp-block-heading\"><a href=\"http:\/\/irmasdoroteias.pt\/?page_id=786\">Comunidade de Ora\u00e7\u00e3o<\/a><\/h5>\n\n\n\n<figure class=\"wp-block-image size-large is-style-rounded\"><img decoding=\"async\" loading=\"lazy\" width=\"1200\" height=\"800\" src=\"http:\/\/irmasdoroteias.pt\/wp-content\/uploads\/2020\/07\/m_ipss.jpg\" alt=\"\" class=\"wp-image-1462\"\/><\/figure>\n\n\n\n<h5 class=\"has-text-align-center wp-block-heading\"><a href=\"http:\/\/irmasdoroteias.pt\/?page_id=782\">Institui\u00e7\u00f5es Particulares Seguran\u00e7a Social<\/a><\/h5>\n<\/div><\/div>\n\n\n\n<div class=\"ghostkit-col ghostkit-col-md-12 ghostkit-col-lg-6 ghostkit-col-3\"><div class=\"ghostkit-col-content\">\n<figure class=\"wp-block-image size-large is-style-rounded\"><img decoding=\"async\" loading=\"lazy\" width=\"1200\" height=\"792\" src=\"http:\/\/irmasdoroteias.pt\/wp-content\/uploads\/2020\/06\/nagesh-badu-nSn5Labyy-M-unsplash.jpg\" alt=\"\" class=\"wp-image-820\"\/><\/figure>\n\n\n\n<h5 class=\"has-text-align-center wp-block-heading\"><a href=\"http:\/\/irmasdoroteias.pt\/?page_id=784\">Comunidades Inser\u00e7\u00e3o Pastoral<\/a><\/h5>\n\n\n\n<figure class=\"wp-block-image size-large is-style-rounded\"><img decoding=\"async\" loading=\"lazy\" width=\"1200\" height=\"800\" src=\"http:\/\/irmasdoroteias.pt\/wp-content\/uploads\/2020\/07\/m__JD.jpg\" alt=\"\" class=\"wp-image-1466\"\/><\/figure>\n\n\n\n<h5 class=\"has-text-align-center wp-block-heading\"><a href=\"http:\/\/irmasdoroteias.pt\/?page_id=796\">Juventude Doroteia<\/a><\/h5>\n<\/div><\/div>\n<\/div><\/div>\n\n\n\n<p><\/p>\n","protected":false},"excerpt":{"rendered":"<p>Pela nossa voca\u00e7\u00e3o na Igreja, somos enviadas a evangelizar atrav\u00e9s da educa\u00e7\u00e3o. Educar, para n\u00f3s, significa levar cada pessoa a descobrir que \u00e9 amada por Deus, a acreditar nesse amor e a crescer at\u00e9 \u00e0 plenitude da maturidade em Cristo. Na nossa ac\u00e7\u00e3o educativa, procuramos promover a justi\u00e7a e a fraternidade universal, como alternativa geradora [&hellip;]<\/p>\n","protected":false},"author":1,"featured_media":1444,"parent":0,"menu_order":0,"comment_status":"closed","ping_status":"closed","template":"","meta":{"_uag_custom_page_level_css":"","ghostkit_customizer_options":"","ghostkit_custom_css":"","ghostkit_custom_js_head":"","ghostkit_custom_js_foot":"","ghostkit_typography":""},"uagb_featured_image_src":{"full":["https:\/\/irmasdoroteias.pt\/wp-content\/uploads\/2020\/07\/m_oquefazemos_v2.jpg",1200,800,false],"thumbnail":["https:\/\/irmasdoroteias.pt\/wp-content\/uploads\/2020\/07\/m_oquefazemos_v2.jpg",150,100,false],"medium":["https:\/\/irmasdoroteias.pt\/wp-content\/uploads\/2020\/07\/m_oquefazemos_v2-300x200.jpg",300,200,true],"medium_large":["https:\/\/irmasdoroteias.pt\/wp-content\/uploads\/2020\/07\/m_oquefazemos_v2.jpg",768,512,false],"large":["https:\/\/irmasdoroteias.pt\/wp-content\/uploads\/2020\/07\/m_oquefazemos_v2.jpg",1024,683,false],"1536x1536":["https:\/\/irmasdoroteias.pt\/wp-content\/uploads\/2020\/07\/m_oquefazemos_v2.jpg",1200,800,false],"2048x2048":["https:\/\/irmasdoroteias.pt\/wp-content\/uploads\/2020\/07\/m_oquefazemos_v2.jpg",1200,800,false]},"uagb_author_info":{"display_name":"Irm\u00e3s Doroteias","author_link":"https:\/\/irmasdoroteias.pt\/?author=1"},"uagb_comment_info":0,"uagb_excerpt":"Pela nossa voca\u00e7\u00e3o na Igreja, somos enviadas a evangelizar atrav\u00e9s da educa\u00e7\u00e3o. Educar, para n\u00f3s, significa levar cada pessoa a descobrir que \u00e9 amada por Deus, a acreditar nesse amor e a crescer at\u00e9 \u00e0 plenitude da maturidade em Cristo. Na nossa ac\u00e7\u00e3o educativa, procuramos promover a justi\u00e7a e a fraternidade universal, como alternativa geradora&hellip;","rttpg_featured_image_url":{"full":["https:\/\/irmasdoroteias.pt\/wp-content\/uploads\/2020\/07\/m_oquefazemos_v2.jpg",1200,800,false],"landscape":["https:\/\/irmasdoroteias.pt\/wp-content\/uploads\/2020\/07\/m_oquefazemos_v2.jpg",1200,800,false],"portraits":["https:\/\/irmasdoroteias.pt\/wp-content\/uploads\/2020\/07\/m_oquefazemos_v2.jpg",1200,800,false],"thumbnail":["https:\/\/irmasdoroteias.pt\/wp-content\/uploads\/2020\/07\/m_oquefazemos_v2.jpg",150,100,false],"medium":["https:\/\/irmasdoroteias.pt\/wp-content\/uploads\/2020\/07\/m_oquefazemos_v2-300x200.jpg",300,200,true],"medium_large":["https:\/\/irmasdoroteias.pt\/wp-content\/uploads\/2020\/07\/m_oquefazemos_v2.jpg",768,512,false],"large":["https:\/\/irmasdoroteias.pt\/wp-content\/uploads\/2020\/07\/m_oquefazemos_v2.jpg",1024,683,false],"1536x1536":["https:\/\/irmasdoroteias.pt\/wp-content\/uploads\/2020\/07\/m_oquefazemos_v2.jpg",1200,800,false],"2048x2048":["https:\/\/irmasdoroteias.pt\/wp-content\/uploads\/2020\/07\/m_oquefazemos_v2.jpg",1200,800,false]},"rttpg_author":{"display_name":"Irm\u00e3s Doroteias","author_link":"https:\/\/irmasdoroteias.pt\/?author=1"},"rttpg_comment":0,"rttpg_category":null,"rttpg_excerpt":"Pela nossa voca\u00e7\u00e3o na Igreja, somos enviadas a evangelizar atrav\u00e9s da educa\u00e7\u00e3o. Educar, para n\u00f3s, significa levar cada pessoa a descobrir que \u00e9 amada por Deus, a acreditar nesse amor e a crescer at\u00e9 \u00e0 plenitude da maturidade em Cristo. Na nossa ac\u00e7\u00e3o educativa, procuramos promover a justi\u00e7a e a fraternidade universal, como alternativa geradora&hellip;","post_mailing_queue_ids":[],"_links":{"self":[{"href":"https:\/\/irmasdoroteias.pt\/index.php?rest_route=\/wp\/v2\/pages\/778"}],"collection":[{"href":"https:\/\/irmasdoroteias.pt\/index.php?rest_route=\/wp\/v2\/pages"}],"about":[{"href":"https:\/\/irmasdoroteias.pt\/index.php?rest_route=\/wp\/v2\/types\/page"}],"author":[{"embeddable":true,"href":"https:\/\/irmasdoroteias.pt\/index.php?rest_route=\/wp\/v2\/users\/1"}],"replies":[{"embeddable":true,"href":"https:\/\/irmasdoroteias.pt\/index.php?rest_route=%2Fwp%2Fv2%2Fcomments&post=778"}],"version-history":[{"count":0,"href":"https:\/\/irmasdoroteias.pt\/index.php?rest_route=\/wp\/v2\/pages\/778\/revisions"}],"wp:featuredmedia":[{"embeddable":true,"href":"https:\/\/irmasdoroteias.pt\/index.php?rest_route=\/wp\/v2\/media\/1444"}],"wp:attachment":[{"href":"https:\/\/irmasdoroteias.pt\/index.php?rest_route=%2Fwp%2Fv2%2Fmedia&parent=778"}],"curies":[{"name":"wp","href":"https:\/\/api.w.org\/{rel}","templated":true}]}}