{"id":761,"date":"2020-06-12T11:16:05","date_gmt":"2020-06-12T11:16:05","guid":{"rendered":"http:\/\/irmasdoroteias.pt\/?page_id=761"},"modified":"2021-07-25T13:23:28","modified_gmt":"2021-07-25T13:23:28","slug":"etapas","status":"publish","type":"page","link":"https:\/\/irmasdoroteias.pt\/?page_id=761","title":{"rendered":"Etapas"},"content":{"rendered":"\n<div class=\"ghostkit-grid ghostkit-grid-gap-md\"><div class=\"ghostkit-grid-inner\">\n<div class=\"ghostkit-col ghostkit-col-md-12 ghostkit-col-6\"><div class=\"ghostkit-col-content\">\n<div class=\"wp-block-image is-style-rounded\"><figure class=\"aligncenter size-large is-resized\"><img decoding=\"async\" loading=\"lazy\" src=\"http:\/\/irmasdoroteias.pt\/wp-content\/uploads\/2020\/06\/m_discernimento.jpg\" alt=\"\" class=\"wp-image-1347\" width=\"300\" height=\"200\"\/><\/figure><\/div>\n\n\n\n<h4 class=\"has-text-align-center wp-block-heading\">Discernimento<\/h4>\n<\/div><\/div>\n\n\n\n<div class=\"ghostkit-col ghostkit-col-md-12 ghostkit-col-6\"><div class=\"ghostkit-col-content\">\n<p>Etapa em que se \u201coferece \u00e0 pessoa condi\u00ad\u00e7\u00f5es para<strong>&nbsp;descobrir a sua voca\u00e7\u00e3o na Igreja<\/strong>, clarifi\u00adcando as suas motiva\u00e7\u00f5es.\u201d (Doc. Forma\u00e7\u00e3o)<\/p>\n<\/div><\/div>\n<\/div><\/div>\n\n\n\n<div class=\"ghostkit-grid ghostkit-grid-gap-md\"><div class=\"ghostkit-grid-inner\">\n<div class=\"ghostkit-col ghostkit-col-md-12 ghostkit-col-6\"><div class=\"ghostkit-col-content\">\n<div class=\"wp-block-image is-style-rounded\"><figure class=\"aligncenter size-large is-resized\"><img decoding=\"async\" loading=\"lazy\" src=\"http:\/\/irmasdoroteias.pt\/wp-content\/uploads\/2020\/06\/m_postulantado2.jpg\" alt=\"\" class=\"wp-image-1348\" width=\"300\" height=\"200\"\/><\/figure><\/div>\n\n\n\n<h4 class=\"has-text-align-center wp-block-heading\">Postulantado<\/h4>\n\n\n\n<p><\/p>\n<\/div><\/div>\n\n\n\n<div class=\"ghostkit-col ghostkit-col-md-12 ghostkit-col-6\"><div class=\"ghostkit-col-content\">\n<p>\u201cCaminho de&nbsp;<strong>discernimento pessoal e comunit\u00e1rio<\/strong>&nbsp;da Postulante em ordem a clarificar as suas motiva\u00e7\u00f5es profundas, verificar a sua op\u00e7\u00e3o de vida e consolidar as condi\u00e7\u00f5es b\u00e1sicas para a integra\u00e7\u00e3o na fam\u00edlia religiosa de Paula.\u201d (Doc. Forma\u00e7\u00e3o)<\/p>\n<\/div><\/div>\n<\/div><\/div>\n\n\n\n<div class=\"ghostkit-grid ghostkit-grid-gap-md\"><div class=\"ghostkit-grid-inner\">\n<div class=\"ghostkit-col ghostkit-col-md-12 ghostkit-col-6\"><div class=\"ghostkit-col-content\">\n<div class=\"wp-block-image is-style-rounded\"><figure class=\"aligncenter size-large is-resized\"><img decoding=\"async\" loading=\"lazy\" src=\"http:\/\/irmasdoroteias.pt\/wp-content\/uploads\/2020\/06\/m_noviciado.jpg\" alt=\"\" class=\"wp-image-1349\" width=\"300\" height=\"200\"\/><\/figure><\/div>\n\n\n\n<h4 class=\"has-text-align-center wp-block-heading\">Noviciado<\/h4>\n<\/div><\/div>\n\n\n\n<div class=\"ghostkit-col ghostkit-col-md-12 ghostkit-col-6\"><div class=\"ghostkit-col-content\">\n<p>\u201cTempo de profunda experi\u00eancia religiosa, pessoal e comunit\u00e1ria, que leva a Novi\u00e7a a&nbsp;<strong>descobrir o significado vital do segui-mento de Jesus como Doroteia<\/strong>&nbsp;e a fazer a op\u00e7\u00e3o pela nossa vida religiosa.\u201d (Doc. Forma\u00e7\u00e3o)<\/p>\n<\/div><\/div>\n<\/div><\/div>\n\n\n\n<div class=\"ghostkit-grid ghostkit-grid-gap-md\"><div class=\"ghostkit-grid-inner\">\n<div class=\"ghostkit-col ghostkit-col-md-12 ghostkit-col-6\"><div class=\"ghostkit-col-content\">\n<div class=\"wp-block-image is-style-rounded\"><figure class=\"aligncenter size-large is-resized\"><img decoding=\"async\" loading=\"lazy\" src=\"http:\/\/irmasdoroteias.pt\/wp-content\/uploads\/2020\/06\/m_juniorado.jpg\" alt=\"\" class=\"wp-image-1350\" width=\"300\" height=\"200\"\/><\/figure><\/div>\n\n\n\n<h4 class=\"has-text-align-center wp-block-heading\">Juniorado<\/h4>\n<\/div><\/div>\n\n\n\n<div class=\"ghostkit-col ghostkit-col-md-12 ghostkit-col-6\"><div class=\"ghostkit-col-content\">\n<p>\u201cTempo de experi\u00eancia da vida concreta que ajuda a Junior a&nbsp;<strong>crescer no compromisso com Jesus<\/strong>&nbsp;e a integrar-se, progressivamente, na miss\u00e3o apost\u00f3lica da comunidade, com sentido de perten\u00e7a ao corpo da Congrega\u00e7\u00e3o.\u201d (Doc. Forma\u00e7\u00e3o)<\/p>\n<\/div><\/div>\n<\/div><\/div>\n\n\n\n<div class=\"ghostkit-grid ghostkit-grid-gap-md\"><div class=\"ghostkit-grid-inner\">\n<div class=\"ghostkit-col ghostkit-col-md-12 ghostkit-col-6\"><div class=\"ghostkit-col-content\">\n<div class=\"wp-block-image is-style-rounded\"><figure class=\"aligncenter size-large is-resized\"><img decoding=\"async\" loading=\"lazy\" src=\"http:\/\/irmasdoroteias.pt\/wp-content\/uploads\/2020\/06\/m_permanente.jpg\" alt=\"\" class=\"wp-image-1351\" width=\"300\" height=\"200\"\/><\/figure><\/div>\n\n\n\n<h4 class=\"has-text-align-center wp-block-heading\">Ao longo da vida<\/h4>\n<\/div><\/div>\n\n\n\n<div class=\"ghostkit-col ghostkit-col-md-12 ghostkit-col-6\"><div class=\"ghostkit-col-content\">\n<p>\u201cDinamismo pessoal\/comunit\u00e1rio que oferece \u00e0s Irm\u00e3s condi\u00e7\u00f5es para alcan\u00e7ar a maturidade pr\u00f3pria de cada idade, man-tendo a&nbsp;<strong>qualidade da nossa vida consagrada e a efic\u00e1cia da nossa miss\u00e3o na Igreja ao servi\u00e7o do Reino<\/strong>, sendo, assim&nbsp;<strong>sinal do absoluto de Deus para a humanidade de hoje<\/strong>.\u201d (Doc. Forma\u00e7\u00e3o)<\/p>\n<\/div><\/div>\n<\/div><\/div>\n\n\n\n<hr class=\"wp-block-separator\"\/>\n\n\n\n<div class=\"ghostkit-grid ghostkit-grid-gap-md\"><div class=\"ghostkit-grid-inner\">\n<div class=\"ghostkit-col ghostkit-col-md-12 ghostkit-col-lg-6 ghostkit-col-3\"><div class=\"ghostkit-col-content\">\n<figure class=\"wp-block-image size-large is-style-rounded\"><img decoding=\"async\" loading=\"lazy\" width=\"384\" height=\"256\" src=\"http:\/\/irmasdoroteias.pt\/wp-content\/uploads\/2020\/06\/m_paula.jpg\" alt=\"\" class=\"wp-image-830\"\/><\/figure>\n\n\n\n<h5 class=\"has-text-align-center wp-block-heading\"><a href=\"http:\/\/irmasdoroteias.pt\/?page_id=677\">Paula, um Dom de Deus<\/a><\/h5>\n<\/div><\/div>\n\n\n\n<div class=\"ghostkit-col ghostkit-col-md-12 ghostkit-col-lg-6 ghostkit-col-3\"><div class=\"ghostkit-col-content\">\n<figure class=\"wp-block-image size-large is-style-rounded\"><img decoding=\"async\" loading=\"lazy\" width=\"1200\" height=\"800\" src=\"http:\/\/irmasdoroteias.pt\/wp-content\/uploads\/2020\/06\/m_quemsomos_identidade-1.jpg\" alt=\"\" class=\"wp-image-872\"\/><\/figure>\n\n\n\n<h5 class=\"has-text-align-center wp-block-heading\"><a href=\"http:\/\/irmasdoroteias.pt\/?page_id=680\">Identidade<\/a><\/h5>\n<\/div><\/div>\n\n\n\n<div class=\"ghostkit-col ghostkit-col-md-12 ghostkit-col-lg-6 ghostkit-col-3\"><div class=\"ghostkit-col-content\">\n<figure class=\"wp-block-image size-large is-style-rounded\"><img decoding=\"async\" loading=\"lazy\" width=\"384\" height=\"256\" src=\"http:\/\/irmasdoroteias.pt\/wp-content\/uploads\/2020\/06\/m_quemsomos_espiritualidade.jpg\" alt=\"\" class=\"wp-image-874\"\/><\/figure>\n\n\n\n<h5 class=\"has-text-align-center wp-block-heading\"><a href=\"http:\/\/irmasdoroteias.pt\/?page_id=752\">Espiritualidade<\/a><\/h5>\n<\/div><\/div>\n\n\n\n<div class=\"ghostkit-col ghostkit-col-md-12 ghostkit-col-lg-6 ghostkit-col-3\"><div class=\"ghostkit-col-content\">\n<figure class=\"wp-block-image size-large is-style-rounded\"><img decoding=\"async\" loading=\"lazy\" width=\"1200\" height=\"800\" src=\"http:\/\/irmasdoroteias.pt\/wp-content\/uploads\/2020\/06\/m_voca\u00e7\u00e3o.jpg\" alt=\"\" class=\"wp-image-826\"\/><\/figure>\n\n\n\n<h5 class=\"has-text-align-center wp-block-heading\"><a href=\"http:\/\/irmasdoroteias.pt\/?page_id=716\">Ser Doroteia<\/a><\/h5>\n<\/div><\/div>\n<\/div><\/div>\n","protected":false},"excerpt":{"rendered":"","protected":false},"author":1,"featured_media":894,"parent":716,"menu_order":0,"comment_status":"closed","ping_status":"closed","template":"right-sidebar.php","meta":{"_uag_custom_page_level_css":"","ghostkit_customizer_options":"","ghostkit_custom_css":"","ghostkit_custom_js_head":"","ghostkit_custom_js_foot":"","ghostkit_typography":""},"uagb_featured_image_src":{"full":["https:\/\/irmasdoroteias.pt\/wp-content\/uploads\/2020\/06\/roberto-reposo-Io-t-LlCHXM-unsplash.jpg",1200,800,false],"thumbnail":["https:\/\/irmasdoroteias.pt\/wp-content\/uploads\/2020\/06\/roberto-reposo-Io-t-LlCHXM-unsplash.jpg",150,100,false],"medium":["https:\/\/irmasdoroteias.pt\/wp-content\/uploads\/2020\/06\/roberto-reposo-Io-t-LlCHXM-unsplash-300x200.jpg",300,200,true],"medium_large":["https:\/\/irmasdoroteias.pt\/wp-content\/uploads\/2020\/06\/roberto-reposo-Io-t-LlCHXM-unsplash.jpg",768,512,false],"large":["https:\/\/irmasdoroteias.pt\/wp-content\/uploads\/2020\/06\/roberto-reposo-Io-t-LlCHXM-unsplash.jpg",1024,683,false],"1536x1536":["https:\/\/irmasdoroteias.pt\/wp-content\/uploads\/2020\/06\/roberto-reposo-Io-t-LlCHXM-unsplash.jpg",1200,800,false],"2048x2048":["https:\/\/irmasdoroteias.pt\/wp-content\/uploads\/2020\/06\/roberto-reposo-Io-t-LlCHXM-unsplash.jpg",1200,800,false]},"uagb_author_info":{"display_name":"Irm\u00e3s Doroteias","author_link":"https:\/\/irmasdoroteias.pt\/?author=1"},"uagb_comment_info":0,"uagb_excerpt":null,"rttpg_featured_image_url":{"full":["https:\/\/irmasdoroteias.pt\/wp-content\/uploads\/2020\/06\/roberto-reposo-Io-t-LlCHXM-unsplash.jpg",1200,800,false],"landscape":["https:\/\/irmasdoroteias.pt\/wp-content\/uploads\/2020\/06\/roberto-reposo-Io-t-LlCHXM-unsplash.jpg",1200,800,false],"portraits":["https:\/\/irmasdoroteias.pt\/wp-content\/uploads\/2020\/06\/roberto-reposo-Io-t-LlCHXM-unsplash.jpg",1200,800,false],"thumbnail":["https:\/\/irmasdoroteias.pt\/wp-content\/uploads\/2020\/06\/roberto-reposo-Io-t-LlCHXM-unsplash.jpg",150,100,false],"medium":["https:\/\/irmasdoroteias.pt\/wp-content\/uploads\/2020\/06\/roberto-reposo-Io-t-LlCHXM-unsplash-300x200.jpg",300,200,true],"medium_large":["https:\/\/irmasdoroteias.pt\/wp-content\/uploads\/2020\/06\/roberto-reposo-Io-t-LlCHXM-unsplash.jpg",768,512,false],"large":["https:\/\/irmasdoroteias.pt\/wp-content\/uploads\/2020\/06\/roberto-reposo-Io-t-LlCHXM-unsplash.jpg",1024,683,false],"1536x1536":["https:\/\/irmasdoroteias.pt\/wp-content\/uploads\/2020\/06\/roberto-reposo-Io-t-LlCHXM-unsplash.jpg",1200,800,false],"2048x2048":["https:\/\/irmasdoroteias.pt\/wp-content\/uploads\/2020\/06\/roberto-reposo-Io-t-LlCHXM-unsplash.jpg",1200,800,false]},"rttpg_author":{"display_name":"Irm\u00e3s Doroteias","author_link":"https:\/\/irmasdoroteias.pt\/?author=1"},"rttpg_comment":0,"rttpg_category":null,"rttpg_excerpt":null,"post_mailing_queue_ids":[],"_links":{"self":[{"href":"https:\/\/irmasdoroteias.pt\/index.php?rest_route=\/wp\/v2\/pages\/761"}],"collection":[{"href":"https:\/\/irmasdoroteias.pt\/index.php?rest_route=\/wp\/v2\/pages"}],"about":[{"href":"https:\/\/irmasdoroteias.pt\/index.php?rest_route=\/wp\/v2\/types\/page"}],"author":[{"embeddable":true,"href":"https:\/\/irmasdoroteias.pt\/index.php?rest_route=\/wp\/v2\/users\/1"}],"replies":[{"embeddable":true,"href":"https:\/\/irmasdoroteias.pt\/index.php?rest_route=%2Fwp%2Fv2%2Fcomments&post=761"}],"version-history":[{"count":0,"href":"https:\/\/irmasdoroteias.pt\/index.php?rest_route=\/wp\/v2\/pages\/761\/revisions"}],"up":[{"embeddable":true,"href":"https:\/\/irmasdoroteias.pt\/index.php?rest_route=\/wp\/v2\/pages\/716"}],"wp:featuredmedia":[{"embeddable":true,"href":"https:\/\/irmasdoroteias.pt\/index.php?rest_route=\/wp\/v2\/media\/894"}],"wp:attachment":[{"href":"https:\/\/irmasdoroteias.pt\/index.php?rest_route=%2Fwp%2Fv2%2Fmedia&parent=761"}],"curies":[{"name":"wp","href":"https:\/\/api.w.org\/{rel}","templated":true}]}}