{"id":758,"date":"2020-06-12T11:06:30","date_gmt":"2020-06-12T11:06:30","guid":{"rendered":"http:\/\/irmasdoroteias.pt\/?page_id=758"},"modified":"2021-07-25T13:21:17","modified_gmt":"2021-07-25T13:21:17","slug":"formacao","status":"publish","type":"page","link":"https:\/\/irmasdoroteias.pt\/?page_id=758","title":{"rendered":"Forma\u00e7\u00e3o"},"content":{"rendered":"\n<p><em>O processo da nossa transforma\u00e7\u00e3o em Cristo unifica toda a nossa vida fazendo-nos ap\u00f3stolas de f\u00e9 inabal\u00e1vel e operativa que, em total abandono ao Pai, n\u00e3o t\u00eam outra inten\u00e7\u00e3o nem outro desejo a n\u00e3o ser a realiza\u00e7\u00e3o da sua Vontade. A estrutura interior de uma Doroteia, formada na escola dos Exerc\u00edcios Espirituais de Santo In\u00e1cio, exige a mais perfeita abnega\u00e7\u00e3o e uma generosidade sempre maior que s\u00f3 a familiaridade cont\u00ednua com Deus pode alcan\u00e7ar. (Const. art\u00ba6-7)<\/em><\/p>\n\n\n\n<div class=\"ghostkit-grid ghostkit-grid-gap-md\"><div class=\"ghostkit-grid-inner\">\n<div class=\"ghostkit-col ghostkit-col-md-12 ghostkit-col-lg-6 ghostkit-col-3\"><div class=\"ghostkit-col-content\">\n<h4 class=\"has-text-align-center wp-block-heading\">Dimens\u00e3o Humana<\/h4>\n<\/div><\/div>\n\n\n\n<div class=\"ghostkit-col ghostkit-col-md-12 ghostkit-col-lg-6 ghostkit-col-3\"><div class=\"ghostkit-col-content\">\n<h4 class=\"has-text-align-center wp-block-heading\">Dimens\u00e3o Comunit\u00e1ria<\/h4>\n<\/div><\/div>\n\n\n\n<div class=\"ghostkit-col ghostkit-col-md-12 ghostkit-col-lg-6 ghostkit-col-3\"><div class=\"ghostkit-col-content\">\n<h4 class=\"has-text-align-center wp-block-heading\">Dimens\u00e3o Apost\u00f3lica<\/h4>\n<\/div><\/div>\n\n\n\n<div class=\"ghostkit-col ghostkit-col-md-12 ghostkit-col-lg-6 ghostkit-col-3\"><div class=\"ghostkit-col-content\">\n<h4 class=\"has-text-align-center wp-block-heading\">Dimens\u00e3o Espiritual<\/h4>\n<\/div><\/div>\n<\/div><\/div>\n\n\n\n<hr class=\"wp-block-separator\"\/>\n\n\n\n<div class=\"ghostkit-grid ghostkit-grid-gap-md\"><div class=\"ghostkit-grid-inner\">\n<div class=\"ghostkit-col ghostkit-col-sm-12 ghostkit-col-md-5 ghostkit-col-lg-4\"><div class=\"ghostkit-col-content\">\n<figure class=\"wp-block-image size-large is-style-rounded\"><img decoding=\"async\" loading=\"lazy\" width=\"384\" height=\"256\" src=\"http:\/\/irmasdoroteias.pt\/wp-content\/uploads\/2020\/06\/m_paula.jpg\" alt=\"\" class=\"wp-image-830\"\/><\/figure>\n\n\n\n<h5 class=\"has-text-align-center wp-block-heading\"><a href=\"http:\/\/irmasdoroteias.pt\/?page_id=677\">Paula, um Dom de Deus<\/a><\/h5>\n<\/div><\/div>\n\n\n\n<div class=\"ghostkit-col ghostkit-col-sm-12 ghostkit-col-md-5 ghostkit-col-lg-4\"><div class=\"ghostkit-col-content\">\n<figure class=\"wp-block-image size-large is-style-rounded\"><img decoding=\"async\" loading=\"lazy\" width=\"1200\" height=\"800\" src=\"http:\/\/irmasdoroteias.pt\/wp-content\/uploads\/2020\/06\/m_quemsomos_identidade-1.jpg\" alt=\"\" class=\"wp-image-872\"\/><\/figure>\n\n\n\n<h5 class=\"has-text-align-center wp-block-heading\"><a href=\"http:\/\/irmasdoroteias.pt\/?page_id=680\">Identidade<\/a><\/h5>\n<\/div><\/div>\n\n\n\n<div class=\"ghostkit-col ghostkit-col-sm-12 ghostkit-col-md-5 ghostkit-col-lg-4\"><div class=\"ghostkit-col-content\">\n<figure class=\"wp-block-image size-large is-style-rounded\"><img decoding=\"async\" loading=\"lazy\" width=\"384\" height=\"256\" src=\"http:\/\/irmasdoroteias.pt\/wp-content\/uploads\/2020\/06\/m_quemsomos_espiritualidade.jpg\" alt=\"\" class=\"wp-image-874\"\/><\/figure>\n\n\n\n<h5 class=\"has-text-align-center wp-block-heading\"><a href=\"http:\/\/irmasdoroteias.pt\/?page_id=752\">Espiritualidade<\/a><\/h5>\n<\/div><\/div>\n\n\n\n<div class=\"ghostkit-col ghostkit-col-sm-12 ghostkit-col-md-5 ghostkit-col-lg-4\"><div class=\"ghostkit-col-content\">\n<figure class=\"wp-block-image size-large is-style-rounded\"><img decoding=\"async\" loading=\"lazy\" width=\"1200\" height=\"800\" src=\"http:\/\/irmasdoroteias.pt\/wp-content\/uploads\/2020\/06\/m_voca\u00e7\u00e3o.jpg\" alt=\"\" class=\"wp-image-826\"\/><\/figure>\n\n\n\n<h5 class=\"has-text-align-center wp-block-heading\"><a href=\"http:\/\/irmasdoroteias.pt\/?page_id=716\">Ser Doroteia<\/a><\/h5>\n<\/div><\/div>\n<\/div><\/div>\n\n\n\n<p><\/p>\n","protected":false},"excerpt":{"rendered":"<p>O processo da nossa transforma\u00e7\u00e3o em Cristo unifica toda a nossa vida fazendo-nos ap\u00f3stolas de f\u00e9 inabal\u00e1vel e operativa que, em total abandono ao Pai, n\u00e3o t\u00eam outra inten\u00e7\u00e3o nem outro desejo a n\u00e3o ser a realiza\u00e7\u00e3o da sua Vontade. A estrutura interior de uma Doroteia, formada na escola dos Exerc\u00edcios Espirituais de Santo In\u00e1cio, [&hellip;]<\/p>\n","protected":false},"author":1,"featured_media":889,"parent":716,"menu_order":0,"comment_status":"closed","ping_status":"closed","template":"right-sidebar.php","meta":{"_uag_custom_page_level_css":"","ghostkit_customizer_options":"","ghostkit_custom_css":"","ghostkit_custom_js_head":"","ghostkit_custom_js_foot":"","ghostkit_typography":""},"uagb_featured_image_src":{"full":["https:\/\/irmasdoroteias.pt\/wp-content\/uploads\/2020\/06\/m_forma\u00e7\u00e3o.jpg",1200,800,false],"thumbnail":["https:\/\/irmasdoroteias.pt\/wp-content\/uploads\/2020\/06\/m_forma\u00e7\u00e3o.jpg",150,100,false],"medium":["https:\/\/irmasdoroteias.pt\/wp-content\/uploads\/2020\/06\/m_forma\u00e7\u00e3o-300x200.jpg",300,200,true],"medium_large":["https:\/\/irmasdoroteias.pt\/wp-content\/uploads\/2020\/06\/m_forma\u00e7\u00e3o.jpg",768,512,false],"large":["https:\/\/irmasdoroteias.pt\/wp-content\/uploads\/2020\/06\/m_forma\u00e7\u00e3o.jpg",1024,683,false],"1536x1536":["https:\/\/irmasdoroteias.pt\/wp-content\/uploads\/2020\/06\/m_forma\u00e7\u00e3o.jpg",1200,800,false],"2048x2048":["https:\/\/irmasdoroteias.pt\/wp-content\/uploads\/2020\/06\/m_forma\u00e7\u00e3o.jpg",1200,800,false]},"uagb_author_info":{"display_name":"Irm\u00e3s Doroteias","author_link":"https:\/\/irmasdoroteias.pt\/?author=1"},"uagb_comment_info":0,"uagb_excerpt":"O processo da nossa transforma\u00e7\u00e3o em Cristo unifica toda a nossa vida fazendo-nos ap\u00f3stolas de f\u00e9 inabal\u00e1vel e operativa que, em total abandono ao Pai, n\u00e3o t\u00eam outra inten\u00e7\u00e3o nem outro desejo a n\u00e3o ser a realiza\u00e7\u00e3o da sua Vontade. A estrutura interior de uma Doroteia, formada na escola dos Exerc\u00edcios Espirituais de Santo In\u00e1cio,&hellip;","rttpg_featured_image_url":{"full":["https:\/\/irmasdoroteias.pt\/wp-content\/uploads\/2020\/06\/m_forma\u00e7\u00e3o.jpg",1200,800,false],"landscape":["https:\/\/irmasdoroteias.pt\/wp-content\/uploads\/2020\/06\/m_forma\u00e7\u00e3o.jpg",1200,800,false],"portraits":["https:\/\/irmasdoroteias.pt\/wp-content\/uploads\/2020\/06\/m_forma\u00e7\u00e3o.jpg",1200,800,false],"thumbnail":["https:\/\/irmasdoroteias.pt\/wp-content\/uploads\/2020\/06\/m_forma\u00e7\u00e3o.jpg",150,100,false],"medium":["https:\/\/irmasdoroteias.pt\/wp-content\/uploads\/2020\/06\/m_forma\u00e7\u00e3o-300x200.jpg",300,200,true],"medium_large":["https:\/\/irmasdoroteias.pt\/wp-content\/uploads\/2020\/06\/m_forma\u00e7\u00e3o.jpg",768,512,false],"large":["https:\/\/irmasdoroteias.pt\/wp-content\/uploads\/2020\/06\/m_forma\u00e7\u00e3o.jpg",1024,683,false],"1536x1536":["https:\/\/irmasdoroteias.pt\/wp-content\/uploads\/2020\/06\/m_forma\u00e7\u00e3o.jpg",1200,800,false],"2048x2048":["https:\/\/irmasdoroteias.pt\/wp-content\/uploads\/2020\/06\/m_forma\u00e7\u00e3o.jpg",1200,800,false]},"rttpg_author":{"display_name":"Irm\u00e3s Doroteias","author_link":"https:\/\/irmasdoroteias.pt\/?author=1"},"rttpg_comment":0,"rttpg_category":null,"rttpg_excerpt":"O processo da nossa transforma\u00e7\u00e3o em Cristo unifica toda a nossa vida fazendo-nos ap\u00f3stolas de f\u00e9 inabal\u00e1vel e operativa que, em total abandono ao Pai, n\u00e3o t\u00eam outra inten\u00e7\u00e3o nem outro desejo a n\u00e3o ser a realiza\u00e7\u00e3o da sua Vontade. A estrutura interior de uma Doroteia, formada na escola dos Exerc\u00edcios Espirituais de Santo In\u00e1cio,&hellip;","post_mailing_queue_ids":[],"_links":{"self":[{"href":"https:\/\/irmasdoroteias.pt\/index.php?rest_route=\/wp\/v2\/pages\/758"}],"collection":[{"href":"https:\/\/irmasdoroteias.pt\/index.php?rest_route=\/wp\/v2\/pages"}],"about":[{"href":"https:\/\/irmasdoroteias.pt\/index.php?rest_route=\/wp\/v2\/types\/page"}],"author":[{"embeddable":true,"href":"https:\/\/irmasdoroteias.pt\/index.php?rest_route=\/wp\/v2\/users\/1"}],"replies":[{"embeddable":true,"href":"https:\/\/irmasdoroteias.pt\/index.php?rest_route=%2Fwp%2Fv2%2Fcomments&post=758"}],"version-history":[{"count":0,"href":"https:\/\/irmasdoroteias.pt\/index.php?rest_route=\/wp\/v2\/pages\/758\/revisions"}],"up":[{"embeddable":true,"href":"https:\/\/irmasdoroteias.pt\/index.php?rest_route=\/wp\/v2\/pages\/716"}],"wp:featuredmedia":[{"embeddable":true,"href":"https:\/\/irmasdoroteias.pt\/index.php?rest_route=\/wp\/v2\/media\/889"}],"wp:attachment":[{"href":"https:\/\/irmasdoroteias.pt\/index.php?rest_route=%2Fwp%2Fv2%2Fmedia&parent=758"}],"curies":[{"name":"wp","href":"https:\/\/api.w.org\/{rel}","templated":true}]}}