{"id":716,"date":"2020-06-11T11:28:28","date_gmt":"2020-06-11T11:28:28","guid":{"rendered":"http:\/\/irmasdoroteias.pt\/?page_id=716"},"modified":"2020-12-23T16:08:40","modified_gmt":"2020-12-23T16:08:40","slug":"vocacao","status":"publish","type":"page","link":"https:\/\/irmasdoroteias.pt\/?page_id=716","title":{"rendered":"SER DOROTEIA"},"content":{"rendered":"\n<p><em>Pela nossa voca\u00e7\u00e3o na Igreja somos enviadas a evangelizar atrav\u00e9s da Educa\u00e7\u00e3o, com prefer\u00eancia pela juventude e pelos mais pobres.<\/em><br><em>Educar, para n\u00f3s, significa deixar-nos possuir pela pedagogia do Evangelho que leva o homem a descobrir que \u00e9 amado por Deus, a acreditar nesse amor e a crescer como pessoa at\u00e9 \u00e0 plenitude da maturidade em Cristo. (Const. art\u00ba26)<\/em><\/p>\n\n\n\n<div class=\"wp-block-columns is-layout-flex wp-container-3\">\n<div class=\"wp-block-column is-layout-flow\">\n<div class=\"wp-block-image is-style-rounded\"><figure class=\"aligncenter size-large is-resized\"><img decoding=\"async\" loading=\"lazy\" src=\"http:\/\/irmasdoroteias.pt\/wp-content\/uploads\/2020\/06\/m_forma\u00e7\u00e3o.jpg\" alt=\"\" class=\"wp-image-889\" width=\"300\" height=\"200\"\/><\/figure><\/div>\n\n\n\n<h4 class=\"has-text-align-center wp-block-heading\"><a href=\"http:\/\/irmasdoroteias.pt\/?page_id=758\">Forma\u00e7\u00e3o<\/a><\/h4>\n<\/div>\n\n\n\n<div class=\"wp-block-column is-layout-flow\">\n<div class=\"wp-block-image is-style-rounded\"><figure class=\"aligncenter size-large is-resized\"><img decoding=\"async\" loading=\"lazy\" src=\"http:\/\/irmasdoroteias.pt\/wp-content\/uploads\/2020\/06\/roberto-reposo-Io-t-LlCHXM-unsplash.jpg\" alt=\"\" class=\"wp-image-894\" width=\"300\" height=\"200\"\/><\/figure><\/div>\n\n\n\n<h4 class=\"has-text-align-center wp-block-heading\"><a href=\"http:\/\/irmasdoroteias.pt\/?page_id=761\">Etapas<\/a><\/h4>\n<\/div>\n<\/div>\n\n\n\n<hr class=\"wp-block-separator\"\/>\n\n\n\n<div class=\"ghostkit-grid ghostkit-grid-gap-md\"><div class=\"ghostkit-grid-inner\">\n<div class=\"ghostkit-col ghostkit-col-md-12 ghostkit-col-lg-6 ghostkit-col-3\"><div class=\"ghostkit-col-content\">\n<figure class=\"wp-block-image size-large is-style-rounded\"><img decoding=\"async\" loading=\"lazy\" width=\"384\" height=\"256\" src=\"http:\/\/irmasdoroteias.pt\/wp-content\/uploads\/2020\/06\/m_paula.jpg\" alt=\"\" class=\"wp-image-830\"\/><\/figure>\n\n\n\n<h5 class=\"has-text-align-center wp-block-heading\"><a href=\"http:\/\/irmasdoroteias.pt\/?page_id=677\">Paula, um Dom de Deus<\/a><\/h5>\n<\/div><\/div>\n\n\n\n<div class=\"ghostkit-col ghostkit-col-md-12 ghostkit-col-lg-6 ghostkit-col-3\"><div class=\"ghostkit-col-content\">\n<figure class=\"wp-block-image size-large is-style-rounded\"><img decoding=\"async\" loading=\"lazy\" width=\"1200\" height=\"800\" src=\"http:\/\/irmasdoroteias.pt\/wp-content\/uploads\/2020\/06\/m_quemsomos_identidade-1.jpg\" alt=\"\" class=\"wp-image-872\"\/><\/figure>\n\n\n\n<h5 class=\"has-text-align-center wp-block-heading\"><a href=\"http:\/\/irmasdoroteias.pt\/?page_id=680\">Identidade<\/a><\/h5>\n<\/div><\/div>\n\n\n\n<div class=\"ghostkit-col ghostkit-col-md-12 ghostkit-col-lg-6 ghostkit-col-3\"><div class=\"ghostkit-col-content\">\n<figure class=\"wp-block-image size-large is-style-rounded\"><img decoding=\"async\" loading=\"lazy\" width=\"384\" height=\"256\" src=\"http:\/\/irmasdoroteias.pt\/wp-content\/uploads\/2020\/06\/m_quemsomos_espiritualidade.jpg\" alt=\"\" class=\"wp-image-874\"\/><\/figure>\n\n\n\n<h5 class=\"has-text-align-center wp-block-heading\"><a href=\"http:\/\/irmasdoroteias.pt\/?page_id=752\">Espiritualidade<\/a><\/h5>\n<\/div><\/div>\n\n\n\n<div class=\"ghostkit-col ghostkit-col-md-12 ghostkit-col-lg-6 ghostkit-col-3\"><div class=\"ghostkit-col-content\">\n<figure class=\"wp-block-image size-large is-style-rounded\"><img decoding=\"async\" loading=\"lazy\" width=\"1200\" height=\"800\" src=\"http:\/\/irmasdoroteias.pt\/wp-content\/uploads\/2020\/06\/m_voca\u00e7\u00e3o.jpg\" alt=\"\" class=\"wp-image-826\"\/><\/figure>\n\n\n\n<h5 class=\"has-text-align-center wp-block-heading\">Ser Doroteia<\/h5>\n<\/div><\/div>\n<\/div><\/div>\n","protected":false},"excerpt":{"rendered":"<p>Pela nossa voca\u00e7\u00e3o na Igreja somos enviadas a evangelizar atrav\u00e9s da Educa\u00e7\u00e3o, com prefer\u00eancia pela juventude e pelos mais pobres.Educar, para n\u00f3s, significa deixar-nos possuir pela pedagogia do Evangelho que leva o homem a descobrir que \u00e9 amado por Deus, a acreditar nesse amor e a crescer como pessoa at\u00e9 \u00e0 plenitude da maturidade em [&hellip;]<\/p>\n","protected":false},"author":1,"featured_media":826,"parent":745,"menu_order":0,"comment_status":"closed","ping_status":"closed","template":"","meta":{"_uag_custom_page_level_css":"","ghostkit_customizer_options":"","ghostkit_custom_css":"","ghostkit_custom_js_head":"","ghostkit_custom_js_foot":"","ghostkit_typography":""},"uagb_featured_image_src":{"full":["https:\/\/irmasdoroteias.pt\/wp-content\/uploads\/2020\/06\/m_voca\u00e7\u00e3o.jpg",1200,800,false],"thumbnail":["https:\/\/irmasdoroteias.pt\/wp-content\/uploads\/2020\/06\/m_voca\u00e7\u00e3o.jpg",150,100,false],"medium":["https:\/\/irmasdoroteias.pt\/wp-content\/uploads\/2020\/06\/m_voca\u00e7\u00e3o-300x200.jpg",300,200,true],"medium_large":["https:\/\/irmasdoroteias.pt\/wp-content\/uploads\/2020\/06\/m_voca\u00e7\u00e3o.jpg",768,512,false],"large":["https:\/\/irmasdoroteias.pt\/wp-content\/uploads\/2020\/06\/m_voca\u00e7\u00e3o.jpg",1024,683,false],"1536x1536":["https:\/\/irmasdoroteias.pt\/wp-content\/uploads\/2020\/06\/m_voca\u00e7\u00e3o.jpg",1200,800,false],"2048x2048":["https:\/\/irmasdoroteias.pt\/wp-content\/uploads\/2020\/06\/m_voca\u00e7\u00e3o.jpg",1200,800,false]},"uagb_author_info":{"display_name":"Irm\u00e3s Doroteias","author_link":"https:\/\/irmasdoroteias.pt\/?author=1"},"uagb_comment_info":0,"uagb_excerpt":"Pela nossa voca\u00e7\u00e3o na Igreja somos enviadas a evangelizar atrav\u00e9s da Educa\u00e7\u00e3o, com prefer\u00eancia pela juventude e pelos mais pobres.Educar, para n\u00f3s, significa deixar-nos possuir pela pedagogia do Evangelho que leva o homem a descobrir que \u00e9 amado por Deus, a acreditar nesse amor e a crescer como pessoa at\u00e9 \u00e0 plenitude da maturidade em&hellip;","rttpg_featured_image_url":{"full":["https:\/\/irmasdoroteias.pt\/wp-content\/uploads\/2020\/06\/m_voca\u00e7\u00e3o.jpg",1200,800,false],"landscape":["https:\/\/irmasdoroteias.pt\/wp-content\/uploads\/2020\/06\/m_voca\u00e7\u00e3o.jpg",1200,800,false],"portraits":["https:\/\/irmasdoroteias.pt\/wp-content\/uploads\/2020\/06\/m_voca\u00e7\u00e3o.jpg",1200,800,false],"thumbnail":["https:\/\/irmasdoroteias.pt\/wp-content\/uploads\/2020\/06\/m_voca\u00e7\u00e3o.jpg",150,100,false],"medium":["https:\/\/irmasdoroteias.pt\/wp-content\/uploads\/2020\/06\/m_voca\u00e7\u00e3o-300x200.jpg",300,200,true],"medium_large":["https:\/\/irmasdoroteias.pt\/wp-content\/uploads\/2020\/06\/m_voca\u00e7\u00e3o.jpg",768,512,false],"large":["https:\/\/irmasdoroteias.pt\/wp-content\/uploads\/2020\/06\/m_voca\u00e7\u00e3o.jpg",1024,683,false],"1536x1536":["https:\/\/irmasdoroteias.pt\/wp-content\/uploads\/2020\/06\/m_voca\u00e7\u00e3o.jpg",1200,800,false],"2048x2048":["https:\/\/irmasdoroteias.pt\/wp-content\/uploads\/2020\/06\/m_voca\u00e7\u00e3o.jpg",1200,800,false]},"rttpg_author":{"display_name":"Irm\u00e3s Doroteias","author_link":"https:\/\/irmasdoroteias.pt\/?author=1"},"rttpg_comment":0,"rttpg_category":null,"rttpg_excerpt":"Pela nossa voca\u00e7\u00e3o na Igreja somos enviadas a evangelizar atrav\u00e9s da Educa\u00e7\u00e3o, com prefer\u00eancia pela juventude e pelos mais pobres.Educar, para n\u00f3s, significa deixar-nos possuir pela pedagogia do Evangelho que leva o homem a descobrir que \u00e9 amado por Deus, a acreditar nesse amor e a crescer como pessoa at\u00e9 \u00e0 plenitude da maturidade em&hellip;","post_mailing_queue_ids":[],"_links":{"self":[{"href":"https:\/\/irmasdoroteias.pt\/index.php?rest_route=\/wp\/v2\/pages\/716"}],"collection":[{"href":"https:\/\/irmasdoroteias.pt\/index.php?rest_route=\/wp\/v2\/pages"}],"about":[{"href":"https:\/\/irmasdoroteias.pt\/index.php?rest_route=\/wp\/v2\/types\/page"}],"author":[{"embeddable":true,"href":"https:\/\/irmasdoroteias.pt\/index.php?rest_route=\/wp\/v2\/users\/1"}],"replies":[{"embeddable":true,"href":"https:\/\/irmasdoroteias.pt\/index.php?rest_route=%2Fwp%2Fv2%2Fcomments&post=716"}],"version-history":[{"count":0,"href":"https:\/\/irmasdoroteias.pt\/index.php?rest_route=\/wp\/v2\/pages\/716\/revisions"}],"up":[{"embeddable":true,"href":"https:\/\/irmasdoroteias.pt\/index.php?rest_route=\/wp\/v2\/pages\/745"}],"wp:featuredmedia":[{"embeddable":true,"href":"https:\/\/irmasdoroteias.pt\/index.php?rest_route=\/wp\/v2\/media\/826"}],"wp:attachment":[{"href":"https:\/\/irmasdoroteias.pt\/index.php?rest_route=%2Fwp%2Fv2%2Fmedia&parent=716"}],"curies":[{"name":"wp","href":"https:\/\/api.w.org\/{rel}","templated":true}]}}