{"id":683,"date":"2020-06-09T23:14:00","date_gmt":"2020-06-09T23:14:00","guid":{"rendered":"http:\/\/irmasdoroteias.pt\/?page_id=683"},"modified":"2025-07-22T09:33:20","modified_gmt":"2025-07-22T09:33:20","slug":"centros-educativos","status":"publish","type":"page","link":"https:\/\/irmasdoroteias.pt\/?page_id=683","title":{"rendered":"CENTROS EDUCATIVOS"},"content":{"rendered":"\n<p>Os <strong>Centros Educativos<\/strong> s\u00e3o Comunidades Evangelizadoras que educam ao <strong>estilo de Paula Frassinetti<\/strong> e que, atrav\u00e9s da rela\u00e7\u00e3o pr\u00f3xima e personalizada e pelo exemplo, promovem o crescimento harmonioso da pessoa para que seja protagonista da pr\u00f3pria vida e <strong>agente de transforma\u00e7\u00e3o da realidade<\/strong>.<\/p>\n\n\n\n<h5 class=\"wp-block-heading\" id=\"comunidade-evangelizadora\">Comunidade Evangelizadora<\/h5>\n\n\n\n<ol type=\"1\">\n<li>Escola Cat\u00f3lica \u2013 F\u00e9 e Raz\u00e3o<\/li>\n\n\n\n<li>Pedagogia do Evangelho<\/li>\n<\/ol>\n\n\n\n<h5 class=\"wp-block-heading\" id=\"educar-ao-estilo-de-paula\">Educar ao estilo de Paula<\/h5>\n\n\n\n<ol type=\"1\">\n<li>Via do Cora\u00e7\u00e3o e do Amor<\/li>\n\n\n\n<li>Esp\u00edrito de Fam\u00edlia<\/li>\n\n\n\n<li>Exemplo-testemunho<\/li>\n\n\n\n<li>Simplicidade<\/li>\n\n\n\n<li>Suavidade e Firmeza<\/li>\n\n\n\n<li>Centralidade da Pessoa<\/li>\n\n\n\n<li>Rela\u00e7\u00e3o pr\u00f3xima, personalizada e motivadora<\/li>\n\n\n\n<li>Aten\u00e7\u00e3o aos mais vulner\u00e1veis<\/li>\n<\/ol>\n\n\n\n<h5 class=\"wp-block-heading\" id=\"crescimento-harmonioso-da-pessoa\">Crescimento harmonioso da pessoa<\/h5>\n\n\n\n<ol type=\"1\">\n<li>Dimens\u00e3o Humana<\/li>\n\n\n\n<li>Dimens\u00e3o Cultural<\/li>\n\n\n\n<li>Dimens\u00e3o Religiosa<\/li>\n<\/ol>\n\n\n\n<h5 class=\"wp-block-heading\" id=\"protagonista-da-propria-vida\">Protagonista da pr\u00f3pria vida<\/h5>\n\n\n\n<ol type=\"1\">\n<li>Consciente (autoconhecimento, interioridade-espiritualidade, autonomia, liberdade, responsabilidade, sentido cr\u00edtico)<\/li>\n\n\n\n<li>Competente (sabe ler a realidade; mobiliza o conhecimento; resolve criativamente situa\u00e7\u00f5es)<\/li>\n<\/ol>\n\n\n\n<h5 class=\"wp-block-heading\" id=\"agente-de-transformacao-da-realidade\">Agente de transforma\u00e7\u00e3o da realidade<\/h5>\n\n\n\n<ol type=\"1\">\n<li>Compassivo (sens\u00edvel ao sofrimento do outro; com sentido da justi\u00e7a do Reino)<\/li>\n\n\n\n<li>Respons\u00e1vel (solid\u00e1rio; comprometido; com esperan\u00e7a e coragem na constru\u00e7\u00e3o de um mundo mais fraterno e ecol\u00f3gico)<\/li>\n<\/ol>\n\n\n\n<hr class=\"wp-block-separator has-css-opacity\"\/>\n\n\n<div class=\"wp-block-image is-style-rounded\">\n<figure class=\"aligncenter size-full is-resized\"><a href=\"https:\/\/irmasdoroteias.pt\/?page_id=2019\" target=\"_blank\" rel=\"noopener noreferrer\"><img decoding=\"async\" loading=\"lazy\" src=\"https:\/\/irmasdoroteias.pt\/wp-content\/uploads\/2021\/01\/Ativo_1_1.png\" alt=\"\" class=\"wp-image-2031\" width=\"283\" height=\"135\"\/><\/a><\/figure><\/div>\n\n\n<hr class=\"wp-block-separator has-css-opacity\"\/>\n\n\n\n<div class=\"ghostkit-grid ghostkit-grid-gap-md ghostkit-grid-with-bg\"><div class=\"nk-awb\"><div class=\"nk-awb-wrap\" data-awb-type=\"color\"><div class=\"nk-awb-overlay\" style=\"background-color:#ffffff\"><\/div><\/div><\/div><div class=\"ghostkit-grid-inner\">\n<div class=\"ghostkit-col ghostkit-col-sm-12 ghostkit-col-md-5 ghostkit-col-lg-4 ghostkit-col-with-bg\"><div class=\"nk-awb\"><div class=\"nk-awb-wrap\" data-awb-type=\"color\"><div class=\"nk-awb-overlay\" style=\"background-color:#ffffff\"><\/div><\/div><\/div><div class=\"ghostkit-col-content\"><div class=\"wp-block-image is-style-rounded\">\n<figure class=\"aligncenter size-large is-resized\"><a href=\"https:\/\/www.doroteiasviseu.pt\/\" target=\"_blank\" rel=\"noopener noreferrer\"><img decoding=\"async\" loading=\"lazy\" src=\"http:\/\/irmasdoroteias.pt\/wp-content\/uploads\/2020\/06\/Logo_CIC.jpg\" alt=\"\" class=\"wp-image-923\" width=\"192\" height=\"128\"\/><\/a><\/figure><\/div>\n\n\n<h5 class=\"wp-block-heading has-text-align-center\" id=\"viseu\">Viseu<\/h5>\n\n\n<div class=\"wp-block-image is-style-rounded\">\n<figure class=\"aligncenter size-large is-resized\"><a href=\"https:\/\/www.externatodoparque.pt\/\" target=\"_blank\" rel=\"noopener noreferrer\"><img decoding=\"async\" loading=\"lazy\" src=\"http:\/\/irmasdoroteias.pt\/wp-content\/uploads\/2020\/06\/Logo_EP.jpg\" alt=\"\" class=\"wp-image-934\" width=\"192\" height=\"128\"\/><\/a><\/figure><\/div>\n\n\n<h5 class=\"wp-block-heading has-text-align-center\" id=\"lisboa\">Lisboa<\/h5>\n<\/div><\/div>\n\n\n\n<div class=\"ghostkit-col ghostkit-col-sm-12 ghostkit-col-md-5 ghostkit-col-lg-4 ghostkit-col-with-bg\"><div class=\"nk-awb\"><div class=\"nk-awb-wrap\" data-awb-type=\"color\"><div class=\"nk-awb-overlay\" style=\"background-color:#ffffff\"><\/div><\/div><\/div><div class=\"ghostkit-col-content\"><div class=\"wp-block-image is-style-rounded\">\n<figure class=\"aligncenter size-large is-resized\"><a href=\"https:\/\/colegiodapaz.pt\/\" target=\"_blank\" rel=\"noopener noreferrer\"><img decoding=\"async\" loading=\"lazy\" src=\"http:\/\/irmasdoroteias.pt\/wp-content\/uploads\/2020\/06\/Logo_CNSP.jpg\" alt=\"\" class=\"wp-image-930\" width=\"192\" height=\"128\"\/><\/a><\/figure><\/div>\n\n\n<h5 class=\"wp-block-heading has-text-align-center\" id=\"porto\">Porto<\/h5>\n\n\n<div class=\"wp-block-image is-style-rounded\">\n<figure class=\"aligncenter size-large is-resized\"><a href=\"https:\/\/doroteiascovilha.net\/\" target=\"_blank\" rel=\"noopener noreferrer\"><img decoding=\"async\" loading=\"lazy\" src=\"http:\/\/irmasdoroteias.pt\/wp-content\/uploads\/2020\/06\/Logo_FIC.jpg\" alt=\"\" class=\"wp-image-917\" width=\"192\" height=\"128\"\/><\/a><\/figure><\/div>\n\n\n<h5 class=\"wp-block-heading has-text-align-center\" id=\"covilha\">Covilh\u00e3<\/h5>\n<\/div><\/div>\n\n\n\n<div class=\"ghostkit-col ghostkit-col-sm-12 ghostkit-col-md-5 ghostkit-col-lg-4\"><div class=\"ghostkit-col-content\"><div class=\"wp-block-image is-style-rounded\">\n<figure class=\"aligncenter size-large is-resized\"><a href=\"https:\/\/www.colegiodosardao.org\/\" target=\"_blank\" rel=\"noopener noreferrer\"><img decoding=\"async\" loading=\"lazy\" src=\"http:\/\/irmasdoroteias.pt\/wp-content\/uploads\/2020\/06\/Logo_CSard\u00e3o.jpg\" alt=\"\" class=\"wp-image-927\" width=\"192\" height=\"128\"\/><\/a><\/figure><\/div>\n\n\n<h5 class=\"wp-block-heading has-text-align-center\" id=\"oliveira-do-douro-vngaia\">Oliveira do Douro-VNGaia<\/h5>\n\n\n<div class=\"wp-block-image is-style-rounded\">\n<figure class=\"aligncenter size-large is-resized\"><a href=\"http:\/\/institutosjose.pt\/\" target=\"_blank\" rel=\"noopener noreferrer\"><img decoding=\"async\" loading=\"lazy\" src=\"http:\/\/irmasdoroteias.pt\/wp-content\/uploads\/2020\/06\/Logo_ISJ.jpg\" alt=\"\" class=\"wp-image-918\" width=\"192\" height=\"128\"\/><\/a><\/figure><\/div>\n\n\n<h5 class=\"wp-block-heading has-text-align-center\" id=\"vila-do-conde\">Vila do Conde<\/h5>\n<\/div><\/div>\n\n\n\n<div class=\"ghostkit-col ghostkit-col-sm-12 ghostkit-col-md-5 ghostkit-col-lg-4\"><div class=\"ghostkit-col-content\"><div class=\"wp-block-image is-style-rounded\">\n<figure class=\"aligncenter size-large is-resized\"><a href=\"https:\/\/www.csdoroteia.edu.pt\/\" target=\"_blank\" rel=\"noopener noreferrer\"><img decoding=\"async\" loading=\"lazy\" src=\"http:\/\/irmasdoroteias.pt\/wp-content\/uploads\/2020\/06\/Logo_CSD.jpg\" alt=\"\" class=\"wp-image-929\" width=\"192\" height=\"128\"\/><\/a><\/figure><\/div>\n\n\n<h5 class=\"wp-block-heading has-text-align-center\" id=\"lisboa\">Lisboa<\/h5>\n\n\n<div class=\"wp-block-image is-style-rounded\">\n<figure class=\"aligncenter size-large is-resized\"><a href=\"http:\/\/www.obrasocialpaulovi.pt\/\" target=\"_blank\" rel=\"noopener noreferrer\"><img decoding=\"async\" loading=\"lazy\" src=\"http:\/\/irmasdoroteias.pt\/wp-content\/uploads\/2020\/06\/Logo_OSPVI.jpg\" alt=\"\" class=\"wp-image-919\" width=\"192\" height=\"128\"\/><\/a><\/figure><\/div>\n\n\n<h5 class=\"wp-block-heading has-text-align-center\" id=\"lisboa\">Lisboa<\/h5>\n<\/div><\/div>\n\n\n\n<div class=\"ghostkit-col ghostkit-col-sm-12 ghostkit-col-md-5 ghostkit-col-lg-4\"><div class=\"ghostkit-col-content\"><div class=\"wp-block-image is-style-rounded\">\n<figure class=\"aligncenter size-large is-resized\"><a href=\"https:\/\/www.esepf.pt\/\" target=\"_blank\" rel=\"noopener noreferrer\"><img decoding=\"async\" loading=\"lazy\" src=\"http:\/\/irmasdoroteias.pt\/wp-content\/uploads\/2020\/06\/Logo_ESEPF.jpg\" alt=\"\" class=\"wp-image-933\" width=\"192\" height=\"128\"\/><\/a><\/figure><\/div>\n\n\n<h5 class=\"wp-block-heading has-text-align-center\" id=\"porto\">Porto<\/h5>\n\n\n<div class=\"wp-block-image is-style-rounded\">\n<figure class=\"aligncenter size-large is-resized\"><a href=\"http:\/\/www.educa-dor.org\/pt\/\" target=\"_blank\" rel=\"noopener noreferrer\"><img decoding=\"async\" loading=\"lazy\" src=\"http:\/\/irmasdoroteias.pt\/wp-content\/uploads\/2020\/06\/Logo_educador.jpg\" alt=\"\" class=\"wp-image-936\" width=\"192\" height=\"128\"\/><\/a><\/figure><\/div>\n\n\n<h5 class=\"wp-block-heading has-text-align-center\" id=\"europa\">Europa<\/h5>\n\n\n\n<p><\/p>\n<\/div><\/div>\n<\/div><\/div>\n","protected":false},"excerpt":{"rendered":"<p>Os Centros Educativos s\u00e3o Comunidades Evangelizadoras que educam ao estilo de Paula Frassinetti e que, atrav\u00e9s da rela\u00e7\u00e3o pr\u00f3xima e personalizada e pelo exemplo, promovem o crescimento harmonioso da pessoa para que seja protagonista da pr\u00f3pria vida e agente de transforma\u00e7\u00e3o da realidade. Comunidade Evangelizadora Educar ao estilo de Paula Crescimento harmonioso da pessoa Protagonista [&hellip;]<\/p>\n","protected":false},"author":1,"featured_media":1274,"parent":778,"menu_order":0,"comment_status":"closed","ping_status":"closed","template":"","meta":{"_uag_custom_page_level_css":"","ghostkit_customizer_options":"","ghostkit_custom_css":"","ghostkit_custom_js_head":"","ghostkit_custom_js_foot":"","ghostkit_typography":""},"uagb_featured_image_src":{"full":["https:\/\/irmasdoroteias.pt\/wp-content\/uploads\/2020\/06\/m_centros-educativos2.jpg",1973,657,false],"thumbnail":["https:\/\/irmasdoroteias.pt\/wp-content\/uploads\/2020\/06\/m_centros-educativos2.jpg",150,50,false],"medium":["https:\/\/irmasdoroteias.pt\/wp-content\/uploads\/2020\/06\/m_centros-educativos2-300x100.jpg",300,100,true],"medium_large":["https:\/\/irmasdoroteias.pt\/wp-content\/uploads\/2020\/06\/m_centros-educativos2.jpg",768,256,false],"large":["https:\/\/irmasdoroteias.pt\/wp-content\/uploads\/2020\/06\/m_centros-educativos2.jpg",1024,341,false],"1536x1536":["https:\/\/irmasdoroteias.pt\/wp-content\/uploads\/2020\/06\/m_centros-educativos2.jpg",1536,511,false],"2048x2048":["https:\/\/irmasdoroteias.pt\/wp-content\/uploads\/2020\/06\/m_centros-educativos2.jpg",1973,657,false]},"uagb_author_info":{"display_name":"Irm\u00e3s Doroteias","author_link":"https:\/\/irmasdoroteias.pt\/?author=1"},"uagb_comment_info":0,"uagb_excerpt":"Os Centros Educativos s\u00e3o Comunidades Evangelizadoras que educam ao estilo de Paula Frassinetti e que, atrav\u00e9s da rela\u00e7\u00e3o pr\u00f3xima e personalizada e pelo exemplo, promovem o crescimento harmonioso da pessoa para que seja protagonista da pr\u00f3pria vida e agente de transforma\u00e7\u00e3o da realidade. Comunidade Evangelizadora Educar ao estilo de Paula Crescimento harmonioso da pessoa Protagonista&hellip;","rttpg_featured_image_url":{"full":["https:\/\/irmasdoroteias.pt\/wp-content\/uploads\/2020\/06\/m_centros-educativos2.jpg",1973,657,false],"landscape":["https:\/\/irmasdoroteias.pt\/wp-content\/uploads\/2020\/06\/m_centros-educativos2.jpg",1973,657,false],"portraits":["https:\/\/irmasdoroteias.pt\/wp-content\/uploads\/2020\/06\/m_centros-educativos2.jpg",1973,657,false],"thumbnail":["https:\/\/irmasdoroteias.pt\/wp-content\/uploads\/2020\/06\/m_centros-educativos2.jpg",150,50,false],"medium":["https:\/\/irmasdoroteias.pt\/wp-content\/uploads\/2020\/06\/m_centros-educativos2-300x100.jpg",300,100,true],"medium_large":["https:\/\/irmasdoroteias.pt\/wp-content\/uploads\/2020\/06\/m_centros-educativos2.jpg",768,256,false],"large":["https:\/\/irmasdoroteias.pt\/wp-content\/uploads\/2020\/06\/m_centros-educativos2.jpg",1024,341,false],"1536x1536":["https:\/\/irmasdoroteias.pt\/wp-content\/uploads\/2020\/06\/m_centros-educativos2.jpg",1536,511,false],"2048x2048":["https:\/\/irmasdoroteias.pt\/wp-content\/uploads\/2020\/06\/m_centros-educativos2.jpg",1973,657,false]},"rttpg_author":{"display_name":"Irm\u00e3s Doroteias","author_link":"https:\/\/irmasdoroteias.pt\/?author=1"},"rttpg_comment":0,"rttpg_category":null,"rttpg_excerpt":"Os Centros Educativos s\u00e3o Comunidades Evangelizadoras que educam ao estilo de Paula Frassinetti e que, atrav\u00e9s da rela\u00e7\u00e3o pr\u00f3xima e personalizada e pelo exemplo, promovem o crescimento harmonioso da pessoa para que seja protagonista da pr\u00f3pria vida e agente de transforma\u00e7\u00e3o da realidade. Comunidade Evangelizadora Educar ao estilo de Paula Crescimento harmonioso da pessoa Protagonista&hellip;","post_mailing_queue_ids":[],"_links":{"self":[{"href":"https:\/\/irmasdoroteias.pt\/index.php?rest_route=\/wp\/v2\/pages\/683"}],"collection":[{"href":"https:\/\/irmasdoroteias.pt\/index.php?rest_route=\/wp\/v2\/pages"}],"about":[{"href":"https:\/\/irmasdoroteias.pt\/index.php?rest_route=\/wp\/v2\/types\/page"}],"author":[{"embeddable":true,"href":"https:\/\/irmasdoroteias.pt\/index.php?rest_route=\/wp\/v2\/users\/1"}],"replies":[{"embeddable":true,"href":"https:\/\/irmasdoroteias.pt\/index.php?rest_route=%2Fwp%2Fv2%2Fcomments&post=683"}],"version-history":[{"count":3,"href":"https:\/\/irmasdoroteias.pt\/index.php?rest_route=\/wp\/v2\/pages\/683\/revisions"}],"predecessor-version":[{"id":4375,"href":"https:\/\/irmasdoroteias.pt\/index.php?rest_route=\/wp\/v2\/pages\/683\/revisions\/4375"}],"up":[{"embeddable":true,"href":"https:\/\/irmasdoroteias.pt\/index.php?rest_route=\/wp\/v2\/pages\/778"}],"wp:featuredmedia":[{"embeddable":true,"href":"https:\/\/irmasdoroteias.pt\/index.php?rest_route=\/wp\/v2\/media\/1274"}],"wp:attachment":[{"href":"https:\/\/irmasdoroteias.pt\/index.php?rest_route=%2Fwp%2Fv2%2Fmedia&parent=683"}],"curies":[{"name":"wp","href":"https:\/\/api.w.org\/{rel}","templated":true}]}}