{"id":680,"date":"2020-06-09T23:10:31","date_gmt":"2020-06-09T23:10:31","guid":{"rendered":"http:\/\/irmasdoroteias.pt\/?page_id=680"},"modified":"2020-12-23T16:07:41","modified_gmt":"2020-12-23T16:07:41","slug":"identidade","status":"publish","type":"page","link":"https:\/\/irmasdoroteias.pt\/?page_id=680","title":{"rendered":"IDENTIDADE"},"content":{"rendered":"\n<h5 class=\"wp-block-heading\">Breve perfil a partir de alguns artigos das nossas Constitui\u00e7\u00f5es:<\/h5>\n\n\n\n<p><strong>Mulheres de ora\u00e7\u00e3o <\/strong>aut\u00eantica que aprofundam no quotidiano a Palavra e nela aprofundam a vida aprendendo a ler a ac\u00e7\u00e3o de Deus na hist\u00f3ria\u2026 Mulheres que crescem na familiaridade cont\u00ednua com Deus formando a sua estrutura interior na escola dos Exerc\u00edcios Espirituais de Santo In\u00e1cio onde aprendem a amar a Deus em todas as coisas e todas as coisas em Deus\u2026&nbsp; Mulheres que aprendem de Maria a seguir Jesus Cristo na sua resposta total ao Pai e aos irm\u00e3os e a ter uma aten\u00e7\u00e3o continua a Deus e \u00e0s pessoas\u2026<\/p>\n\n\n\n<p><strong>Mulheres pobres<\/strong> que tudo esperam e acolhem como dom no caminho de vida que percorrem para realizar a sua voca\u00e7\u00e3o na Igreja\u2026 Mulheres que vivem a atitude de Jesus Cristo frente aos bens da cria\u00e7\u00e3o partilhando quanto s\u00e3o e t\u00eam de modo a tornar verdade a fraternidade universal\u2026 Mulheres que se sabem em caminho e por isso assumem as circunst\u00e2ncias e experi\u00eancias pr\u00f3prias da sua idade, na sa\u00fade ou na doen\u00e7a, aprendendo quotidianamente a dar a vida at\u00e9 ao fim\u2026<\/p>\n\n\n\n<p><strong>Mulheres fraternas<\/strong> que vivem em comunidade a sua entrega radical ao servi\u00e7o do Reino\u2026 Mulheres que vivem a proximidade fraterna crescendo junto com as Irm\u00e3s na aceita\u00e7\u00e3o, valoriza\u00e7\u00e3o e confian\u00e7a m\u00fatua, permanecendo unidas nas tens\u00f5es e nas dificuldades pelo perd\u00e3o e reconcilia\u00e7\u00e3o, realizando e revendo o compromisso comum\u2026<\/p>\n\n\n\n<p><strong>Mulheres ap\u00f3stolas<\/strong> de f\u00e9 inabal\u00e1vel e operativa que se abandonam totalmente ao Pai tendo como \u00fanica inten\u00e7\u00e3o e desejo de realizar a sua Vontade\u2026 Mulheres que seguem Jesus Cristo fazendo dom da sua vida pelos Votos p\u00fablicos de Castidade, Pobreza e Obedi\u00eancia\u2026 Mulheres que participam na miss\u00e3o de Jesus Cristo mediante o servi\u00e7o ao crescimento integral das pessoas atrav\u00e9s da Educa\u00e7\u00e3o Evangelizadora procurando colaborar com Deus em cada situa\u00e7\u00e3o concreta, com prefer\u00eancia pela juventude e pelos mais pobres\u2026<\/p>\n\n\n\n<hr class=\"wp-block-separator\"\/>\n\n\n\n<div class=\"ghostkit-grid ghostkit-grid-gap-md ghostkit-custom-ZtNVlR\"><div class=\"ghostkit-grid-inner\">\n<div class=\"ghostkit-col ghostkit-col-md-12 ghostkit-col-lg-6 ghostkit-col-3\"><div class=\"ghostkit-col-content\">\n<figure class=\"wp-block-image size-large is-style-rounded ghostkit-custom-Z22Uk8x\"><img decoding=\"async\" loading=\"lazy\" width=\"384\" height=\"256\" src=\"http:\/\/irmasdoroteias.pt\/wp-content\/uploads\/2020\/06\/m_paula.jpg\" alt=\"\" class=\"wp-image-830\"\/><\/figure>\n\n\n\n<h5 class=\"has-text-align-center wp-block-heading\"><a href=\"http:\/\/irmasdoroteias.pt\/?page_id=677\">Paula, um Dom de Deus<\/a><\/h5>\n<\/div><\/div>\n\n\n\n<div class=\"ghostkit-col ghostkit-col-md-12 ghostkit-col-lg-6 ghostkit-col-3\"><div class=\"ghostkit-col-content\">\n<figure class=\"wp-block-image size-large is-style-rounded ghostkit-custom-ZWDjUB\"><img decoding=\"async\" loading=\"lazy\" width=\"1200\" height=\"800\" src=\"http:\/\/irmasdoroteias.pt\/wp-content\/uploads\/2020\/06\/m_quemsomos_identidade-1.jpg\" alt=\"\" class=\"wp-image-872\"\/><\/figure>\n\n\n\n<h5 class=\"has-text-align-center wp-block-heading\">Identidade<\/h5>\n<\/div><\/div>\n\n\n\n<div class=\"ghostkit-col ghostkit-col-md-12 ghostkit-col-lg-6 ghostkit-col-3\"><div class=\"ghostkit-col-content\">\n<figure class=\"wp-block-image size-large is-style-rounded ghostkit-custom-1Ad7Xq\"><img decoding=\"async\" loading=\"lazy\" width=\"384\" height=\"256\" src=\"http:\/\/irmasdoroteias.pt\/wp-content\/uploads\/2020\/06\/m_quemsomos_espiritualidade.jpg\" alt=\"\" class=\"wp-image-874\"\/><\/figure>\n\n\n\n<h5 class=\"has-text-align-center wp-block-heading\"><a href=\"http:\/\/irmasdoroteias.pt\/?page_id=752\">Espiritualidade<\/a><\/h5>\n<\/div><\/div>\n\n\n\n<div class=\"ghostkit-col ghostkit-col-md-12 ghostkit-col-lg-6 ghostkit-col-3\"><div class=\"ghostkit-col-content\">\n<figure class=\"wp-block-image size-large is-style-rounded ghostkit-custom-lmh9e\"><img decoding=\"async\" loading=\"lazy\" width=\"1200\" height=\"800\" src=\"http:\/\/irmasdoroteias.pt\/wp-content\/uploads\/2020\/06\/m_voca\u00e7\u00e3o.jpg\" alt=\"\" class=\"wp-image-826\"\/><\/figure>\n\n\n\n<h5 class=\"has-text-align-center wp-block-heading\"><a href=\"http:\/\/irmasdoroteias.pt\/?page_id=716\">Ser Doroteia<\/a><\/h5>\n<\/div><\/div>\n<\/div><\/div>\n\n\n\n<p class=\"ghostkit-custom-Z2bF1yu\"><\/p>\n","protected":false},"excerpt":{"rendered":"<p>Breve perfil a partir de alguns artigos das nossas Constitui\u00e7\u00f5es: Mulheres de ora\u00e7\u00e3o aut\u00eantica que aprofundam no quotidiano a Palavra e nela aprofundam a vida aprendendo a ler a ac\u00e7\u00e3o de Deus na hist\u00f3ria\u2026 Mulheres que crescem na familiaridade cont\u00ednua com Deus formando a sua estrutura interior na escola dos Exerc\u00edcios Espirituais de Santo In\u00e1cio [&hellip;]<\/p>\n","protected":false},"author":1,"featured_media":872,"parent":745,"menu_order":0,"comment_status":"closed","ping_status":"closed","template":"full-width.php","meta":{"_uag_custom_page_level_css":"","ghostkit_customizer_options":"","ghostkit_custom_css":"","ghostkit_custom_js_head":"","ghostkit_custom_js_foot":"","ghostkit_typography":""},"uagb_featured_image_src":{"full":["https:\/\/irmasdoroteias.pt\/wp-content\/uploads\/2020\/06\/m_quemsomos_identidade-1.jpg",1200,800,false],"thumbnail":["https:\/\/irmasdoroteias.pt\/wp-content\/uploads\/2020\/06\/m_quemsomos_identidade-1.jpg",150,100,false],"medium":["https:\/\/irmasdoroteias.pt\/wp-content\/uploads\/2020\/06\/m_quemsomos_identidade-1-300x200.jpg",300,200,true],"medium_large":["https:\/\/irmasdoroteias.pt\/wp-content\/uploads\/2020\/06\/m_quemsomos_identidade-1.jpg",768,512,false],"large":["https:\/\/irmasdoroteias.pt\/wp-content\/uploads\/2020\/06\/m_quemsomos_identidade-1.jpg",1024,683,false],"1536x1536":["https:\/\/irmasdoroteias.pt\/wp-content\/uploads\/2020\/06\/m_quemsomos_identidade-1.jpg",1200,800,false],"2048x2048":["https:\/\/irmasdoroteias.pt\/wp-content\/uploads\/2020\/06\/m_quemsomos_identidade-1.jpg",1200,800,false]},"uagb_author_info":{"display_name":"Irm\u00e3s Doroteias","author_link":"https:\/\/irmasdoroteias.pt\/?author=1"},"uagb_comment_info":0,"uagb_excerpt":"Breve perfil a partir de alguns artigos das nossas Constitui\u00e7\u00f5es: Mulheres de ora\u00e7\u00e3o aut\u00eantica que aprofundam no quotidiano a Palavra e nela aprofundam a vida aprendendo a ler a ac\u00e7\u00e3o de Deus na hist\u00f3ria\u2026 Mulheres que crescem na familiaridade cont\u00ednua com Deus formando a sua estrutura interior na escola dos Exerc\u00edcios Espirituais de Santo In\u00e1cio&hellip;","rttpg_featured_image_url":{"full":["https:\/\/irmasdoroteias.pt\/wp-content\/uploads\/2020\/06\/m_quemsomos_identidade-1.jpg",1200,800,false],"landscape":["https:\/\/irmasdoroteias.pt\/wp-content\/uploads\/2020\/06\/m_quemsomos_identidade-1.jpg",1200,800,false],"portraits":["https:\/\/irmasdoroteias.pt\/wp-content\/uploads\/2020\/06\/m_quemsomos_identidade-1.jpg",1200,800,false],"thumbnail":["https:\/\/irmasdoroteias.pt\/wp-content\/uploads\/2020\/06\/m_quemsomos_identidade-1.jpg",150,100,false],"medium":["https:\/\/irmasdoroteias.pt\/wp-content\/uploads\/2020\/06\/m_quemsomos_identidade-1-300x200.jpg",300,200,true],"medium_large":["https:\/\/irmasdoroteias.pt\/wp-content\/uploads\/2020\/06\/m_quemsomos_identidade-1.jpg",768,512,false],"large":["https:\/\/irmasdoroteias.pt\/wp-content\/uploads\/2020\/06\/m_quemsomos_identidade-1.jpg",1024,683,false],"1536x1536":["https:\/\/irmasdoroteias.pt\/wp-content\/uploads\/2020\/06\/m_quemsomos_identidade-1.jpg",1200,800,false],"2048x2048":["https:\/\/irmasdoroteias.pt\/wp-content\/uploads\/2020\/06\/m_quemsomos_identidade-1.jpg",1200,800,false]},"rttpg_author":{"display_name":"Irm\u00e3s Doroteias","author_link":"https:\/\/irmasdoroteias.pt\/?author=1"},"rttpg_comment":0,"rttpg_category":null,"rttpg_excerpt":"Breve perfil a partir de alguns artigos das nossas Constitui\u00e7\u00f5es: Mulheres de ora\u00e7\u00e3o aut\u00eantica que aprofundam no quotidiano a Palavra e nela aprofundam a vida aprendendo a ler a ac\u00e7\u00e3o de Deus na hist\u00f3ria\u2026 Mulheres que crescem na familiaridade cont\u00ednua com Deus formando a sua estrutura interior na escola dos Exerc\u00edcios Espirituais de Santo In\u00e1cio&hellip;","post_mailing_queue_ids":[],"_links":{"self":[{"href":"https:\/\/irmasdoroteias.pt\/index.php?rest_route=\/wp\/v2\/pages\/680"}],"collection":[{"href":"https:\/\/irmasdoroteias.pt\/index.php?rest_route=\/wp\/v2\/pages"}],"about":[{"href":"https:\/\/irmasdoroteias.pt\/index.php?rest_route=\/wp\/v2\/types\/page"}],"author":[{"embeddable":true,"href":"https:\/\/irmasdoroteias.pt\/index.php?rest_route=\/wp\/v2\/users\/1"}],"replies":[{"embeddable":true,"href":"https:\/\/irmasdoroteias.pt\/index.php?rest_route=%2Fwp%2Fv2%2Fcomments&post=680"}],"version-history":[{"count":0,"href":"https:\/\/irmasdoroteias.pt\/index.php?rest_route=\/wp\/v2\/pages\/680\/revisions"}],"up":[{"embeddable":true,"href":"https:\/\/irmasdoroteias.pt\/index.php?rest_route=\/wp\/v2\/pages\/745"}],"wp:featuredmedia":[{"embeddable":true,"href":"https:\/\/irmasdoroteias.pt\/index.php?rest_route=\/wp\/v2\/media\/872"}],"wp:attachment":[{"href":"https:\/\/irmasdoroteias.pt\/index.php?rest_route=%2Fwp%2Fv2%2Fmedia&parent=680"}],"curies":[{"name":"wp","href":"https:\/\/api.w.org\/{rel}","templated":true}]}}