{"id":677,"date":"2020-06-09T23:07:22","date_gmt":"2020-06-09T23:07:22","guid":{"rendered":"http:\/\/irmasdoroteias.pt\/?page_id=677"},"modified":"2020-12-23T15:50:47","modified_gmt":"2020-12-23T15:50:47","slug":"paula-frassinetti","status":"publish","type":"page","link":"https:\/\/irmasdoroteias.pt\/?page_id=677","title":{"rendered":"PAULA, UM DOM DE DEUS"},"content":{"rendered":"\n<p><strong>Paula Frassinetti<\/strong>&nbsp;nasce em G\u00e9nova, em 1809, num bairro do centro chamado Borgo Lanaioli.<br>O Pai, \u201chomem \u00e0 antiga\u201d, de grande piedade, era comerciante de tecidos. A M\u00e3e, pessoa simples e af\u00e1vel, cedo a deixar\u00e1 \u00f3rf\u00e3.<br>Cresceu e viveu numa \u00e9poca de forte e violento choque entre antigas e novas ideologias.<br>As ideias de liberdade, independ\u00eancia e democracia do ressurgimento italiano faziam antever uma nova situa\u00e7\u00e3o pol\u00edtica.<br>Os progressos da tecnologia davam lugar a um novo sistema econ\u00f3mico e social.<br>Era um per\u00edodo de transi\u00e7\u00e3o, no qual, superados velhos equil\u00edbrios, se procuravam outros.<br>A tens\u00e3o e a luta eram inevit\u00e1veis.<br>Paula n\u00e3o foi indiferente ao seu tempo.<br>\u00c0 revolta violenta, proclamada por muitos dos seus contempor\u00e2neos para renovar a sociedade, preferiu a revolu\u00e7\u00e3o do Evangelho, a do Amor.<br>Soube detectar, como urg\u00eancia da \u00e9poca, a promo\u00e7\u00e3o da mulher, e respondeu-lhe educando as jovens de modo a tornarem-se mulheres e crist\u00e3s.<br>A sua adolesc\u00eancia decorreu no ambiente familiar, entre as lides dom\u00e9sticas e alguma instru\u00e7\u00e3o dada pelo Pai, que n\u00e3o quis mand\u00e1-la \u00e0 escola.<br>Aprendeu muitas coisas \u2013 como ela pr\u00f3pria contava mais tarde \u2013 ouvindo as conversas do Pai e dos quatro Irm\u00e3os, que seriam todos Sacerdotes.<br>Mas o que mais gostava era de conversar com o irm\u00e3o mais velho, Jos\u00e9, que lhe ensinava tudo o que aprendia nos livros de teologia e no seu contacto com as pessoas.<br>Naqueles encontros amadurecia alguma coisa de comum. O Senhor far\u00e1 de Jos\u00e9 e de Paula dois grandes ap\u00f3stolos.<br>A influ\u00eancia da fam\u00edlia sobre a futura escolha de Paula foi determinante.<br>As obras de Deus n\u00e3o se improvisam. S\u00e3o fruto de lenta matura\u00e7\u00e3o que, geralmente, se inicia e se desenvolve no \u00e2mbito familiar.<br>As rela\u00e7\u00f5es que a\u00ed se estabelecem, o clima que se respira, s\u00e3o fundamentais na evolu\u00e7\u00e3o da pessoa.<br>Para Paula a fam\u00edlia ser\u00e1 sempre a primeira e fundamental comunidade educativa.<br>Mais tarde confiar\u00e1 \u00e0 pr\u00f3pria fam\u00edlia religiosa a tarefa de \u201creanimar nos pais crist\u00e3os o empenho pela educa\u00e7\u00e3o moral e religiosa das crian\u00e7as\u2026\u201d.<\/p>\n\n\n\n<hr class=\"wp-block-separator\"\/>\n\n\n\n<div class=\"ghostkit-grid ghostkit-grid-gap-md\"><div class=\"ghostkit-grid-inner\">\n<div class=\"ghostkit-col ghostkit-col-md-12 ghostkit-col-lg-6 ghostkit-col-3\"><div class=\"ghostkit-col-content\">\n<figure class=\"wp-block-image size-large is-style-rounded\"><img decoding=\"async\" loading=\"lazy\" width=\"384\" height=\"256\" src=\"http:\/\/irmasdoroteias.pt\/wp-content\/uploads\/2020\/06\/m_paula.jpg\" alt=\"\" class=\"wp-image-830\"\/><\/figure>\n\n\n\n<h5 class=\"has-text-align-center wp-block-heading\">Paula, um Dom de Deus<\/h5>\n<\/div><\/div>\n\n\n\n<div class=\"ghostkit-col ghostkit-col-md-12 ghostkit-col-lg-6 ghostkit-col-3\"><div class=\"ghostkit-col-content\">\n<figure class=\"wp-block-image size-large is-style-rounded\"><img decoding=\"async\" loading=\"lazy\" width=\"1200\" height=\"800\" src=\"http:\/\/irmasdoroteias.pt\/wp-content\/uploads\/2020\/06\/m_quemsomos_identidade-1.jpg\" alt=\"\" class=\"wp-image-872\"\/><\/figure>\n\n\n\n<h5 class=\"has-text-align-center wp-block-heading\"><a href=\"http:\/\/irmasdoroteias.pt\/?page_id=680\">Identidade<\/a><\/h5>\n<\/div><\/div>\n\n\n\n<div class=\"ghostkit-col ghostkit-col-md-12 ghostkit-col-lg-6 ghostkit-col-3\"><div class=\"ghostkit-col-content\">\n<figure class=\"wp-block-image size-large is-style-rounded\"><img decoding=\"async\" loading=\"lazy\" width=\"384\" height=\"256\" src=\"http:\/\/irmasdoroteias.pt\/wp-content\/uploads\/2020\/06\/m_quemsomos_espiritualidade.jpg\" alt=\"\" class=\"wp-image-874\"\/><\/figure>\n\n\n\n<h5 class=\"has-text-align-center wp-block-heading\"><a href=\"http:\/\/irmasdoroteias.pt\/?page_id=752\">Espiritualidade<\/a><\/h5>\n<\/div><\/div>\n\n\n\n<div class=\"ghostkit-col ghostkit-col-md-12 ghostkit-col-lg-6 ghostkit-col-3\"><div class=\"ghostkit-col-content\">\n<figure class=\"wp-block-image size-large is-style-rounded\"><img decoding=\"async\" loading=\"lazy\" width=\"1200\" height=\"800\" src=\"http:\/\/irmasdoroteias.pt\/wp-content\/uploads\/2020\/06\/m_voca\u00e7\u00e3o.jpg\" alt=\"\" class=\"wp-image-826\"\/><\/figure>\n\n\n\n<h5 class=\"has-text-align-center wp-block-heading\"><a href=\"http:\/\/irmasdoroteias.pt\/?page_id=716\">Ser Doroteia<\/a><\/h5>\n<\/div><\/div>\n<\/div><\/div>\n","protected":false},"excerpt":{"rendered":"<p>Paula Frassinetti&nbsp;nasce em G\u00e9nova, em 1809, num bairro do centro chamado Borgo Lanaioli.O Pai, \u201chomem \u00e0 antiga\u201d, de grande piedade, era comerciante de tecidos. A M\u00e3e, pessoa simples e af\u00e1vel, cedo a deixar\u00e1 \u00f3rf\u00e3.Cresceu e viveu numa \u00e9poca de forte e violento choque entre antigas e novas ideologias.As ideias de liberdade, independ\u00eancia e democracia do [&hellip;]<\/p>\n","protected":false},"author":1,"featured_media":830,"parent":745,"menu_order":0,"comment_status":"closed","ping_status":"closed","template":"right-sidebar.php","meta":{"_uag_custom_page_level_css":"","ghostkit_customizer_options":"","ghostkit_custom_css":"","ghostkit_custom_js_head":"","ghostkit_custom_js_foot":"","ghostkit_typography":""},"uagb_featured_image_src":{"full":["https:\/\/irmasdoroteias.pt\/wp-content\/uploads\/2020\/06\/m_paula.jpg",384,256,false],"thumbnail":["https:\/\/irmasdoroteias.pt\/wp-content\/uploads\/2020\/06\/m_paula.jpg",150,100,false],"medium":["https:\/\/irmasdoroteias.pt\/wp-content\/uploads\/2020\/06\/m_paula-300x200.jpg",300,200,true],"medium_large":["https:\/\/irmasdoroteias.pt\/wp-content\/uploads\/2020\/06\/m_paula.jpg",384,256,false],"large":["https:\/\/irmasdoroteias.pt\/wp-content\/uploads\/2020\/06\/m_paula.jpg",384,256,false],"1536x1536":["https:\/\/irmasdoroteias.pt\/wp-content\/uploads\/2020\/06\/m_paula.jpg",384,256,false],"2048x2048":["https:\/\/irmasdoroteias.pt\/wp-content\/uploads\/2020\/06\/m_paula.jpg",384,256,false]},"uagb_author_info":{"display_name":"Irm\u00e3s Doroteias","author_link":"https:\/\/irmasdoroteias.pt\/?author=1"},"uagb_comment_info":0,"uagb_excerpt":"Paula Frassinetti&nbsp;nasce em G\u00e9nova, em 1809, num bairro do centro chamado Borgo Lanaioli.O Pai, \u201chomem \u00e0 antiga\u201d, de grande piedade, era comerciante de tecidos. A M\u00e3e, pessoa simples e af\u00e1vel, cedo a deixar\u00e1 \u00f3rf\u00e3.Cresceu e viveu numa \u00e9poca de forte e violento choque entre antigas e novas ideologias.As ideias de liberdade, independ\u00eancia e democracia do&hellip;","rttpg_featured_image_url":{"full":["https:\/\/irmasdoroteias.pt\/wp-content\/uploads\/2020\/06\/m_paula.jpg",384,256,false],"landscape":["https:\/\/irmasdoroteias.pt\/wp-content\/uploads\/2020\/06\/m_paula.jpg",384,256,false],"portraits":["https:\/\/irmasdoroteias.pt\/wp-content\/uploads\/2020\/06\/m_paula.jpg",384,256,false],"thumbnail":["https:\/\/irmasdoroteias.pt\/wp-content\/uploads\/2020\/06\/m_paula.jpg",150,100,false],"medium":["https:\/\/irmasdoroteias.pt\/wp-content\/uploads\/2020\/06\/m_paula-300x200.jpg",300,200,true],"medium_large":["https:\/\/irmasdoroteias.pt\/wp-content\/uploads\/2020\/06\/m_paula.jpg",384,256,false],"large":["https:\/\/irmasdoroteias.pt\/wp-content\/uploads\/2020\/06\/m_paula.jpg",384,256,false],"1536x1536":["https:\/\/irmasdoroteias.pt\/wp-content\/uploads\/2020\/06\/m_paula.jpg",384,256,false],"2048x2048":["https:\/\/irmasdoroteias.pt\/wp-content\/uploads\/2020\/06\/m_paula.jpg",384,256,false]},"rttpg_author":{"display_name":"Irm\u00e3s Doroteias","author_link":"https:\/\/irmasdoroteias.pt\/?author=1"},"rttpg_comment":0,"rttpg_category":null,"rttpg_excerpt":"Paula Frassinetti&nbsp;nasce em G\u00e9nova, em 1809, num bairro do centro chamado Borgo Lanaioli.O Pai, \u201chomem \u00e0 antiga\u201d, de grande piedade, era comerciante de tecidos. A M\u00e3e, pessoa simples e af\u00e1vel, cedo a deixar\u00e1 \u00f3rf\u00e3.Cresceu e viveu numa \u00e9poca de forte e violento choque entre antigas e novas ideologias.As ideias de liberdade, independ\u00eancia e democracia do&hellip;","post_mailing_queue_ids":[],"_links":{"self":[{"href":"https:\/\/irmasdoroteias.pt\/index.php?rest_route=\/wp\/v2\/pages\/677"}],"collection":[{"href":"https:\/\/irmasdoroteias.pt\/index.php?rest_route=\/wp\/v2\/pages"}],"about":[{"href":"https:\/\/irmasdoroteias.pt\/index.php?rest_route=\/wp\/v2\/types\/page"}],"author":[{"embeddable":true,"href":"https:\/\/irmasdoroteias.pt\/index.php?rest_route=\/wp\/v2\/users\/1"}],"replies":[{"embeddable":true,"href":"https:\/\/irmasdoroteias.pt\/index.php?rest_route=%2Fwp%2Fv2%2Fcomments&post=677"}],"version-history":[{"count":0,"href":"https:\/\/irmasdoroteias.pt\/index.php?rest_route=\/wp\/v2\/pages\/677\/revisions"}],"up":[{"embeddable":true,"href":"https:\/\/irmasdoroteias.pt\/index.php?rest_route=\/wp\/v2\/pages\/745"}],"wp:featuredmedia":[{"embeddable":true,"href":"https:\/\/irmasdoroteias.pt\/index.php?rest_route=\/wp\/v2\/media\/830"}],"wp:attachment":[{"href":"https:\/\/irmasdoroteias.pt\/index.php?rest_route=%2Fwp%2Fv2%2Fmedia&parent=677"}],"curies":[{"name":"wp","href":"https:\/\/api.w.org\/{rel}","templated":true}]}}