{"id":4372,"date":"2025-07-22T09:32:00","date_gmt":"2025-07-22T09:32:00","guid":{"rendered":"https:\/\/irmasdoroteias.pt\/?page_id=4372"},"modified":"2025-07-22T10:15:34","modified_gmt":"2025-07-22T10:15:34","slug":"fundacao-doroteias","status":"publish","type":"page","link":"https:\/\/irmasdoroteias.pt\/?page_id=4372","title":{"rendered":"Funda\u00e7\u00e3o Doroteias"},"content":{"rendered":"<div class=\"wp-block-image\">\n<figure class=\"aligncenter size-full is-resized\"><img decoding=\"async\" loading=\"lazy\" src=\"https:\/\/irmasdoroteias.pt\/wp-content\/uploads\/2025\/06\/LOGO_ORIGINAL_VER.png\" alt=\"\" class=\"wp-image-4349\" width=\"345\" height=\"216\"\/><\/figure><\/div>\n\n\n<h5 class=\"wp-block-heading\" id=\"quem-somos\"><strong>Quem somos<\/strong><\/h5>\n\n\n\n<p>A Funda\u00e7\u00e3o Doroteias \u00e9 uma Pessoa Coletiva de Direito Privado, do tipo Fundacional, sem fins lucrativos, institu\u00edda pela Prov\u00edncia Portuguesa do Instituto das Irm\u00e3s de Santa Doroteia, que desenvolve a sua miss\u00e3o mediante o servi\u00e7o ao crescimento integral das pessoas atrav\u00e9s da&nbsp;educa\u00e7\u00e3o evangelizadora com prefer\u00eancia pela juventude&nbsp;e pelos mais pobres.<\/p>\n\n\n\n<h5 class=\"wp-block-heading\" id=\"objeto-e-fins\"><strong>Objeto e fins<\/strong><\/h5>\n\n\n\n<p>A Funda\u00e7\u00e3o Doroteias tem por objeto e fim principal a educa\u00e7\u00e3o e a investiga\u00e7\u00e3o cient\u00edfica, bem como o servi\u00e7o \u00e0 comunidade pelo desenvolvimento integral da pessoa humana bem promovendo e defendendo a sua dignidade, segundo o ide\u00e1rio da Congrega\u00e7\u00e3o das Irm\u00e3s de Santa Doroteia.<\/p>\n\n\n\n<h5 class=\"wp-block-heading\" id=\"orgaos-sociais\"><strong>\u00d3rg\u00e3os Sociais<\/strong><\/h5>\n\n\n\n<p><strong>Conselho de Administra\u00e7\u00e3o<\/strong><br>Presidente: Maria Teresa Matos de Magalh\u00e3es Ferreira<br>Vice Presidente: Margarida Maria Macedo Ribeirinha<br>Administrador Executivo: Manuel Pereira Diniz<\/p>\n\n\n\n<p><strong>Fiscal \u00danico:<\/strong><br>Armindo Costa, Serra Cruz, Martins e Associados, SROC&nbsp;<br>Suplente do Fiscal \u00danico: Vasco Amorim de Figueiredo<br><br>\u2014 Prazo de dura\u00e7\u00e3o dos Mandatos: 2023-2027<\/p>\n\n\n\n<p><strong>Conselho de Curadores<\/strong><br>Maria L\u00facia Ferreira Soares (Presidente)<br>Lisete da Natividade Barrig\u00e3o Gon\u00e7alves<br>Jos\u00e9 Lu\u00eds Almeida Gon\u00e7alves<\/p>\n\n\n\n<p>\u2014 Prazo de dura\u00e7\u00e3o do Mandato: 2023-2025<\/p>\n","protected":false},"excerpt":{"rendered":"<p>Quem somos A Funda\u00e7\u00e3o Doroteias \u00e9 uma Pessoa Coletiva de Direito Privado, do tipo Fundacional, sem fins lucrativos, institu\u00edda pela Prov\u00edncia Portuguesa do Instituto das Irm\u00e3s de Santa Doroteia, que desenvolve a sua miss\u00e3o mediante o servi\u00e7o ao crescimento integral das pessoas atrav\u00e9s da&nbsp;educa\u00e7\u00e3o evangelizadora com prefer\u00eancia pela juventude&nbsp;e pelos mais pobres. Objeto e fins [&hellip;]<\/p>\n","protected":false},"author":4,"featured_media":0,"parent":0,"menu_order":0,"comment_status":"closed","ping_status":"closed","template":"right-sidebar.php","meta":{"_uag_custom_page_level_css":"","ghostkit_customizer_options":"","ghostkit_custom_css":"","ghostkit_custom_js_head":"","ghostkit_custom_js_foot":"","ghostkit_typography":""},"uagb_featured_image_src":{"full":false,"thumbnail":false,"medium":false,"medium_large":false,"large":false,"1536x1536":false,"2048x2048":false},"uagb_author_info":{"display_name":"B\u00fassola 21","author_link":"https:\/\/irmasdoroteias.pt\/?author=4"},"uagb_comment_info":0,"uagb_excerpt":"Quem somos A Funda\u00e7\u00e3o Doroteias \u00e9 uma Pessoa Coletiva de Direito Privado, do tipo Fundacional, sem fins lucrativos, institu\u00edda pela Prov\u00edncia Portuguesa do Instituto das Irm\u00e3s de Santa Doroteia, que desenvolve a sua miss\u00e3o mediante o servi\u00e7o ao crescimento integral das pessoas atrav\u00e9s da&nbsp;educa\u00e7\u00e3o evangelizadora com prefer\u00eancia pela juventude&nbsp;e pelos mais pobres. Objeto e fins&hellip;","rttpg_featured_image_url":null,"rttpg_author":{"display_name":"B\u00fassola 21","author_link":"https:\/\/irmasdoroteias.pt\/?author=4"},"rttpg_comment":0,"rttpg_category":null,"rttpg_excerpt":"Quem somos A Funda\u00e7\u00e3o Doroteias \u00e9 uma Pessoa Coletiva de Direito Privado, do tipo Fundacional, sem fins lucrativos, institu\u00edda pela Prov\u00edncia Portuguesa do Instituto das Irm\u00e3s de Santa Doroteia, que desenvolve a sua miss\u00e3o mediante o servi\u00e7o ao crescimento integral das pessoas atrav\u00e9s da&nbsp;educa\u00e7\u00e3o evangelizadora com prefer\u00eancia pela juventude&nbsp;e pelos mais pobres. Objeto e fins&hellip;","post_mailing_queue_ids":[],"_links":{"self":[{"href":"https:\/\/irmasdoroteias.pt\/index.php?rest_route=\/wp\/v2\/pages\/4372"}],"collection":[{"href":"https:\/\/irmasdoroteias.pt\/index.php?rest_route=\/wp\/v2\/pages"}],"about":[{"href":"https:\/\/irmasdoroteias.pt\/index.php?rest_route=\/wp\/v2\/types\/page"}],"author":[{"embeddable":true,"href":"https:\/\/irmasdoroteias.pt\/index.php?rest_route=\/wp\/v2\/users\/4"}],"replies":[{"embeddable":true,"href":"https:\/\/irmasdoroteias.pt\/index.php?rest_route=%2Fwp%2Fv2%2Fcomments&post=4372"}],"version-history":[{"count":3,"href":"https:\/\/irmasdoroteias.pt\/index.php?rest_route=\/wp\/v2\/pages\/4372\/revisions"}],"predecessor-version":[{"id":4394,"href":"https:\/\/irmasdoroteias.pt\/index.php?rest_route=\/wp\/v2\/pages\/4372\/revisions\/4394"}],"wp:attachment":[{"href":"https:\/\/irmasdoroteias.pt\/index.php?rest_route=%2Fwp%2Fv2%2Fmedia&parent=4372"}],"curies":[{"name":"wp","href":"https:\/\/api.w.org\/{rel}","templated":true}]}}