{"id":4273,"date":"2024-07-09T11:55:50","date_gmt":"2024-07-09T11:55:50","guid":{"rendered":"https:\/\/irmasdoroteias.pt\/?page_id=4273"},"modified":"2025-07-08T14:07:57","modified_gmt":"2025-07-08T14:07:57","slug":"comissao-organizadora-i-jornadas-de-inovacao-pedagogica-bussola-21-copy-copy","status":"publish","type":"page","link":"https:\/\/irmasdoroteias.pt\/?page_id=4273","title":{"rendered":"IV Jornadas &#8211; Organiza\u00e7\u00e3o"},"content":{"rendered":"\n<h2 class=\"wp-block-heading\" id=\"organizacao\">Organiza\u00e7\u00e3o<\/h2>\n\n\n\n<p><strong>Comiss\u00e3o organizadora<\/strong><br>Equipa executiva, Professor Joaquim Azevedo e Gestor da B21<\/p>\n\n\n\n<p><strong>Equipa t\u00e9cnica e gr\u00e1fica<\/strong><br>Daniela Costa e Paulo Machado<\/p>\n","protected":false},"excerpt":{"rendered":"<p>Organiza\u00e7\u00e3o Comiss\u00e3o organizadoraEquipa executiva, Professor Joaquim Azevedo e Gestor da B21 Equipa t\u00e9cnica e gr\u00e1ficaDaniela Costa e Paulo Machado<\/p>\n","protected":false},"author":1,"featured_media":0,"parent":0,"menu_order":0,"comment_status":"closed","ping_status":"closed","template":"right-sidebar.php","meta":{"_uag_custom_page_level_css":"","ghostkit_customizer_options":"","ghostkit_custom_css":"","ghostkit_custom_js_head":"","ghostkit_custom_js_foot":"","ghostkit_typography":""},"uagb_featured_image_src":{"full":false,"thumbnail":false,"medium":false,"medium_large":false,"large":false,"1536x1536":false,"2048x2048":false},"uagb_author_info":{"display_name":"Irm\u00e3s Doroteias","author_link":"https:\/\/irmasdoroteias.pt\/?author=1"},"uagb_comment_info":0,"uagb_excerpt":"Organiza\u00e7\u00e3o Comiss\u00e3o organizadoraEquipa executiva, Professor Joaquim Azevedo e Gestor da B21 Equipa t\u00e9cnica e gr\u00e1ficaDaniela Costa e Paulo Machado","rttpg_featured_image_url":null,"rttpg_author":{"display_name":"Irm\u00e3s Doroteias","author_link":"https:\/\/irmasdoroteias.pt\/?author=1"},"rttpg_comment":0,"rttpg_category":null,"rttpg_excerpt":"Organiza\u00e7\u00e3o Comiss\u00e3o organizadoraEquipa executiva, Professor Joaquim Azevedo e Gestor da B21 Equipa t\u00e9cnica e gr\u00e1ficaDaniela Costa e Paulo Machado","post_mailing_queue_ids":[],"_links":{"self":[{"href":"https:\/\/irmasdoroteias.pt\/index.php?rest_route=\/wp\/v2\/pages\/4273"}],"collection":[{"href":"https:\/\/irmasdoroteias.pt\/index.php?rest_route=\/wp\/v2\/pages"}],"about":[{"href":"https:\/\/irmasdoroteias.pt\/index.php?rest_route=\/wp\/v2\/types\/page"}],"author":[{"embeddable":true,"href":"https:\/\/irmasdoroteias.pt\/index.php?rest_route=\/wp\/v2\/users\/1"}],"replies":[{"embeddable":true,"href":"https:\/\/irmasdoroteias.pt\/index.php?rest_route=%2Fwp%2Fv2%2Fcomments&post=4273"}],"version-history":[{"count":5,"href":"https:\/\/irmasdoroteias.pt\/index.php?rest_route=\/wp\/v2\/pages\/4273\/revisions"}],"predecessor-version":[{"id":4364,"href":"https:\/\/irmasdoroteias.pt\/index.php?rest_route=\/wp\/v2\/pages\/4273\/revisions\/4364"}],"wp:attachment":[{"href":"https:\/\/irmasdoroteias.pt\/index.php?rest_route=%2Fwp%2Fv2%2Fmedia&parent=4273"}],"curies":[{"name":"wp","href":"https:\/\/api.w.org\/{rel}","templated":true}]}}