{"id":4263,"date":"2024-07-09T11:35:12","date_gmt":"2024-07-09T11:35:12","guid":{"rendered":"https:\/\/irmasdoroteias.pt\/?page_id=4263"},"modified":"2025-07-08T14:08:09","modified_gmt":"2025-07-08T14:08:09","slug":"i-jornadas-de-inovacao-pedagogica-bussola-21-copy-2","status":"publish","type":"page","link":"https:\/\/irmasdoroteias.pt\/?page_id=4263","title":{"rendered":"V Jornadas Pedag\u00f3gicas"},"content":{"rendered":"<div class=\"wp-block-image\">\n<figure class=\"aligncenter size-full is-resized\"><img decoding=\"async\" loading=\"lazy\" src=\"https:\/\/irmasdoroteias.pt\/wp-content\/uploads\/2025\/06\/banner-scaled.jpg\" alt=\"\" class=\"wp-image-4352\" width=\"574\" height=\"361\"\/><\/figure><\/div>\n\n\n<p class=\"has-text-align-center\"><mark style=\"background-color:rgba(0, 0, 0, 0);color:#3d195e\" class=\"has-inline-color\"><strong><a href=\"https:\/\/irmasdoroteias.pt\/?page_id=4259\">Veja o programa<\/a><\/strong><\/mark><\/p>\n\n\n\n<p><\/p>\n\n\n\n<p><strong>Pertin\u00eancia, \u00e2mbito e foco das Jornadas<\/strong><\/p>\n\n\n\n<p>As Jornadas Pedag\u00f3gicas 2025 dos Centros Educativos das Irm\u00e3s Doroteias focam a problem\u00e1tica da Comunica\u00e7\u00e3o.<\/p>\n\n\n\n<p>Como sabemos, comunicar bem e com respeito \u00e9 uma miss\u00e3o dif\u00edcil, exigente, implica muito trabalho e persist\u00eancia e encerra enormes potencialidades de crescermos juntos, de nos amarmos e de fazermos desabrochar, como seres \u00fanicos e solid\u00e1rios, as crian\u00e7as e os jovens que nos s\u00e3o confiados.<\/p>\n\n\n\n<p>Tr\u00eas especialistas no dom\u00ednio da comunica\u00e7\u00e3o v\u00e3o ajudar-nos a pensar sobre tr\u00eas temas: comunicar na era digital, comunicar com amor, comunicar publicamente a nossa marca de escolas inovadoras.<\/p>\n\n\n\n<p>Vamos crescer juntos e vai ser bom!<\/p>\n\n\n\n<p class=\"ghostkit-d-none\">N\u00e3o querendo deixar de celebrar os passos dados em 2023-2024 no \u00e2mbito da renova\u00e7\u00e3o educativa em curso nos Centros Educativos das Irm\u00e3s Doroteias em Portugal, as IV Jornadas de Inova\u00e7\u00e3o B\u00fassola 21 voltam a agu\u00e7ar o olhar e a curiosidade para problem\u00e1ticas abrangentes que desafiam o mundo da educa\u00e7\u00e3o.<\/p>\n\n\n\n<p class=\"ghostkit-d-none\">Em F\u00e1tima, no dia 17 de julho de 2024, privilegiaremos a tem\u00e1tica da Intelig\u00eancia Artificial e as interpela\u00e7\u00f5es que essa nova realidade suscita no quotidiano escolar, em busca de respostas que visem uma educa\u00e7\u00e3o humanizadora, de marca doroteia.<\/p>\n\n\n\n<p class=\"ghostkit-d-none\">Essa reflex\u00e3o, em di\u00e1logo com as experi\u00eancias de inova\u00e7\u00e3o desenvolvidas ao longo do ano, constitui-se, assim, como excelente oportunidade para o fortalecimento da Rede, sob o lema \u201cenfrentar novos desafios de olhos postos na escola que queremos\u201d.<\/p>\n\n\n\n<p><\/p>\n","protected":false},"excerpt":{"rendered":"<p>Veja o programa Pertin\u00eancia, \u00e2mbito e foco das Jornadas As Jornadas Pedag\u00f3gicas 2025 dos Centros Educativos das Irm\u00e3s Doroteias focam a problem\u00e1tica da Comunica\u00e7\u00e3o. Como sabemos, comunicar bem e com respeito \u00e9 uma miss\u00e3o dif\u00edcil, exigente, implica muito trabalho e persist\u00eancia e encerra enormes potencialidades de crescermos juntos, de nos amarmos e de fazermos desabrochar, [&hellip;]<\/p>\n","protected":false},"author":1,"featured_media":0,"parent":0,"menu_order":0,"comment_status":"closed","ping_status":"closed","template":"right-sidebar.php","meta":{"_uag_custom_page_level_css":"","ghostkit_customizer_options":"","ghostkit_custom_css":"","ghostkit_custom_js_head":"","ghostkit_custom_js_foot":"","ghostkit_typography":""},"uagb_featured_image_src":{"full":false,"thumbnail":false,"medium":false,"medium_large":false,"large":false,"1536x1536":false,"2048x2048":false},"uagb_author_info":{"display_name":"Irm\u00e3s Doroteias","author_link":"https:\/\/irmasdoroteias.pt\/?author=1"},"uagb_comment_info":0,"uagb_excerpt":"Veja o programa Pertin\u00eancia, \u00e2mbito e foco das Jornadas As Jornadas Pedag\u00f3gicas 2025 dos Centros Educativos das Irm\u00e3s Doroteias focam a problem\u00e1tica da Comunica\u00e7\u00e3o. Como sabemos, comunicar bem e com respeito \u00e9 uma miss\u00e3o dif\u00edcil, exigente, implica muito trabalho e persist\u00eancia e encerra enormes potencialidades de crescermos juntos, de nos amarmos e de fazermos desabrochar,&hellip;","rttpg_featured_image_url":null,"rttpg_author":{"display_name":"Irm\u00e3s Doroteias","author_link":"https:\/\/irmasdoroteias.pt\/?author=1"},"rttpg_comment":0,"rttpg_category":null,"rttpg_excerpt":"Veja o programa Pertin\u00eancia, \u00e2mbito e foco das Jornadas As Jornadas Pedag\u00f3gicas 2025 dos Centros Educativos das Irm\u00e3s Doroteias focam a problem\u00e1tica da Comunica\u00e7\u00e3o. Como sabemos, comunicar bem e com respeito \u00e9 uma miss\u00e3o dif\u00edcil, exigente, implica muito trabalho e persist\u00eancia e encerra enormes potencialidades de crescermos juntos, de nos amarmos e de fazermos desabrochar,&hellip;","post_mailing_queue_ids":[],"_links":{"self":[{"href":"https:\/\/irmasdoroteias.pt\/index.php?rest_route=\/wp\/v2\/pages\/4263"}],"collection":[{"href":"https:\/\/irmasdoroteias.pt\/index.php?rest_route=\/wp\/v2\/pages"}],"about":[{"href":"https:\/\/irmasdoroteias.pt\/index.php?rest_route=\/wp\/v2\/types\/page"}],"author":[{"embeddable":true,"href":"https:\/\/irmasdoroteias.pt\/index.php?rest_route=\/wp\/v2\/users\/1"}],"replies":[{"embeddable":true,"href":"https:\/\/irmasdoroteias.pt\/index.php?rest_route=%2Fwp%2Fv2%2Fcomments&post=4263"}],"version-history":[{"count":8,"href":"https:\/\/irmasdoroteias.pt\/index.php?rest_route=\/wp\/v2\/pages\/4263\/revisions"}],"predecessor-version":[{"id":4362,"href":"https:\/\/irmasdoroteias.pt\/index.php?rest_route=\/wp\/v2\/pages\/4263\/revisions\/4362"}],"wp:attachment":[{"href":"https:\/\/irmasdoroteias.pt\/index.php?rest_route=%2Fwp%2Fv2%2Fmedia&parent=4263"}],"curies":[{"name":"wp","href":"https:\/\/api.w.org\/{rel}","templated":true}]}}