{"id":3062,"date":"2021-06-15T16:38:43","date_gmt":"2021-06-15T16:38:43","guid":{"rendered":"https:\/\/irmasdoroteias.pt\/?page_id=3062"},"modified":"2023-07-11T14:52:29","modified_gmt":"2023-07-11T14:52:29","slug":"programa-i-jornadas-de-inovacao-pedagogica-bussola-21","status":"publish","type":"page","link":"https:\/\/irmasdoroteias.pt\/?page_id=3062","title":{"rendered":""},"content":{"rendered":"\n<p><strong>ENCONTRO NACIONAL 2023&nbsp;<\/strong>\u2013 B\u00daSSOLA 21<\/p>\n\n\n\n<h2 class=\"wp-block-heading\" id=\"programa-14-de-julho-de-2023\">Programa \u2013 14 de julho de 2023<\/h2>\n\n\n\n<figure class=\"wp-block-table is-style-stripes\"><table><thead><tr><th><strong>Hora<\/strong><\/th><th class=\"has-text-align-left\" data-align=\"left\"><strong>Audit\u00f3rio&nbsp;<\/strong><\/th><\/tr><\/thead><tbody><tr><td><mark style=\"background-color:rgba(0, 0, 0, 0)\" class=\"has-inline-color has-vivid-cyan-blue-color\">9h30<\/mark><\/td><td class=\"has-text-align-left\" data-align=\"left\"><mark style=\"background-color:rgba(0, 0, 0, 0)\" class=\"has-inline-color has-vivid-cyan-blue-color\">\u2013 <strong>Abertura das Jornadas<\/strong> \u2013<br><\/mark> Irm\u00e3 L\u00facia Soares<\/td><\/tr><tr><td><mark style=\"background-color:rgba(0, 0, 0, 0)\" class=\"has-inline-color has-vivid-cyan-blue-color\">9h40<\/mark><\/td><td class=\"has-text-align-left\" data-align=\"left\"><mark style=\"background-color:rgba(0, 0, 0, 0)\" class=\"has-inline-color has-vivid-cyan-blue-color\">\u2013 <strong>Interven\u00e7\u00f5es de abertura<\/strong> \u2013 <br><\/mark><br><span class=\"ghostkit-text-uppercase\"><em>Se est\u00e1 tudo bem, porqu\u00ea e para qu\u00ea mudar?<\/em><br><\/span><mark style=\"background-color:rgba(0, 0, 0, 0)\" class=\"has-inline-color has-cyan-bluish-gray-color\">Prof. Joaquim Azevedo<\/mark><br><br><span class=\"ghostkit-text-uppercase\"><em>O carisma das Irm\u00e3s Doroteias continua a responder aos desafios que o mundo de hoje lan\u00e7a \u00e0 educa\u00e7\u00e3o?<\/em><br><\/span><mark style=\"background-color:rgba(0, 0, 0, 0)\" class=\"has-inline-color has-cyan-bluish-gray-color\">Irm\u00e3 L\u00facia Soares<\/mark><\/td><\/tr><tr><td><mark style=\"background-color:rgba(0, 0, 0, 0)\" class=\"has-inline-color has-vivid-cyan-blue-color\">10h00<\/mark><\/td><td class=\"has-text-align-left\" data-align=\"left\"><mark style=\"background-color:rgba(0, 0, 0, 0)\" class=\"has-inline-color has-vivid-cyan-blue-color\">\u2013 <strong>Mudan\u00e7a e melhoria da educa\u00e7\u00e3o<\/strong> \u2013 <br><\/mark><br><em><span class=\"ghostkit-text-uppercase\">Porque \u00e9 t\u00e3o dif\u00edcil mudar a escola?<\/span><\/em><br><mark style=\"background-color:rgba(0, 0, 0, 0)\" class=\"has-inline-color has-cyan-bluish-gray-color\">Maria Sousa Soares (CNSP)&nbsp;<\/mark><br><br><em><span class=\"ghostkit-text-uppercase\">Que cuidados ter na gest\u00e3o da inova\u00e7\u00e3o e da mudan\u00e7a?<\/span><\/em><br><mark style=\"background-color:rgba(0, 0, 0, 0)\" class=\"has-inline-color has-cyan-bluish-gray-color\">Teresa Casal (ISJ)<\/mark><br><br><em><span class=\"ghostkit-text-uppercase\">O que temos aprendido acerca do melhor modo de gerir a mudan\u00e7a e os processos de melhoria?<\/span><\/em><br><mark style=\"background-color:rgba(0, 0, 0, 0)\" class=\"has-inline-color has-cyan-bluish-gray-color\">Paula Machado (EP)<\/mark><\/td><\/tr><tr><td><mark style=\"background-color:rgba(0, 0, 0, 0)\" class=\"has-inline-color has-vivid-cyan-blue-color\">10h30<\/mark><\/td><td class=\"has-text-align-left\" data-align=\"left\"><mark style=\"background-color:rgba(0, 0, 0, 0)\" class=\"has-inline-color has-vivid-cyan-blue-color\">\u2013&nbsp;<strong>Integra\u00e7\u00e3o das \u00e1reas de inova\u00e7\u00e3o<\/strong> \u2013 <br><\/mark><br><span class=\"ghostkit-text-uppercase\"><em>Como temos feito a liga\u00e7\u00e3o entre as \u00e1reas de inova\u00e7\u00e3o?<\/em><br><\/span><mark style=\"background-color:rgba(0, 0, 0, 0)\" class=\"has-inline-color has-cyan-bluish-gray-color\">Leonor Menezes (CS)&nbsp;<br>Helena Vieira e Ana Monteiro (CNSP)&nbsp;<br>D\u00e9bora Andrade (OSPVI)<\/mark><\/td><\/tr><tr><td><mark style=\"background-color:rgba(0, 0, 0, 0)\" class=\"has-inline-color has-luminous-vivid-amber-color\">11h00<\/mark><\/td><td class=\"has-text-align-left\" data-align=\"left\"><em><mark style=\"background-color:rgba(0, 0, 0, 0)\" class=\"has-inline-color has-luminous-vivid-amber-color\">Coffee-break<\/mark><\/em><\/td><\/tr><tr><td><mark style=\"background-color:rgba(0, 0, 0, 0)\" class=\"has-inline-color has-vivid-cyan-blue-color\">11h30<\/mark><\/td><td class=\"has-text-align-left\" data-align=\"left\"><mark style=\"background-color:rgba(0, 0, 0, 0)\" class=\"has-inline-color has-vivid-cyan-blue-color\">\u2013 <strong>Participa\u00e7\u00e3o das crian\u00e7as<\/strong> \u2013<br><\/mark><br><span class=\"ghostkit-text-uppercase\"><em>Participa\u00e7\u00e3o das crian\u00e7as, um caminho exigente: o que \u00e9 que j\u00e1 aprendemos?<\/em><br><\/span><mark style=\"background-color:rgba(0, 0, 0, 0)\" class=\"has-inline-color has-cyan-bluish-gray-color\">Mafalda Fraz\u00e3o (EP)<br>Daniela Martinho (OSPVI)&nbsp;<\/mark><\/td><\/tr><tr><td><mark style=\"background-color:rgba(0, 0, 0, 0)\" class=\"has-inline-color has-vivid-cyan-blue-color\">11h45<\/mark><\/td><td class=\"has-text-align-left\" data-align=\"left\"><mark style=\"background-color:rgba(0, 0, 0, 0)\" class=\"has-inline-color has-vivid-cyan-blue-color\">\u2013 <strong>B\u00fassola 21: resultados e impactos nos alunos (com base nas perce\u00e7\u00f5es dos educadores e nas avalia\u00e7\u00f5es realizadas)<\/strong> \u2013 <br><\/mark><br><em><span class=\"ghostkit-text-uppercase\">Que resultados s\u00e3o j\u00e1 vis\u00edveis nas aprendizagens e no desenvolvimento dos nossos alunos?<\/span><\/em><br><mark style=\"background-color:rgba(0, 0, 0, 0)\" class=\"has-inline-color has-cyan-bluish-gray-color\">Sofia Fragoso (EP)<br>Marisa Marcelo (CS)<br>Paula Branco (CIC)<br>Ana Catarina Poeiras, Ana Lemos e Susana Nunes (CSD)<br>Rafaela Novo, Francisca Pereira e Rodrigo Andrade (CSD)<br>Raquel Louren\u00e7o (FIC)<br>Ana Patr\u00edcia Rodrigues e Dores Maciel (ISJ)<br>Kathy Silva (OSPVI)<\/mark><br><br><em><span class=\"ghostkit-text-uppercase\">Que resultados s\u00e3o j\u00e1 vis\u00edveis nas aprendizagens e no desenvolvimento dos nossos alunos?<\/span><\/em><br><mark style=\"background-color:rgba(0, 0, 0, 0)\" class=\"has-inline-color has-cyan-bluish-gray-color\">M\u00f3nica Nogueira Soares\u00a0e Isabel Cl\u00e1udia Nogueira (ENA) <\/mark> <\/td><\/tr><tr><td><mark style=\"background-color:rgba(0, 0, 0, 0)\" class=\"has-inline-color has-luminous-vivid-amber-color\">12h45<\/mark><\/td><td class=\"has-text-align-left\" data-align=\"left\"><mark style=\"background-color:rgba(0, 0, 0, 0)\" class=\"has-inline-color has-luminous-vivid-amber-color\">Almo\u00e7o<\/mark><\/td><\/tr><tr><td><mark style=\"background-color:rgba(0, 0, 0, 0)\" class=\"has-inline-color has-vivid-cyan-blue-color\">14h15<\/mark><\/td><td class=\"has-text-align-left\" data-align=\"left\"><mark style=\"background-color:rgba(0, 0, 0, 0)\" class=\"has-inline-color has-vivid-cyan-blue-color\">\u2013&nbsp;<strong>Comunica\u00e7\u00e3o das din\u00e2micas de inova\u00e7\u00e3o em curso<\/strong> \u2013 <br><\/mark><br><span class=\"ghostkit-text-uppercase\"><em>Como temos comunicado o B\u00fassola 21 aos professores, alunos e fam\u00edlias? O que \u00e9 preciso melhorar?<\/em><br><\/span><mark style=\"background-color:rgba(0, 0, 0, 0)\" class=\"has-inline-color has-cyan-bluish-gray-color\">F\u00e1tima Tarouca (FIC)<br>Maria In\u00eas Salgueiro (OSPVI)<br>Adriana Moreira (ISJ)<\/mark><br><br><span class=\"ghostkit-text-uppercase\"><em>Como temos comunicado o B\u00fassola 21 aos professores, alunos e fam\u00edlias? O que \u00e9 preciso melhorar?(perspetiva mais global)<\/em><br><\/span><mark style=\"background-color:rgba(0, 0, 0, 0)\" class=\"has-inline-color has-cyan-bluish-gray-color\">Pedro Jesus (EE)<\/mark><\/td><\/tr><tr><td><mark style=\"background-color:rgba(0, 0, 0, 0)\" class=\"has-inline-color has-vivid-cyan-blue-color\">14h45<\/mark><\/td><td class=\"has-text-align-left\" data-align=\"left\"><mark style=\"background-color:rgba(0, 0, 0, 0)\" class=\"has-inline-color has-vivid-cyan-blue-color\">\u2013 <strong>Lideran\u00e7as em transforma\u00e7\u00e3o<\/strong> \u2013 <br><\/mark><br><em><span class=\"ghostkit-text-uppercase\">Que lideran\u00e7as est\u00e1 a requerer o B\u00fassola 21? Como nos estamos a preparar para desafios t\u00e3o vastos e profundos?<\/span><\/em><br><mark style=\"background-color:rgba(0, 0, 0, 0)\" class=\"has-inline-color has-cyan-bluish-gray-color\">Paula Martins (CIC)&nbsp;<br>S\u00f3nia Cunha (CS)<br>Dina Pais e Sousa (EP)&nbsp;<\/mark><br><br><span class=\"ghostkit-text-uppercase\"><em>Que lideran\u00e7as est\u00e1 a requerer o B\u00fassola 21? Como nos estamos a preparar para desafios t\u00e3o vastos e profundos? (perspetiva mais global)<\/em><br><\/span><mark style=\"background-color:rgba(0, 0, 0, 0)\" class=\"has-inline-color has-cyan-bluish-gray-color\">Jos\u00e9 Lu\u00eds Gon\u00e7alves e Irm\u00e3 Margarida Ribeirinha (EE)<\/mark><\/td><\/tr><tr><td><mark style=\"background-color:rgba(0, 0, 0, 0)\" class=\"has-inline-color has-vivid-cyan-blue-color\">15h15<\/mark><\/td><td class=\"has-text-align-left\" data-align=\"left\"><mark style=\"background-color:rgba(0, 0, 0, 0)\" class=\"has-inline-color has-vivid-cyan-blue-color\"><strong>\u2013 Avalia\u00e7\u00e3o da inova\u00e7\u00e3o: aprender a avaliar para melhorar os processos e os resultados \u2013 <\/strong><br><\/mark><br><em><span class=\"ghostkit-text-uppercase\">Avaliar a inova\u00e7\u00e3o \u00e9 preciso: mas como deixar de ser sobrecarga e passar a ser um investimento?<\/span><\/em><br><mark style=\"background-color:rgba(0, 0, 0, 0)\" class=\"has-inline-color has-cyan-bluish-gray-color\">Jo\u00e3o Gouveia (ENA)&nbsp;<\/mark><\/td><\/tr><tr><td><mark style=\"background-color:rgba(0, 0, 0, 0)\" class=\"has-inline-color has-vivid-cyan-blue-color\">15h30<\/mark><\/td><td class=\"has-text-align-left\" data-align=\"left\"><mark style=\"background-color:rgba(0, 0, 0, 0)\" class=\"has-inline-color has-vivid-cyan-blue-color\">\u2013 <strong>Encerramento das Jornadas<\/strong> \u2013<br><\/mark><mark style=\"background-color:rgba(0, 0, 0, 0)\" class=\"has-inline-color has-cyan-bluish-gray-color\">Irm\u00e3 Margarida Ribeirinha<\/mark>&nbsp;<\/td><\/tr><\/tbody><\/table><\/figure>\n","protected":false},"excerpt":{"rendered":"<p>ENCONTRO NACIONAL 2023&nbsp;\u2013 B\u00daSSOLA 21 Programa \u2013 14 de julho de 2023 Hora Audit\u00f3rio&nbsp; 9h30 \u2013 Abertura das Jornadas \u2013 Irm\u00e3 L\u00facia Soares 9h40 \u2013 Interven\u00e7\u00f5es de abertura \u2013 Se est\u00e1 tudo bem, porqu\u00ea e para qu\u00ea mudar?Prof. Joaquim Azevedo O carisma das Irm\u00e3s Doroteias continua a responder aos desafios que o mundo de hoje [&hellip;]<\/p>\n","protected":false},"author":4,"featured_media":0,"parent":0,"menu_order":0,"comment_status":"closed","ping_status":"closed","template":"right-sidebar.php","meta":{"_uag_custom_page_level_css":"","ghostkit_customizer_options":"","ghostkit_custom_css":"","ghostkit_custom_js_head":"","ghostkit_custom_js_foot":"","ghostkit_typography":""},"uagb_featured_image_src":{"full":false,"thumbnail":false,"medium":false,"medium_large":false,"large":false,"1536x1536":false,"2048x2048":false},"uagb_author_info":{"display_name":"B\u00fassola 21","author_link":"https:\/\/irmasdoroteias.pt\/?author=4"},"uagb_comment_info":0,"uagb_excerpt":"ENCONTRO NACIONAL 2023&nbsp;\u2013 B\u00daSSOLA 21 Programa \u2013 14 de julho de 2023 Hora Audit\u00f3rio&nbsp; 9h30 \u2013 Abertura das Jornadas \u2013 Irm\u00e3 L\u00facia Soares 9h40 \u2013 Interven\u00e7\u00f5es de abertura \u2013 Se est\u00e1 tudo bem, porqu\u00ea e para qu\u00ea mudar?Prof. Joaquim Azevedo O carisma das Irm\u00e3s Doroteias continua a responder aos desafios que o mundo de hoje&hellip;","rttpg_featured_image_url":null,"rttpg_author":{"display_name":"B\u00fassola 21","author_link":"https:\/\/irmasdoroteias.pt\/?author=4"},"rttpg_comment":0,"rttpg_category":null,"rttpg_excerpt":"ENCONTRO NACIONAL 2023&nbsp;\u2013 B\u00daSSOLA 21 Programa \u2013 14 de julho de 2023 Hora Audit\u00f3rio&nbsp; 9h30 \u2013 Abertura das Jornadas \u2013 Irm\u00e3 L\u00facia Soares 9h40 \u2013 Interven\u00e7\u00f5es de abertura \u2013 Se est\u00e1 tudo bem, porqu\u00ea e para qu\u00ea mudar?Prof. Joaquim Azevedo O carisma das Irm\u00e3s Doroteias continua a responder aos desafios que o mundo de hoje&hellip;","post_mailing_queue_ids":[],"_links":{"self":[{"href":"https:\/\/irmasdoroteias.pt\/index.php?rest_route=\/wp\/v2\/pages\/3062"}],"collection":[{"href":"https:\/\/irmasdoroteias.pt\/index.php?rest_route=\/wp\/v2\/pages"}],"about":[{"href":"https:\/\/irmasdoroteias.pt\/index.php?rest_route=\/wp\/v2\/types\/page"}],"author":[{"embeddable":true,"href":"https:\/\/irmasdoroteias.pt\/index.php?rest_route=\/wp\/v2\/users\/4"}],"replies":[{"embeddable":true,"href":"https:\/\/irmasdoroteias.pt\/index.php?rest_route=%2Fwp%2Fv2%2Fcomments&post=3062"}],"version-history":[{"count":13,"href":"https:\/\/irmasdoroteias.pt\/index.php?rest_route=\/wp\/v2\/pages\/3062\/revisions"}],"predecessor-version":[{"id":4109,"href":"https:\/\/irmasdoroteias.pt\/index.php?rest_route=\/wp\/v2\/pages\/3062\/revisions\/4109"}],"wp:attachment":[{"href":"https:\/\/irmasdoroteias.pt\/index.php?rest_route=%2Fwp%2Fv2%2Fmedia&parent=3062"}],"curies":[{"name":"wp","href":"https:\/\/api.w.org\/{rel}","templated":true}]}}